{"id":1873,"date":"2024-03-11T11:14:48","date_gmt":"2024-03-11T11:14:48","guid":{"rendered":"http:\/\/saicex.org\/?page_id=1873"},"modified":"2024-03-11T11:25:31","modified_gmt":"2024-03-11T11:25:31","slug":"alergia-a-veneno-de-himenopteros","status":"publish","type":"page","link":"https:\/\/saicex.org\/?page_id=1873","title":{"rendered":"Alergia a veneno de himen\u00f3pteros"},"content":{"rendered":"\t\t<div data-elementor-type=\"wp-page\" data-elementor-id=\"1873\" class=\"elementor elementor-1873\">\n\t\t\t\t<div class=\"elementor-element elementor-element-fbc3ae7 e-flex e-con-boxed e-con e-parent\" data-id=\"fbc3ae7\" data-element_type=\"container\" data-settings=\"{&quot;content_width&quot;:&quot;boxed&quot;}\" data-core-v316-plus=\"true\">\n\t\t\t\t\t<div class=\"e-con-inner\">\n\t\t<div class=\"elementor-element elementor-element-e023053 e-con-full e-flex e-con e-child\" data-id=\"e023053\" data-element_type=\"container\" data-settings=\"{&quot;content_width&quot;:&quot;full&quot;}\">\n\t\t\t\t<div class=\"elementor-element elementor-element-66f764d flex-horizontal-align-default flex-horizontal-align-tablet-default flex-horizontal-align-mobile-default flex-vertical-align-default flex-vertical-align-tablet-default flex-vertical-align-mobile-default elementor-widget elementor-widget-thegem-styled-textbox\" data-id=\"66f764d\" data-element_type=\"widget\" data-settings=\"{&quot;thegem_elementor_preset&quot;:&quot;basic&quot;}\" data-widget_type=\"thegem-styled-textbox.default\">\n\t\t\t\t<div class=\"elementor-widget-container\">\n\t\t\t\n<div class=\"gem-textbox styled-textbox-basic\">\n\n\t\n\t\t<div class=\"gem-textbox-top gem-textbox-top-none default-fill\">\n\t\t\t\t\t<\/div>\n\t\n\t<div class=\"gem-textbox-inner\">\n\n\t\t<div class=\"gem-textbox-content default-background icon-top gem-textbox-icon-image-wrapping-none\">\n\n\t\t\t\t\t\t\t<div class=\"gem-texbox-icon-image-wrapper\">\n\n\t\t\t\t\t\t\t\t\t\t\t<div class=\"icon-top \">\n\t\t\t\t\t\t\t<div class=\"gem-textbox-icon\">\n\t\t\t\t\t\t\t\t<div class=\"elementor-icon\">\n\t\t\t\t\t\t\t\t\t\t\t\t\t\t\t\t\t<\/div>\n\t\t\t\t\t\t\t<\/div>\n\t\t\t\t\t\t<\/div>\n\t\t\t\t\t\n\t\t\t\t\t\n\t\t\t\t<\/div>\n\t\t\t\n\t\t\t<div class=\"gem-texbox-text-wrapper\">\n\n\t\t\t\t\t\t\t\t\t\n\t\t\t\t\t\n\t\t\t\t\t\t<div class=\"gem-textbox-description gem-text-output\">\n\t\t\t\t\t\t\t<p style=\"text-align: left\">Las picaduras de estos insectos (abejas y avispas) provocan en la mayor\u00eda de la poblaci\u00f3n una reacci\u00f3n en la piel con dolor, enrojecimiento y tumefacci\u00f3n que desaparece en relativamente poco tiempo.<\/p><p style=\"text-align: left\">No obstante, en algunas personas tras una picadura pueden sufrir reacciones graves que ocasionalmente pueden ser mortales. Tambi\u00e9n se pueden producir reacciones locales muy extensas pueden durar varios d\u00edas.<\/p><p style=\"text-align: left\">La mayor\u00eda de las reacciones sist\u00e9micas graves incluidas las mortales acontecen entre los 30-60 minutos tras la picadura.<\/p><p style=\"text-align: left\">El veneno de los himen\u00f3pteros es una compleja mezcla de sustancias y prote\u00ednas frente a las que producen la sensibilizaci\u00f3n del paciente en alguna de la picaduras y a partir de esta en las siguientes picadas se producen las reacciones.<\/p><p style=\"text-align: left\">La probabilidad de presentar una reacci\u00f3n al\u00e9rgica aumenta con cuanto m\u00e1s picaduras sufre un paciente a lo largo de su vida.<\/p>\t\t\t\t\t\t<\/div>\n\n\t\t\t\t\t\n\t\t\t\t\n\t\t\t\t\n\t\t\t<\/div>\n\n\t\t<\/div>\n\n\t<\/div>\n\n\t\n\t\t<div class=\"gem-textbox-bottom gem-textbox-bottom-none default-fill\">\n\t\t\t\t<\/div>\n\t\n\t\n<\/div>\n\t\t<\/div>\n\t\t\t\t<\/div>\n\t\t\t\t<\/div>\n\t\t<div class=\"elementor-element elementor-element-2f66459 e-con-full e-flex e-con e-child\" data-id=\"2f66459\" data-element_type=\"container\" data-settings=\"{&quot;content_width&quot;:&quot;full&quot;}\">\n\t\t\t\t<div class=\"elementor-element elementor-element-0198dcc flex-horizontal-align-default flex-horizontal-align-tablet-default flex-horizontal-align-mobile-default flex-vertical-align-default flex-vertical-align-tablet-default flex-vertical-align-mobile-default elementor-widget elementor-widget-thegem-styledimage\" data-id=\"0198dcc\" data-element_type=\"widget\" data-settings=\"{&quot;image&quot;:{&quot;url&quot;:&quot;http:\\\/\\\/saicex.org\\\/wp-content\\\/uploads\\\/2024\\\/03\\\/alergia-himenopteros.jpg&quot;,&quot;id&quot;:1877,&quot;size&quot;:&quot;&quot;,&quot;alt&quot;:&quot;&quot;,&quot;source&quot;:&quot;library&quot;},&quot;thegem_elementor_preset&quot;:&quot;default&quot;}\" data-widget_type=\"thegem-styledimage.default\">\n\t\t\t\t<div class=\"elementor-widget-container\">\n\t\t\t\n<div class=\"styled-image-wrapper\">\n\t\t\t<div class=\"gem-image gem-wrapbox gem-wrapbox-default gem-wrapbox-position-left  \">\n\t\t\t<div class=\"gem-wrapbox-inner \" >\n\t\t\t\t\t\t\t\t\t<img decoding=\"async\" class=\"gem-wrapbox-element img-responsive \"\n\t\t\t\t\t\t src=\"https:\/\/saicex.org\/wp-content\/uploads\/2024\/03\/alergia-himenopteros.jpg\"\n\t\t\t\t\t\t alt=\"alergia himenopteros\">\n\t\t\t\t\t\t\t\t<\/div>\n\t\t<\/div>\n\t\t<\/div>\n\n\n\t\n\t\t\t\t<\/div>\n\t\t\t\t<\/div>\n\t\t\t\t<\/div>\n\t\t\t\t\t<\/div>\n\t\t\t\t<\/div>\n\t\t<div class=\"elementor-element elementor-element-92b4d40 e-flex e-con-boxed e-con e-parent\" data-id=\"92b4d40\" data-element_type=\"container\" data-settings=\"{&quot;content_width&quot;:&quot;boxed&quot;}\" data-core-v316-plus=\"true\">\n\t\t\t\t\t<div class=\"e-con-inner\">\n\t\t<div class=\"elementor-element elementor-element-27d3146 e-con-full e-flex e-con e-child\" data-id=\"27d3146\" data-element_type=\"container\" data-settings=\"{&quot;content_width&quot;:&quot;full&quot;}\">\n\t\t\t\t<div class=\"elementor-element elementor-element-c5489cd flex-horizontal-align-default flex-horizontal-align-tablet-default flex-horizontal-align-mobile-default flex-vertical-align-default flex-vertical-align-tablet-default flex-vertical-align-mobile-default elementor-widget elementor-widget-thegem-styled-textbox\" data-id=\"c5489cd\" data-element_type=\"widget\" data-settings=\"{&quot;thegem_elementor_preset&quot;:&quot;basic&quot;}\" data-widget_type=\"thegem-styled-textbox.default\">\n\t\t\t\t<div class=\"elementor-widget-container\">\n\t\t\t\n<div class=\"gem-textbox styled-textbox-basic\">\n\n\t\n\t\t<div class=\"gem-textbox-top gem-textbox-top-none default-fill\">\n\t\t\t\t\t<\/div>\n\t\n\t<div class=\"gem-textbox-inner\">\n\n\t\t<div class=\"gem-textbox-content default-background icon-top gem-textbox-icon-image-wrapping-none\">\n\n\t\t\t\t\t\t\t<div class=\"gem-texbox-icon-image-wrapper\">\n\n\t\t\t\t\t\t\t\t\t\t\t<div class=\"icon-top \">\n\t\t\t\t\t\t\t<div class=\"gem-textbox-icon\">\n\t\t\t\t\t\t\t\t<div class=\"elementor-icon\">\n\t\t\t\t\t\t\t\t\t\t\t\t\t\t\t\t\t<\/div>\n\t\t\t\t\t\t\t<\/div>\n\t\t\t\t\t\t<\/div>\n\t\t\t\t\t\n\t\t\t\t\t\n\t\t\t\t<\/div>\n\t\t\t\n\t\t\t<div class=\"gem-texbox-text-wrapper\">\n\n\t\t\t\t\t\t\t\t\t\n\t\t\t\t\t\n\t\t\t\t\t\t<div class=\"gem-textbox-description gem-text-output\">\n\t\t\t\t\t\t\t<p style=\"text-align: left\">Tambi\u00e9n se producen sensibilizaciones subcl\u00ednicas, tras picaduras con reacciones normales. De esta manera, un correcto diagn\u00f3stico alergol\u00f3gico se hace necesario para la indicaci\u00f3n de inmunoterapia.<\/p><p style=\"text-align: left\">La eficacia de la inmunoterapia de himen\u00f3pteros es muy alta alrededor del 90% con una lata seguridad de los tratamientos.<\/p><p style=\"text-align: left\">Aproximadamente un 3% de la poblaci\u00f3n espa\u00f1ola tiene reacciones al\u00e9rgicas con afectaci\u00f3n sist\u00e9mica tras picaduras de himen\u00f3pteros. Son m\u00e1s frecuentes en las zonas rurales y de apicultura.<\/p>\t\t\t\t\t\t<\/div>\n\n\t\t\t\t\t\n\t\t\t\t\n\t\t\t\t\n\t\t\t<\/div>\n\n\t\t<\/div>\n\n\t<\/div>\n\n\t\n\t\t<div class=\"gem-textbox-bottom gem-textbox-bottom-none default-fill\">\n\t\t\t\t<\/div>\n\t\n\t\n<\/div>\n\t\t<\/div>\n\t\t\t\t<\/div>\n\t\t\t\t<\/div>\n\t\t<div class=\"elementor-element elementor-element-9148f94 e-con-full e-flex e-con e-child\" data-id=\"9148f94\" data-element_type=\"container\" data-settings=\"{&quot;content_width&quot;:&quot;full&quot;}\">\n\t\t\t\t<div class=\"elementor-element elementor-element-a34a97a flex-horizontal-align-default flex-horizontal-align-tablet-default flex-horizontal-align-mobile-default flex-vertical-align-default flex-vertical-align-tablet-default flex-vertical-align-mobile-default elementor-widget elementor-widget-thegem-styled-textbox\" data-id=\"a34a97a\" data-element_type=\"widget\" data-settings=\"{&quot;thegem_elementor_preset&quot;:&quot;basic&quot;}\" data-widget_type=\"thegem-styled-textbox.default\">\n\t\t\t\t<div class=\"elementor-widget-container\">\n\t\t\t\n<div class=\"gem-textbox styled-textbox-basic\">\n\n\t\n\t\t<div class=\"gem-textbox-top gem-textbox-top-none default-fill\">\n\t\t\t\t\t<\/div>\n\t\n\t<div class=\"gem-textbox-inner\">\n\n\t\t<div class=\"gem-textbox-content default-background icon-top gem-textbox-icon-image-wrapping-none\">\n\n\t\t\t\t\t\t\t<div class=\"gem-texbox-icon-image-wrapper\">\n\n\t\t\t\t\t\t\t\t\t\t\t<div class=\"icon-top \">\n\t\t\t\t\t\t\t<div class=\"gem-textbox-icon\">\n\t\t\t\t\t\t\t\t<div class=\"elementor-icon\">\n\t\t\t\t\t\t\t\t\t\t\t\t\t\t\t\t\t<\/div>\n\t\t\t\t\t\t\t<\/div>\n\t\t\t\t\t\t<\/div>\n\t\t\t\t\t\n\t\t\t\t\t\n\t\t\t\t<\/div>\n\t\t\t\n\t\t\t<div class=\"gem-texbox-text-wrapper\">\n\n\t\t\t\t\t\t\t\t\t\n\t\t\t\t\t\n\t\t\t\t\t\t<div class=\"gem-textbox-description gem-text-output\">\n\t\t\t\t\t\t\t<p style=\"text-align: left\">Se producen m\u00e1s picaduras en los meses de calor por la mayor actividad de las abejas y avispas y porque se realiza mayor actividad en el exterior. En caso de que se pose alguno sobre nosotros se recomienda no hacer aspavientos y permaneces quieto aunque esto no sea una garant\u00eda para evitar una posible picadura.<\/p><p style=\"text-align: left\">S\u00ed hemos sufrido una picadura debemos lavar la zona con agua y jab\u00f3n y aplicar fr\u00edo en la zona. En caso de ser una abeja y haber dejado el aguij\u00f3n se recomienda retirarlo con cuidado sin presionar.<\/p><p style=\"text-align: left\">Para los pacientes al\u00e9rgicos diagnosticado deben seguir las instrucciones de sus alerg\u00f3logos y tomar el tratamiento recomendado en funci\u00f3n de los s\u00edntomas que presenten.<\/p>\t\t\t\t\t\t<\/div>\n\n\t\t\t\t\t\n\t\t\t\t\n\t\t\t\t\n\t\t\t<\/div>\n\n\t\t<\/div>\n\n\t<\/div>\n\n\t\n\t\t<div class=\"gem-textbox-bottom gem-textbox-bottom-none default-fill\">\n\t\t\t\t<\/div>\n\t\n\t\n<\/div>\n\t\t<\/div>\n\t\t\t\t<\/div>\n\t\t\t\t<\/div>\n\t\t\t\t\t<\/div>\n\t\t\t\t<\/div>\n\t\t\t\t<\/div>\n\t\t","protected":false},"excerpt":{"rendered":"<p>Las picaduras de estos insectos (abejas y avispas) provocan en la mayor\u00eda de la poblaci\u00f3n una reacci\u00f3n en la piel&#8230;<\/p>\n","protected":false},"author":1,"featured_media":0,"parent":0,"menu_order":0,"comment_status":"closed","ping_status":"closed","template":"","meta":{"footnotes":""},"class_list":["post-1873","page","type-page","status-publish"],"yoast_head":"<!-- This site is optimized with the Yoast SEO plugin v22.0 - https:\/\/yoast.com\/wordpress\/plugins\/seo\/ -->\n<title>Alergia a veneno de himen\u00f3pteros - Saicex<\/title>\n<meta name=\"robots\" content=\"index, follow, max-snippet:-1, max-image-preview:large, max-video-preview:-1\" \/>\n<link rel=\"canonical\" href=\"https:\/\/saicex.org\/?page_id=1873\" \/>\n<meta property=\"og:locale\" content=\"es_ES\" \/>\n<meta property=\"og:type\" content=\"article\" \/>\n<meta property=\"og:title\" content=\"Alergia a veneno de himen\u00f3pteros - Saicex\" \/>\n<meta property=\"og:description\" content=\"Las picaduras de estos insectos (abejas y avispas) provocan en la mayor\u00eda de la poblaci\u00f3n una reacci\u00f3n en la piel...\" \/>\n<meta property=\"og:url\" content=\"https:\/\/saicex.org\/?page_id=1873\" \/>\n<meta property=\"og:site_name\" content=\"Saicex\" \/>\n<meta property=\"article:modified_time\" content=\"2024-03-11T11:25:31+00:00\" \/>\n<meta name=\"twitter:card\" content=\"summary_large_image\" \/>\n<meta name=\"twitter:label1\" content=\"Tiempo de lectura\" \/>\n\t<meta name=\"twitter:data1\" content=\"2 minutos\" \/>\n<script type=\"application\/ld+json\" class=\"yoast-schema-graph\">{\"@context\":\"https:\/\/schema.org\",\"@graph\":[{\"@type\":\"WebPage\",\"@id\":\"https:\/\/saicex.org\/?page_id=1873\",\"url\":\"https:\/\/saicex.org\/?page_id=1873\",\"name\":\"Alergia a veneno de himen\u00f3pteros - Saicex\",\"isPartOf\":{\"@id\":\"https:\/\/saicex.org\/#website\"},\"datePublished\":\"2024-03-11T11:14:48+00:00\",\"dateModified\":\"2024-03-11T11:25:31+00:00\",\"breadcrumb\":{\"@id\":\"https:\/\/saicex.org\/?page_id=1873#breadcrumb\"},\"inLanguage\":\"es\",\"potentialAction\":[{\"@type\":\"ReadAction\",\"target\":[\"https:\/\/saicex.org\/?page_id=1873\"]}]},{\"@type\":\"BreadcrumbList\",\"@id\":\"https:\/\/saicex.org\/?page_id=1873#breadcrumb\",\"itemListElement\":[{\"@type\":\"ListItem\",\"position\":1,\"name\":\"Portada\",\"item\":\"https:\/\/saicex.org\/\"},{\"@type\":\"ListItem\",\"position\":2,\"name\":\"Alergia a veneno de himen\u00f3pteros\"}]},{\"@type\":\"WebSite\",\"@id\":\"https:\/\/saicex.org\/#website\",\"url\":\"https:\/\/saicex.org\/\",\"name\":\"Saicex\",\"description\":\"\",\"potentialAction\":[{\"@type\":\"SearchAction\",\"target\":{\"@type\":\"EntryPoint\",\"urlTemplate\":\"https:\/\/saicex.org\/?s={search_term_string}\"},\"query-input\":\"required name=search_term_string\"}],\"inLanguage\":\"es\"}]}<\/script>\n<!-- \/ Yoast SEO plugin. -->","yoast_head_json":{"title":"Alergia a veneno de himen\u00f3pteros - Saicex","robots":{"index":"index","follow":"follow","max-snippet":"max-snippet:-1","max-image-preview":"max-image-preview:large","max-video-preview":"max-video-preview:-1"},"canonical":"https:\/\/saicex.org\/?page_id=1873","og_locale":"es_ES","og_type":"article","og_title":"Alergia a veneno de himen\u00f3pteros - Saicex","og_description":"Las picaduras de estos insectos (abejas y avispas) provocan en la mayor\u00eda de la poblaci\u00f3n una reacci\u00f3n en la piel...","og_url":"https:\/\/saicex.org\/?page_id=1873","og_site_name":"Saicex","article_modified_time":"2024-03-11T11:25:31+00:00","twitter_card":"summary_large_image","twitter_misc":{"Tiempo de lectura":"2 minutos"},"schema":{"@context":"https:\/\/schema.org","@graph":[{"@type":"WebPage","@id":"https:\/\/saicex.org\/?page_id=1873","url":"https:\/\/saicex.org\/?page_id=1873","name":"Alergia a veneno de himen\u00f3pteros - Saicex","isPartOf":{"@id":"https:\/\/saicex.org\/#website"},"datePublished":"2024-03-11T11:14:48+00:00","dateModified":"2024-03-11T11:25:31+00:00","breadcrumb":{"@id":"https:\/\/saicex.org\/?page_id=1873#breadcrumb"},"inLanguage":"es","potentialAction":[{"@type":"ReadAction","target":["https:\/\/saicex.org\/?page_id=1873"]}]},{"@type":"BreadcrumbList","@id":"https:\/\/saicex.org\/?page_id=1873#breadcrumb","itemListElement":[{"@type":"ListItem","position":1,"name":"Portada","item":"https:\/\/saicex.org\/"},{"@type":"ListItem","position":2,"name":"Alergia a veneno de himen\u00f3pteros"}]},{"@type":"WebSite","@id":"https:\/\/saicex.org\/#website","url":"https:\/\/saicex.org\/","name":"Saicex","description":"","potentialAction":[{"@type":"SearchAction","target":{"@type":"EntryPoint","urlTemplate":"https:\/\/saicex.org\/?s={search_term_string}"},"query-input":"required name=search_term_string"}],"inLanguage":"es"}]}},"_links":{"self":[{"href":"https:\/\/saicex.org\/index.php?rest_route=\/wp\/v2\/pages\/1873","targetHints":{"allow":["GET"]}}],"collection":[{"href":"https:\/\/saicex.org\/index.php?rest_route=\/wp\/v2\/pages"}],"about":[{"href":"https:\/\/saicex.org\/index.php?rest_route=\/wp\/v2\/types\/page"}],"author":[{"embeddable":true,"href":"https:\/\/saicex.org\/index.php?rest_route=\/wp\/v2\/users\/1"}],"replies":[{"embeddable":true,"href":"https:\/\/saicex.org\/index.php?rest_route=%2Fwp%2Fv2%2Fcomments&post=1873"}],"version-history":[{"count":6,"href":"https:\/\/saicex.org\/index.php?rest_route=\/wp\/v2\/pages\/1873\/revisions"}],"predecessor-version":[{"id":1971,"href":"https:\/\/saicex.org\/index.php?rest_route=\/wp\/v2\/pages\/1873\/revisions\/1971"}],"wp:attachment":[{"href":"https:\/\/saicex.org\/index.php?rest_route=%2Fwp%2Fv2%2Fmedia&parent=1873"}],"curies":[{"name":"wp","href":"https:\/\/api.w.org\/{rel}","templated":true}]}}