{"id":1865,"date":"2024-03-11T10:51:09","date_gmt":"2024-03-11T10:51:09","guid":{"rendered":"http:\/\/saicex.org\/?page_id=1865"},"modified":"2024-03-11T11:11:51","modified_gmt":"2024-03-11T11:11:51","slug":"dermatitis","status":"publish","type":"page","link":"https:\/\/saicex.org\/?page_id=1865","title":{"rendered":"Dermatitis"},"content":{"rendered":"\t\t<div data-elementor-type=\"wp-page\" data-elementor-id=\"1865\" class=\"elementor elementor-1865\">\n\t\t\t\t<div class=\"elementor-element elementor-element-fbc3ae7 e-flex e-con-boxed e-con e-parent\" data-id=\"fbc3ae7\" data-element_type=\"container\" data-settings=\"{&quot;content_width&quot;:&quot;boxed&quot;}\" data-core-v316-plus=\"true\">\n\t\t\t\t\t<div class=\"e-con-inner\">\n\t\t<div class=\"elementor-element elementor-element-e023053 e-con-full e-flex e-con e-child\" data-id=\"e023053\" data-element_type=\"container\" data-settings=\"{&quot;content_width&quot;:&quot;full&quot;}\">\n\t\t\t\t<div class=\"elementor-element elementor-element-66f764d flex-horizontal-align-default flex-horizontal-align-tablet-default flex-horizontal-align-mobile-default flex-vertical-align-default flex-vertical-align-tablet-default flex-vertical-align-mobile-default elementor-widget elementor-widget-thegem-styled-textbox\" data-id=\"66f764d\" data-element_type=\"widget\" data-settings=\"{&quot;thegem_elementor_preset&quot;:&quot;basic&quot;}\" data-widget_type=\"thegem-styled-textbox.default\">\n\t\t\t\t<div class=\"elementor-widget-container\">\n\t\t\t\n<div class=\"gem-textbox styled-textbox-basic\">\n\n\t\n\t\t<div class=\"gem-textbox-top gem-textbox-top-none default-fill\">\n\t\t\t\t\t<\/div>\n\t\n\t<div class=\"gem-textbox-inner\">\n\n\t\t<div class=\"gem-textbox-content default-background icon-top gem-textbox-icon-image-wrapping-none\">\n\n\t\t\t\t\t\t\t<div class=\"gem-texbox-icon-image-wrapper\">\n\n\t\t\t\t\t\t\t\t\t\t\t<div class=\"icon-top \">\n\t\t\t\t\t\t\t<div class=\"gem-textbox-icon\">\n\t\t\t\t\t\t\t\t<div class=\"elementor-icon\">\n\t\t\t\t\t\t\t\t\t\t\t\t\t\t\t\t\t<\/div>\n\t\t\t\t\t\t\t<\/div>\n\t\t\t\t\t\t<\/div>\n\t\t\t\t\t\n\t\t\t\t\t\n\t\t\t\t<\/div>\n\t\t\t\n\t\t\t<div class=\"gem-texbox-text-wrapper\">\n\n\t\t\t\t\t\t\t\t\t\n\t\t\t\t\t\n\t\t\t\t\t\t<div class=\"gem-textbox-description gem-text-output\">\n\t\t\t\t\t\t\t<p style=\"text-align: left\"><strong>Dermatitis at\u00f3pica<\/strong><\/p><p style=\"text-align: left\">Es una enfermedad inflamatoria cr\u00f3nica de la piel que evoluciona con brotes, que se acompa\u00f1a caracter\u00edsticamente de prurito y\u00a0lesiones eccematosas junto con la sequedad cut\u00e1nea. Se estima que su prevalencia se ha doblado en los \u00faltimos a\u00f1os, mostr\u00e1ndose cada vez m\u00e1s presenta en nuestras consultas.<\/p><p style=\"text-align: left\">Afecta a la calidad de vida provocando despertar nocturno y p\u00e9rdida de atenci\u00f3n en el colegio en los ni\u00f1os donde surgen con mayor frecuencia, llegando al 20% de la poblaci\u00f3n escolar.<\/p><p style=\"text-align: left\">Debido al picor y la reactividad cut\u00e1nea son frecuentes las lesiones de rascado.\u00a0Hay una base inmunol\u00f3gica donde influyen factores ambientales y\u00a0alteraciones en la barrera de la piel.<\/p><p style=\"text-align: left\">El diagn\u00f3stico se basa fundamentalmente en criterios cl\u00ednicos con una historia cl\u00ednica detallada en los antecedentes personales y familiares de atopia. El diagn\u00f3stico en la edad adulta presenta mayor dificultad que cuando aparece en la infancia.<\/p><p style=\"text-align: left\">En muchos pacientes la dermatitis at\u00f3pica no se presenta de forma aislada, sino que forma parte de la \u201cmarcha at\u00f3pica\u201d junto con rinoconjuntivitis, asma al\u00e9rgica y\/o alergia alimentaria. Por esto son los especialistas en Alergolog\u00eda los m\u00e1s indicados para el manejo de esta patalog\u00eda.<\/p><p style=\"text-align: left\">Existen factores desencadenantes de brotes de dermatitis at\u00f3pica:<\/p><ul><li style=\"text-align: left\">Temperaturas elevadas y la sequedad aumentan la irritaci\u00f3n<\/li><li style=\"text-align: left\">Desequilibrios emocionales influyen en los brotes de dermatitis at\u00f3pica<\/li><li style=\"text-align: left\">Es frecuente la detecci\u00f3n de IgE espec\u00edfica a alimentos, en muchos casos sin trascendencia cl\u00ednica, deber\u00e1 ser el alerg\u00f3logo quien determine el mejor manejo de estas situaciones.<\/li><li style=\"text-align: left\">Son frecuentes las sobreinfecciones cut\u00e1neas.<\/li><li style=\"text-align: left\">Los \u00e1caros son los principales aeroal\u00e9rgenos con los que se ha relacionado la dermatitis at\u00f3pica<\/li><\/ul>\t\t\t\t\t\t<\/div>\n\n\t\t\t\t\t\n\t\t\t\t\n\t\t\t\t\n\t\t\t<\/div>\n\n\t\t<\/div>\n\n\t<\/div>\n\n\t\n\t\t<div class=\"gem-textbox-bottom gem-textbox-bottom-none default-fill\">\n\t\t\t\t<\/div>\n\t\n\t\n<\/div>\n\t\t<\/div>\n\t\t\t\t<\/div>\n\t\t\t\t<\/div>\n\t\t<div class=\"elementor-element elementor-element-2f66459 e-con-full e-flex e-con e-child\" data-id=\"2f66459\" data-element_type=\"container\" data-settings=\"{&quot;content_width&quot;:&quot;full&quot;}\">\n\t\t\t\t<div class=\"elementor-element elementor-element-0198dcc flex-horizontal-align-default flex-horizontal-align-tablet-default flex-horizontal-align-mobile-default flex-vertical-align-default flex-vertical-align-tablet-default flex-vertical-align-mobile-default elementor-widget elementor-widget-thegem-styledimage\" data-id=\"0198dcc\" data-element_type=\"widget\" data-settings=\"{&quot;image&quot;:{&quot;url&quot;:&quot;http:\\\/\\\/saicex.org\\\/wp-content\\\/uploads\\\/2024\\\/03\\\/Dermatitis1.jpg&quot;,&quot;id&quot;:1868,&quot;size&quot;:&quot;&quot;,&quot;alt&quot;:&quot;&quot;,&quot;source&quot;:&quot;library&quot;},&quot;thegem_elementor_preset&quot;:&quot;default&quot;}\" data-widget_type=\"thegem-styledimage.default\">\n\t\t\t\t<div class=\"elementor-widget-container\">\n\t\t\t\n<div class=\"styled-image-wrapper\">\n\t\t\t<div class=\"gem-image gem-wrapbox gem-wrapbox-default gem-wrapbox-position-left  \">\n\t\t\t<div class=\"gem-wrapbox-inner \" >\n\t\t\t\t\t\t\t\t\t<img decoding=\"async\" class=\"gem-wrapbox-element img-responsive \"\n\t\t\t\t\t\t src=\"https:\/\/saicex.org\/wp-content\/uploads\/2024\/03\/Dermatitis1.jpg\"\n\t\t\t\t\t\t alt=\"Dermatitis1\">\n\t\t\t\t\t\t\t\t<\/div>\n\t\t<\/div>\n\t\t<\/div>\n\n\n\t\n\t\t\t\t<\/div>\n\t\t\t\t<\/div>\n\t\t\t\t<\/div>\n\t\t\t\t\t<\/div>\n\t\t\t\t<\/div>\n\t\t<div class=\"elementor-element elementor-element-06a5c27 e-flex e-con-boxed e-con e-parent\" data-id=\"06a5c27\" data-element_type=\"container\" data-settings=\"{&quot;content_width&quot;:&quot;boxed&quot;}\" data-core-v316-plus=\"true\">\n\t\t\t\t\t<div class=\"e-con-inner\">\n\t\t<div class=\"elementor-element elementor-element-8727e01 e-con-full e-flex e-con e-child\" data-id=\"8727e01\" data-element_type=\"container\" data-settings=\"{&quot;content_width&quot;:&quot;full&quot;}\">\n\t\t\t\t<div class=\"elementor-element elementor-element-0af7fc7 flex-horizontal-align-default flex-horizontal-align-tablet-default flex-horizontal-align-mobile-default flex-vertical-align-default flex-vertical-align-tablet-default flex-vertical-align-mobile-default elementor-widget elementor-widget-thegem-styled-textbox\" data-id=\"0af7fc7\" data-element_type=\"widget\" data-settings=\"{&quot;thegem_elementor_preset&quot;:&quot;basic&quot;}\" data-widget_type=\"thegem-styled-textbox.default\">\n\t\t\t\t<div class=\"elementor-widget-container\">\n\t\t\t\n<div class=\"gem-textbox styled-textbox-basic\">\n\n\t\n\t\t<div class=\"gem-textbox-top gem-textbox-top-none default-fill\">\n\t\t\t\t\t<\/div>\n\t\n\t<div class=\"gem-textbox-inner\">\n\n\t\t<div class=\"gem-textbox-content default-background icon-top gem-textbox-icon-image-wrapping-none\">\n\n\t\t\t\t\t\t\t<div class=\"gem-texbox-icon-image-wrapper\">\n\n\t\t\t\t\t\t\t\t\t\t\t<div class=\"icon-top \">\n\t\t\t\t\t\t\t<div class=\"gem-textbox-icon\">\n\t\t\t\t\t\t\t\t<div class=\"elementor-icon\">\n\t\t\t\t\t\t\t\t\t\t\t\t\t\t\t\t\t<\/div>\n\t\t\t\t\t\t\t<\/div>\n\t\t\t\t\t\t<\/div>\n\t\t\t\t\t\n\t\t\t\t\t\n\t\t\t\t<\/div>\n\t\t\t\n\t\t\t<div class=\"gem-texbox-text-wrapper\">\n\n\t\t\t\t\t\t\t\t\t\n\t\t\t\t\t\n\t\t\t\t\t\t<div class=\"gem-textbox-description gem-text-output\">\n\t\t\t\t\t\t\t<p style=\"text-align: left\"><strong>Dermatitis de contacto<\/strong><\/p><p style=\"text-align: left\">Se trata de procesos inflamatorios polimorfos que ocurren en la piel por el contacto con agentes ex\u00f3genos. Esencialmente podemos distinguir:<\/p><p style=\"text-align: left\"><strong>a) Dermatitis de contacto irritativa: <\/strong>Causada por el da\u00f1o directo del t\u00f3xico, como los irritantes de detergentes o jabones y que se desarrolla en todos los individuos si son sometidos a la cantidad y tiempo suficiente.<\/p><p style=\"text-align: left\"><strong>b) Dermatitis de contacto al\u00e9rgica: <\/strong>Afecta a individuos susceptibles y es mediado por linfocitos T por mecanismos de hipersensibilidad tard\u00eda.<\/p><p style=\"text-align: left\"><strong>c) Dermatitis por fotosensibilidad: <\/strong>Incluyendo la fotosensibilidad por mecanismos inmunol\u00f3gicos que precisan de la exposici\u00f3n solar y la fototoxicidad por mecanismo no inmunol\u00f3gico.<\/p><p>\u00a0<\/p><p style=\"text-align: left\">La pruebas epicut\u00e1neas son el procedimiento de elecci\u00f3n para el estudio de estos pacientes. En Alergolog\u00eda disponemos de numerosos contactantes para el estudio de los pacientes.<\/p>\t\t\t\t\t\t<\/div>\n\n\t\t\t\t\t\n\t\t\t\t\n\t\t\t\t\n\t\t\t<\/div>\n\n\t\t<\/div>\n\n\t<\/div>\n\n\t\n\t\t<div class=\"gem-textbox-bottom gem-textbox-bottom-none default-fill\">\n\t\t\t\t<\/div>\n\t\n\t\n<\/div>\n\t\t<\/div>\n\t\t\t\t<\/div>\n\t\t\t\t<\/div>\n\t\t<div class=\"elementor-element elementor-element-57d754c e-con-full e-flex e-con e-child\" data-id=\"57d754c\" data-element_type=\"container\" data-settings=\"{&quot;content_width&quot;:&quot;full&quot;}\">\n\t\t\t\t<div class=\"elementor-element elementor-element-f47c077 flex-horizontal-align-default flex-horizontal-align-tablet-default flex-horizontal-align-mobile-default flex-vertical-align-default flex-vertical-align-tablet-default flex-vertical-align-mobile-default elementor-widget elementor-widget-thegem-styledimage\" data-id=\"f47c077\" data-element_type=\"widget\" data-settings=\"{&quot;image&quot;:{&quot;url&quot;:&quot;http:\\\/\\\/saicex.org\\\/wp-content\\\/uploads\\\/2024\\\/03\\\/Dermatitis2.jpg&quot;,&quot;id&quot;:1869,&quot;size&quot;:&quot;&quot;,&quot;alt&quot;:&quot;&quot;,&quot;source&quot;:&quot;library&quot;},&quot;thegem_elementor_preset&quot;:&quot;default&quot;}\" data-widget_type=\"thegem-styledimage.default\">\n\t\t\t\t<div class=\"elementor-widget-container\">\n\t\t\t\n<div class=\"styled-image-wrapper\">\n\t\t\t<div class=\"gem-image gem-wrapbox gem-wrapbox-default gem-wrapbox-position-left  \">\n\t\t\t<div class=\"gem-wrapbox-inner \" >\n\t\t\t\t\t\t\t\t\t<img decoding=\"async\" class=\"gem-wrapbox-element img-responsive \"\n\t\t\t\t\t\t src=\"https:\/\/saicex.org\/wp-content\/uploads\/2024\/03\/Dermatitis2.jpg\"\n\t\t\t\t\t\t alt=\"Dermatitis2\">\n\t\t\t\t\t\t\t\t<\/div>\n\t\t<\/div>\n\t\t<\/div>\n\n\n\t\n\t\t\t\t<\/div>\n\t\t\t\t<\/div>\n\t\t\t\t<\/div>\n\t\t\t\t\t<\/div>\n\t\t\t\t<\/div>\n\t\t\t\t<\/div>\n\t\t","protected":false},"excerpt":{"rendered":"<p>Dermatitis at\u00f3pica Es una enfermedad inflamatoria cr\u00f3nica de la piel que evoluciona con brotes, que se acompa\u00f1a caracter\u00edsticamente de prurito&#8230;<\/p>\n","protected":false},"author":1,"featured_media":0,"parent":0,"menu_order":0,"comment_status":"closed","ping_status":"closed","template":"page-fullwidth.php","meta":{"footnotes":""},"class_list":["post-1865","page","type-page","status-publish"],"yoast_head":"<!-- This site is optimized with the Yoast SEO plugin v22.0 - https:\/\/yoast.com\/wordpress\/plugins\/seo\/ -->\n<title>Dermatitis - Saicex<\/title>\n<meta name=\"robots\" content=\"index, follow, max-snippet:-1, max-image-preview:large, max-video-preview:-1\" \/>\n<link rel=\"canonical\" href=\"https:\/\/saicex.org\/?page_id=1865\" \/>\n<meta property=\"og:locale\" content=\"es_ES\" \/>\n<meta property=\"og:type\" content=\"article\" \/>\n<meta property=\"og:title\" content=\"Dermatitis - Saicex\" \/>\n<meta property=\"og:description\" content=\"Dermatitis at\u00f3pica Es una enfermedad inflamatoria cr\u00f3nica de la piel que evoluciona con brotes, que se acompa\u00f1a caracter\u00edsticamente de prurito...\" \/>\n<meta property=\"og:url\" content=\"https:\/\/saicex.org\/?page_id=1865\" \/>\n<meta property=\"og:site_name\" content=\"Saicex\" \/>\n<meta property=\"article:modified_time\" content=\"2024-03-11T11:11:51+00:00\" \/>\n<meta name=\"twitter:card\" content=\"summary_large_image\" \/>\n<meta name=\"twitter:label1\" content=\"Tiempo de lectura\" \/>\n\t<meta name=\"twitter:data1\" content=\"2 minutos\" \/>\n<script type=\"application\/ld+json\" class=\"yoast-schema-graph\">{\"@context\":\"https:\/\/schema.org\",\"@graph\":[{\"@type\":\"WebPage\",\"@id\":\"https:\/\/saicex.org\/?page_id=1865\",\"url\":\"https:\/\/saicex.org\/?page_id=1865\",\"name\":\"Dermatitis - Saicex\",\"isPartOf\":{\"@id\":\"https:\/\/saicex.org\/#website\"},\"datePublished\":\"2024-03-11T10:51:09+00:00\",\"dateModified\":\"2024-03-11T11:11:51+00:00\",\"breadcrumb\":{\"@id\":\"https:\/\/saicex.org\/?page_id=1865#breadcrumb\"},\"inLanguage\":\"es\",\"potentialAction\":[{\"@type\":\"ReadAction\",\"target\":[\"https:\/\/saicex.org\/?page_id=1865\"]}]},{\"@type\":\"BreadcrumbList\",\"@id\":\"https:\/\/saicex.org\/?page_id=1865#breadcrumb\",\"itemListElement\":[{\"@type\":\"ListItem\",\"position\":1,\"name\":\"Portada\",\"item\":\"https:\/\/saicex.org\/\"},{\"@type\":\"ListItem\",\"position\":2,\"name\":\"Dermatitis\"}]},{\"@type\":\"WebSite\",\"@id\":\"https:\/\/saicex.org\/#website\",\"url\":\"https:\/\/saicex.org\/\",\"name\":\"Saicex\",\"description\":\"\",\"potentialAction\":[{\"@type\":\"SearchAction\",\"target\":{\"@type\":\"EntryPoint\",\"urlTemplate\":\"https:\/\/saicex.org\/?s={search_term_string}\"},\"query-input\":\"required name=search_term_string\"}],\"inLanguage\":\"es\"}]}<\/script>\n<!-- \/ Yoast SEO plugin. -->","yoast_head_json":{"title":"Dermatitis - Saicex","robots":{"index":"index","follow":"follow","max-snippet":"max-snippet:-1","max-image-preview":"max-image-preview:large","max-video-preview":"max-video-preview:-1"},"canonical":"https:\/\/saicex.org\/?page_id=1865","og_locale":"es_ES","og_type":"article","og_title":"Dermatitis - Saicex","og_description":"Dermatitis at\u00f3pica Es una enfermedad inflamatoria cr\u00f3nica de la piel que evoluciona con brotes, que se acompa\u00f1a caracter\u00edsticamente de prurito...","og_url":"https:\/\/saicex.org\/?page_id=1865","og_site_name":"Saicex","article_modified_time":"2024-03-11T11:11:51+00:00","twitter_card":"summary_large_image","twitter_misc":{"Tiempo de lectura":"2 minutos"},"schema":{"@context":"https:\/\/schema.org","@graph":[{"@type":"WebPage","@id":"https:\/\/saicex.org\/?page_id=1865","url":"https:\/\/saicex.org\/?page_id=1865","name":"Dermatitis - Saicex","isPartOf":{"@id":"https:\/\/saicex.org\/#website"},"datePublished":"2024-03-11T10:51:09+00:00","dateModified":"2024-03-11T11:11:51+00:00","breadcrumb":{"@id":"https:\/\/saicex.org\/?page_id=1865#breadcrumb"},"inLanguage":"es","potentialAction":[{"@type":"ReadAction","target":["https:\/\/saicex.org\/?page_id=1865"]}]},{"@type":"BreadcrumbList","@id":"https:\/\/saicex.org\/?page_id=1865#breadcrumb","itemListElement":[{"@type":"ListItem","position":1,"name":"Portada","item":"https:\/\/saicex.org\/"},{"@type":"ListItem","position":2,"name":"Dermatitis"}]},{"@type":"WebSite","@id":"https:\/\/saicex.org\/#website","url":"https:\/\/saicex.org\/","name":"Saicex","description":"","potentialAction":[{"@type":"SearchAction","target":{"@type":"EntryPoint","urlTemplate":"https:\/\/saicex.org\/?s={search_term_string}"},"query-input":"required name=search_term_string"}],"inLanguage":"es"}]}},"_links":{"self":[{"href":"https:\/\/saicex.org\/index.php?rest_route=\/wp\/v2\/pages\/1865","targetHints":{"allow":["GET"]}}],"collection":[{"href":"https:\/\/saicex.org\/index.php?rest_route=\/wp\/v2\/pages"}],"about":[{"href":"https:\/\/saicex.org\/index.php?rest_route=\/wp\/v2\/types\/page"}],"author":[{"embeddable":true,"href":"https:\/\/saicex.org\/index.php?rest_route=\/wp\/v2\/users\/1"}],"replies":[{"embeddable":true,"href":"https:\/\/saicex.org\/index.php?rest_route=%2Fwp%2Fv2%2Fcomments&post=1865"}],"version-history":[{"count":4,"href":"https:\/\/saicex.org\/index.php?rest_route=\/wp\/v2\/pages\/1865\/revisions"}],"predecessor-version":[{"id":1872,"href":"https:\/\/saicex.org\/index.php?rest_route=\/wp\/v2\/pages\/1865\/revisions\/1872"}],"wp:attachment":[{"href":"https:\/\/saicex.org\/index.php?rest_route=%2Fwp%2Fv2%2Fmedia&parent=1865"}],"curies":[{"name":"wp","href":"https:\/\/api.w.org\/{rel}","templated":true}]}}