{"id":1809,"date":"2024-03-07T11:00:15","date_gmt":"2024-03-07T11:00:15","guid":{"rendered":"http:\/\/saicex.org\/?page_id=1809"},"modified":"2024-03-07T11:49:41","modified_gmt":"2024-03-07T11:49:41","slug":"alergia-al-latex","status":"publish","type":"page","link":"https:\/\/saicex.org\/?page_id=1809","title":{"rendered":"Alergia al l\u00e1tex"},"content":{"rendered":"\t\t<div data-elementor-type=\"wp-page\" data-elementor-id=\"1809\" class=\"elementor elementor-1809\">\n\t\t\t\t<div class=\"elementor-element elementor-element-fbc3ae7 e-flex e-con-boxed e-con e-parent\" data-id=\"fbc3ae7\" data-element_type=\"container\" data-settings=\"{&quot;content_width&quot;:&quot;boxed&quot;}\" data-core-v316-plus=\"true\">\n\t\t\t\t\t<div class=\"e-con-inner\">\n\t\t<div class=\"elementor-element elementor-element-e023053 e-con-full e-flex e-con e-child\" data-id=\"e023053\" data-element_type=\"container\" data-settings=\"{&quot;content_width&quot;:&quot;full&quot;}\">\n\t\t\t\t<div class=\"elementor-element elementor-element-66f764d flex-horizontal-align-default flex-horizontal-align-tablet-default flex-horizontal-align-mobile-default flex-vertical-align-default flex-vertical-align-tablet-default flex-vertical-align-mobile-default elementor-widget elementor-widget-thegem-styled-textbox\" data-id=\"66f764d\" data-element_type=\"widget\" data-settings=\"{&quot;thegem_elementor_preset&quot;:&quot;basic&quot;}\" data-widget_type=\"thegem-styled-textbox.default\">\n\t\t\t\t<div class=\"elementor-widget-container\">\n\t\t\t\n<div class=\"gem-textbox styled-textbox-basic\">\n\n\t\n\t\t<div class=\"gem-textbox-top gem-textbox-top-none default-fill\">\n\t\t\t\t\t<\/div>\n\t\n\t<div class=\"gem-textbox-inner\">\n\n\t\t<div class=\"gem-textbox-content default-background icon-top gem-textbox-icon-image-wrapping-none\">\n\n\t\t\t\t\t\t\t<div class=\"gem-texbox-icon-image-wrapper\">\n\n\t\t\t\t\t\t\t\t\t\t\t<div class=\"icon-top \">\n\t\t\t\t\t\t\t<div class=\"gem-textbox-icon\">\n\t\t\t\t\t\t\t\t<div class=\"elementor-icon\">\n\t\t\t\t\t\t\t\t\t\t\t\t\t\t\t\t\t<\/div>\n\t\t\t\t\t\t\t<\/div>\n\t\t\t\t\t\t<\/div>\n\t\t\t\t\t\n\t\t\t\t\t\n\t\t\t\t<\/div>\n\t\t\t\n\t\t\t<div class=\"gem-texbox-text-wrapper\">\n\n\t\t\t\t\t\t\t\t\t\n\t\t\t\t\t\n\t\t\t\t\t\t<div class=\"gem-textbox-description gem-text-output\">\n\t\t\t\t\t\t\t<p style=\"text-align: left\">El l\u00e1tex o caucho natural se produce principalmente de la savia de un \u00e1rbol originario de Brasil (<em>Hevea brasiliensis<\/em>) y que gracias a sus caracter\u00edsticas el\u00e1sticas se usa en m\u00faltiples aplicaciones en productos de uso cotidiano.<\/p><p style=\"text-align: left\">Con el l\u00e1tex se pueden presentar distintos tipos de reacciones:<\/p><ul style=\"text-align: left\"><li><strong>Dermatitis irritativas<\/strong>: donde se produce por contacto enrojecimiento con picor generalmente que cesa tras evitar el contacto.<\/li><li><strong>Dermatitis al\u00e9rgicas de contacto<\/strong>: con inflamaci\u00f3n en la zona de contacto y producida por un mecanismo inmunol\u00f3gico a diferencia de las irritativas<\/li><li><strong>Reacciones inmediatas IgE mediadas<\/strong>: Se manifiestan a los pocos minutos de la exposici\u00f3n a prote\u00ednas del l\u00e1tex. Pueden presentarse en forma de ronchas en las zonas de contacto como una urticaria local. Pueden provocar s\u00edntomas de picor de nariz u ojos con rinitis por contacto con la mucosa ocular o nasal o crisis de asma por inhalaci\u00f3n.<\/li><\/ul><p style=\"text-align: left\">La exposici\u00f3n a l\u00e1tex en pacientes al\u00e9rgicos tambi\u00e9n pueden provocar reacciones anafil\u00e1cticas de especial gravedad por el riesgo de mortalidad en las intervenciones quir\u00fargicas.<\/p>\t\t\t\t\t\t<\/div>\n\n\t\t\t\t\t\n\t\t\t\t\n\t\t\t\t\n\t\t\t<\/div>\n\n\t\t<\/div>\n\n\t<\/div>\n\n\t\n\t\t<div class=\"gem-textbox-bottom gem-textbox-bottom-none default-fill\">\n\t\t\t\t<\/div>\n\t\n\t\n<\/div>\n\t\t<\/div>\n\t\t\t\t<\/div>\n\t\t\t\t<\/div>\n\t\t<div class=\"elementor-element elementor-element-2f66459 e-con-full e-flex e-con e-child\" data-id=\"2f66459\" data-element_type=\"container\" data-settings=\"{&quot;content_width&quot;:&quot;full&quot;}\">\n\t\t\t\t<div class=\"elementor-element elementor-element-0198dcc flex-horizontal-align-default flex-horizontal-align-tablet-default flex-horizontal-align-mobile-default flex-vertical-align-default flex-vertical-align-tablet-default flex-vertical-align-mobile-default elementor-widget elementor-widget-thegem-styledimage\" data-id=\"0198dcc\" data-element_type=\"widget\" data-settings=\"{&quot;image&quot;:{&quot;url&quot;:&quot;http:\\\/\\\/saicex.org\\\/wp-content\\\/uploads\\\/2024\\\/03\\\/alergia-al-latex.jpg&quot;,&quot;id&quot;:1812,&quot;size&quot;:&quot;&quot;,&quot;alt&quot;:&quot;&quot;,&quot;source&quot;:&quot;library&quot;},&quot;thegem_elementor_preset&quot;:&quot;default&quot;}\" data-widget_type=\"thegem-styledimage.default\">\n\t\t\t\t<div class=\"elementor-widget-container\">\n\t\t\t\n<div class=\"styled-image-wrapper\">\n\t\t\t<div class=\"gem-image gem-wrapbox gem-wrapbox-default gem-wrapbox-position-left  \">\n\t\t\t<div class=\"gem-wrapbox-inner \" >\n\t\t\t\t\t\t\t\t\t<img decoding=\"async\" class=\"gem-wrapbox-element img-responsive \"\n\t\t\t\t\t\t src=\"https:\/\/saicex.org\/wp-content\/uploads\/2024\/03\/alergia-al-latex.jpg\"\n\t\t\t\t\t\t alt=\"alergia-al-latex\">\n\t\t\t\t\t\t\t\t<\/div>\n\t\t<\/div>\n\t\t<\/div>\n\n\n\t\n\t\t\t\t<\/div>\n\t\t\t\t<\/div>\n\t\t\t\t<\/div>\n\t\t\t\t\t<\/div>\n\t\t\t\t<\/div>\n\t\t<div class=\"elementor-element elementor-element-6cf9330 e-flex e-con-boxed e-con e-parent\" data-id=\"6cf9330\" data-element_type=\"container\" data-settings=\"{&quot;content_width&quot;:&quot;boxed&quot;}\" data-core-v316-plus=\"true\">\n\t\t\t\t\t<div class=\"e-con-inner\">\n\t\t\t\t<div class=\"elementor-element elementor-element-57c7466 flex-horizontal-align-default flex-horizontal-align-tablet-default flex-horizontal-align-mobile-default flex-vertical-align-default flex-vertical-align-tablet-default flex-vertical-align-mobile-default elementor-widget elementor-widget-thegem-styled-textbox\" data-id=\"57c7466\" data-element_type=\"widget\" data-settings=\"{&quot;thegem_elementor_preset&quot;:&quot;basic&quot;}\" data-widget_type=\"thegem-styled-textbox.default\">\n\t\t\t\t<div class=\"elementor-widget-container\">\n\t\t\t\n<div class=\"gem-textbox styled-textbox-basic\">\n\n\t\n\t\t<div class=\"gem-textbox-top gem-textbox-top-none default-fill\">\n\t\t\t\t\t<\/div>\n\t\n\t<div class=\"gem-textbox-inner\">\n\n\t\t<div class=\"gem-textbox-content default-background icon-top gem-textbox-icon-image-wrapping-none\">\n\n\t\t\t\t\t\t\t<div class=\"gem-texbox-icon-image-wrapper\">\n\n\t\t\t\t\t\t\t\t\t\t\t<div class=\"icon-top \">\n\t\t\t\t\t\t\t<div class=\"gem-textbox-icon\">\n\t\t\t\t\t\t\t\t<div class=\"elementor-icon\">\n\t\t\t\t\t\t\t\t\t\t\t\t\t\t\t\t\t<\/div>\n\t\t\t\t\t\t\t<\/div>\n\t\t\t\t\t\t<\/div>\n\t\t\t\t\t\n\t\t\t\t\t\n\t\t\t\t<\/div>\n\t\t\t\n\t\t\t<div class=\"gem-texbox-text-wrapper\">\n\n\t\t\t\t\t\t\t\t\t\n\t\t\t\t\t\n\t\t\t\t\t\t<div class=\"gem-textbox-description gem-text-output\">\n\t\t\t\t\t\t\t<p style=\"text-align: left\">El diagno\u0301stico de alergia al la\u0301tex se basa en una buena y detallada historia cli\u0301nica. Todo me\u0301dico general o especialista que atienda a un paciente que cuente una historia sospechosa de alergia al la\u0301tex, deber\u00eda enviar al paciente a la consulta del alergo\u0301logo para su estudio.<\/p>\t\t\t\t\t\t<\/div>\n\n\t\t\t\t\t\n\t\t\t\t\n\t\t\t\t\n\t\t\t<\/div>\n\n\t\t<\/div>\n\n\t<\/div>\n\n\t\n\t\t<div class=\"gem-textbox-bottom gem-textbox-bottom-none default-fill\">\n\t\t\t\t<\/div>\n\t\n\t\n<\/div>\n\t\t<\/div>\n\t\t\t\t<\/div>\n\t\t\t\t\t<\/div>\n\t\t\t\t<\/div>\n\t\t<div class=\"elementor-element elementor-element-12c343b e-flex e-con-boxed e-con e-parent\" data-id=\"12c343b\" data-element_type=\"container\" data-settings=\"{&quot;content_width&quot;:&quot;boxed&quot;}\" data-core-v316-plus=\"true\">\n\t\t\t\t\t<div class=\"e-con-inner\">\n\t\t<div class=\"elementor-element elementor-element-5a2e31b e-con-full e-flex e-con e-child\" data-id=\"5a2e31b\" data-element_type=\"container\" data-settings=\"{&quot;content_width&quot;:&quot;full&quot;}\">\n\t\t\t\t<div class=\"elementor-element elementor-element-691977b flex-horizontal-align-default flex-horizontal-align-tablet-default flex-horizontal-align-mobile-default flex-vertical-align-default flex-vertical-align-tablet-default flex-vertical-align-mobile-default elementor-widget elementor-widget-thegem-styled-textbox\" data-id=\"691977b\" data-element_type=\"widget\" data-settings=\"{&quot;thegem_elementor_preset&quot;:&quot;basic&quot;}\" data-widget_type=\"thegem-styled-textbox.default\">\n\t\t\t\t<div class=\"elementor-widget-container\">\n\t\t\t\n<div class=\"gem-textbox styled-textbox-basic\">\n\n\t\n\t\t<div class=\"gem-textbox-top gem-textbox-top-none default-fill\">\n\t\t\t\t\t<\/div>\n\t\n\t<div class=\"gem-textbox-inner\">\n\n\t\t<div class=\"gem-textbox-content default-background icon-top gem-textbox-icon-image-wrapping-none\">\n\n\t\t\t\t\t\t\t<div class=\"gem-texbox-icon-image-wrapper\">\n\n\t\t\t\t\t\t\t\t\t\t\t<div class=\"icon-top \">\n\t\t\t\t\t\t\t<div class=\"gem-textbox-icon\">\n\t\t\t\t\t\t\t\t<div class=\"elementor-icon\">\n\t\t\t\t\t\t\t\t\t\t\t\t\t\t\t\t\t<\/div>\n\t\t\t\t\t\t\t<\/div>\n\t\t\t\t\t\t<\/div>\n\t\t\t\t\t\n\t\t\t\t\t\n\t\t\t\t<\/div>\n\t\t\t\n\t\t\t<div class=\"gem-texbox-text-wrapper\">\n\n\t\t\t\t\t\t\t\t\t\n\t\t\t\t\t\n\t\t\t\t\t\t<div class=\"gem-textbox-description gem-text-output\">\n\t\t\t\t\t\t\t<p style=\"text-align: left\">Las pruebas diagn\u00f3sticas principales son:<\/p><ul><li style=\"text-align: left\">La <strong>prueba cuta\u0301nea con extractos de la\u0301tex<\/strong>: aplicando sobre la piel una gota de extracto de la\u0301tex, y pincharlo con lanceta a trave\u0301s de la gota. Una prueba positiva no siempre implica que el paciente sea al\u00e9rgico, ni una prueba negativa significa siempre la ausencia de alergia. Es necesario que el resultado sea interpretado por un alergo\u0301logo. Por otra parte, es un me\u0301todo diagno\u0301stico ra\u0301pido y rentable, pero no exento de riesgo, que precisa supervisio\u0301n me\u0301dica.<\/li><li style=\"text-align: left\">La <strong>determinacio\u0301n de IgE en sangre frente al la\u0301tex o a sus ale\u0301rgenos<\/strong>: Puede ayudar a mejorar la rentabilidad disgn\u00f3stica, pero puede dar resultados falsos positivos o negativos, por lo que de nuevo es imprescindible que el resultado sea interpretado por un alergo\u0301logo.<\/li><li style=\"text-align: left\">Las <strong>pruebas de exposicio\u0301n controlada (provocacio\u0301n) a la\u0301tex<\/strong>: es la prueba definitiva para el diagn\u00f3stico de alergia a l\u00e1tex. Lo ma\u0301s utilizada es la prueba de uso de guante, que se realiza bajo estricta supervisio\u0301n me\u0301dica en los servicios de Alergolog\u00eda, que tienen que contar con los medios y el personal necesario para tratar reacciones ale\u0301rgicas graves.<\/li><\/ul>\t\t\t\t\t\t<\/div>\n\n\t\t\t\t\t\n\t\t\t\t\n\t\t\t\t\n\t\t\t<\/div>\n\n\t\t<\/div>\n\n\t<\/div>\n\n\t\n\t\t<div class=\"gem-textbox-bottom gem-textbox-bottom-none default-fill\">\n\t\t\t\t<\/div>\n\t\n\t\n<\/div>\n\t\t<\/div>\n\t\t\t\t<\/div>\n\t\t\t\t<\/div>\n\t\t<div class=\"elementor-element elementor-element-7c5038b e-con-full e-flex e-con e-child\" data-id=\"7c5038b\" data-element_type=\"container\" data-settings=\"{&quot;content_width&quot;:&quot;full&quot;}\">\n\t\t\t\t<div class=\"elementor-element elementor-element-ca12ab5 flex-horizontal-align-default flex-horizontal-align-tablet-default flex-horizontal-align-mobile-default flex-vertical-align-default flex-vertical-align-tablet-default flex-vertical-align-mobile-default elementor-widget elementor-widget-thegem-styled-textbox\" data-id=\"ca12ab5\" data-element_type=\"widget\" data-settings=\"{&quot;thegem_elementor_preset&quot;:&quot;basic&quot;}\" data-widget_type=\"thegem-styled-textbox.default\">\n\t\t\t\t<div class=\"elementor-widget-container\">\n\t\t\t\n<div class=\"gem-textbox styled-textbox-basic\">\n\n\t\n\t\t<div class=\"gem-textbox-top gem-textbox-top-none default-fill\">\n\t\t\t\t\t<\/div>\n\t\n\t<div class=\"gem-textbox-inner\">\n\n\t\t<div class=\"gem-textbox-content default-background icon-top gem-textbox-icon-image-wrapping-none\">\n\n\t\t\t\t\t\t\t<div class=\"gem-texbox-icon-image-wrapper\">\n\n\t\t\t\t\t\t\t\t\t\t\t<div class=\"icon-top \">\n\t\t\t\t\t\t\t<div class=\"gem-textbox-icon\">\n\t\t\t\t\t\t\t\t<div class=\"elementor-icon\">\n\t\t\t\t\t\t\t\t\t\t\t\t\t\t\t\t\t<\/div>\n\t\t\t\t\t\t\t<\/div>\n\t\t\t\t\t\t<\/div>\n\t\t\t\t\t\n\t\t\t\t\t\n\t\t\t\t<\/div>\n\t\t\t\n\t\t\t<div class=\"gem-texbox-text-wrapper\">\n\n\t\t\t\t\t\t\t\t\t\n\t\t\t\t\t\n\t\t\t\t\t\t<div class=\"gem-textbox-description gem-text-output\">\n\t\t\t\t\t\t\t<p style=\"text-align: left\">Cualquier persona puede hacerse al\u00e9rgica al l\u00e1tex, pero existe grupos de riesgo con <strong>mayor probabilidad<\/strong> especialmente:<\/p><ul style=\"text-align: left\"><li><strong>Ni\u00f1os con espina b\u00edfida<\/strong>: debido a las m\u00faltiples intervenciones quir\u00fargicas en los primeros meses de la vida que favorece la sensibilizaci\u00f3n.<\/li><li><strong>Trabajadores sanitarios<\/strong>: basado en el continuo uso de guantes de l\u00e1tex y material sanitario con l\u00e1tex en las zonas de trabajo.<\/li><\/ul><p style=\"text-align: left\">En cuanto al tratamiento de la alergia al l\u00e1tex se basa en tratamiento sintom\u00e1tico en funci\u00f3n de los s\u00edntomas del paciente.<\/p><p style=\"text-align: left\">En Espa\u00f1a existe comercializada una vacuna antial\u00e9rgica para tratar la alergia al l\u00e1tex que se administra de forma sublingual y debe ser siempre indicada por un alerg\u00f3logo.<\/p>\t\t\t\t\t\t<\/div>\n\n\t\t\t\t\t\n\t\t\t\t\n\t\t\t\t\n\t\t\t<\/div>\n\n\t\t<\/div>\n\n\t<\/div>\n\n\t\n\t\t<div class=\"gem-textbox-bottom gem-textbox-bottom-none default-fill\">\n\t\t\t\t<\/div>\n\t\n\t\n<\/div>\n\t\t<\/div>\n\t\t\t\t<\/div>\n\t\t\t\t<div class=\"elementor-element elementor-element-8457ee4 flex-horizontal-align-default flex-horizontal-align-tablet-default flex-horizontal-align-mobile-default flex-vertical-align-default flex-vertical-align-tablet-default flex-vertical-align-mobile-default elementor-widget elementor-widget-button\" data-id=\"8457ee4\" data-element_type=\"widget\" data-widget_type=\"button.default\">\n\t\t\t\t<div class=\"elementor-widget-container\">\n\t\t\t\t\t<div class=\"elementor-button-wrapper\">\n\t\t\t<a class=\"elementor-button elementor-button-link elementor-size-sm\" href=\"http:\/\/saicex.org\/wp-content\/uploads\/2024\/03\/Saicex-Estrategia-actuacion-latex.pdf\" target=\"_blank\">\n\t\t\t\t\t\t<span class=\"elementor-button-content-wrapper\">\n\t\t\t\t\t\t<span class=\"elementor-button-text\">Estrategia de actuaci\u00f3n para la prevenci\u00f3n y manejo de la alergia al l\u00e1tex<\/span>\n\t\t<\/span>\n\t\t\t\t\t<\/a>\n\t\t<\/div>\n\t\t\t\t<\/div>\n\t\t\t\t<\/div>\n\t\t\t\t<\/div>\n\t\t\t\t\t<\/div>\n\t\t\t\t<\/div>\n\t\t\t\t<\/div>\n\t\t","protected":false},"excerpt":{"rendered":"<p>El l\u00e1tex o caucho natural se produce principalmente de la savia de un \u00e1rbol originario de Brasil (Hevea brasiliensis) y&#8230;<\/p>\n","protected":false},"author":1,"featured_media":0,"parent":0,"menu_order":0,"comment_status":"closed","ping_status":"closed","template":"page-fullwidth.php","meta":{"footnotes":""},"class_list":["post-1809","page","type-page","status-publish"],"yoast_head":"<!-- This site is optimized with the Yoast SEO plugin v22.0 - https:\/\/yoast.com\/wordpress\/plugins\/seo\/ -->\n<title>Alergia al l\u00e1tex - Saicex<\/title>\n<meta name=\"robots\" content=\"index, follow, max-snippet:-1, max-image-preview:large, max-video-preview:-1\" \/>\n<link rel=\"canonical\" href=\"https:\/\/saicex.org\/?page_id=1809\" \/>\n<meta property=\"og:locale\" content=\"es_ES\" \/>\n<meta property=\"og:type\" content=\"article\" \/>\n<meta property=\"og:title\" content=\"Alergia al l\u00e1tex - Saicex\" \/>\n<meta property=\"og:description\" content=\"El l\u00e1tex o caucho natural se produce principalmente de la savia de un \u00e1rbol originario de Brasil (Hevea brasiliensis) y...\" \/>\n<meta property=\"og:url\" content=\"https:\/\/saicex.org\/?page_id=1809\" \/>\n<meta property=\"og:site_name\" content=\"Saicex\" \/>\n<meta property=\"article:modified_time\" content=\"2024-03-07T11:49:41+00:00\" \/>\n<meta name=\"twitter:card\" content=\"summary_large_image\" \/>\n<meta name=\"twitter:label1\" content=\"Tiempo de lectura\" \/>\n\t<meta name=\"twitter:data1\" content=\"3 minutos\" \/>\n<script type=\"application\/ld+json\" class=\"yoast-schema-graph\">{\"@context\":\"https:\/\/schema.org\",\"@graph\":[{\"@type\":\"WebPage\",\"@id\":\"https:\/\/saicex.org\/?page_id=1809\",\"url\":\"https:\/\/saicex.org\/?page_id=1809\",\"name\":\"Alergia al l\u00e1tex - Saicex\",\"isPartOf\":{\"@id\":\"https:\/\/saicex.org\/#website\"},\"datePublished\":\"2024-03-07T11:00:15+00:00\",\"dateModified\":\"2024-03-07T11:49:41+00:00\",\"breadcrumb\":{\"@id\":\"https:\/\/saicex.org\/?page_id=1809#breadcrumb\"},\"inLanguage\":\"es\",\"potentialAction\":[{\"@type\":\"ReadAction\",\"target\":[\"https:\/\/saicex.org\/?page_id=1809\"]}]},{\"@type\":\"BreadcrumbList\",\"@id\":\"https:\/\/saicex.org\/?page_id=1809#breadcrumb\",\"itemListElement\":[{\"@type\":\"ListItem\",\"position\":1,\"name\":\"Portada\",\"item\":\"https:\/\/saicex.org\/\"},{\"@type\":\"ListItem\",\"position\":2,\"name\":\"Alergia al l\u00e1tex\"}]},{\"@type\":\"WebSite\",\"@id\":\"https:\/\/saicex.org\/#website\",\"url\":\"https:\/\/saicex.org\/\",\"name\":\"Saicex\",\"description\":\"\",\"potentialAction\":[{\"@type\":\"SearchAction\",\"target\":{\"@type\":\"EntryPoint\",\"urlTemplate\":\"https:\/\/saicex.org\/?s={search_term_string}\"},\"query-input\":\"required name=search_term_string\"}],\"inLanguage\":\"es\"}]}<\/script>\n<!-- \/ Yoast SEO plugin. -->","yoast_head_json":{"title":"Alergia al l\u00e1tex - Saicex","robots":{"index":"index","follow":"follow","max-snippet":"max-snippet:-1","max-image-preview":"max-image-preview:large","max-video-preview":"max-video-preview:-1"},"canonical":"https:\/\/saicex.org\/?page_id=1809","og_locale":"es_ES","og_type":"article","og_title":"Alergia al l\u00e1tex - Saicex","og_description":"El l\u00e1tex o caucho natural se produce principalmente de la savia de un \u00e1rbol originario de Brasil (Hevea brasiliensis) y...","og_url":"https:\/\/saicex.org\/?page_id=1809","og_site_name":"Saicex","article_modified_time":"2024-03-07T11:49:41+00:00","twitter_card":"summary_large_image","twitter_misc":{"Tiempo de lectura":"3 minutos"},"schema":{"@context":"https:\/\/schema.org","@graph":[{"@type":"WebPage","@id":"https:\/\/saicex.org\/?page_id=1809","url":"https:\/\/saicex.org\/?page_id=1809","name":"Alergia al l\u00e1tex - Saicex","isPartOf":{"@id":"https:\/\/saicex.org\/#website"},"datePublished":"2024-03-07T11:00:15+00:00","dateModified":"2024-03-07T11:49:41+00:00","breadcrumb":{"@id":"https:\/\/saicex.org\/?page_id=1809#breadcrumb"},"inLanguage":"es","potentialAction":[{"@type":"ReadAction","target":["https:\/\/saicex.org\/?page_id=1809"]}]},{"@type":"BreadcrumbList","@id":"https:\/\/saicex.org\/?page_id=1809#breadcrumb","itemListElement":[{"@type":"ListItem","position":1,"name":"Portada","item":"https:\/\/saicex.org\/"},{"@type":"ListItem","position":2,"name":"Alergia al l\u00e1tex"}]},{"@type":"WebSite","@id":"https:\/\/saicex.org\/#website","url":"https:\/\/saicex.org\/","name":"Saicex","description":"","potentialAction":[{"@type":"SearchAction","target":{"@type":"EntryPoint","urlTemplate":"https:\/\/saicex.org\/?s={search_term_string}"},"query-input":"required name=search_term_string"}],"inLanguage":"es"}]}},"_links":{"self":[{"href":"https:\/\/saicex.org\/index.php?rest_route=\/wp\/v2\/pages\/1809","targetHints":{"allow":["GET"]}}],"collection":[{"href":"https:\/\/saicex.org\/index.php?rest_route=\/wp\/v2\/pages"}],"about":[{"href":"https:\/\/saicex.org\/index.php?rest_route=\/wp\/v2\/types\/page"}],"author":[{"embeddable":true,"href":"https:\/\/saicex.org\/index.php?rest_route=\/wp\/v2\/users\/1"}],"replies":[{"embeddable":true,"href":"https:\/\/saicex.org\/index.php?rest_route=%2Fwp%2Fv2%2Fcomments&post=1809"}],"version-history":[{"count":10,"href":"https:\/\/saicex.org\/index.php?rest_route=\/wp\/v2\/pages\/1809\/revisions"}],"predecessor-version":[{"id":1823,"href":"https:\/\/saicex.org\/index.php?rest_route=\/wp\/v2\/pages\/1809\/revisions\/1823"}],"wp:attachment":[{"href":"https:\/\/saicex.org\/index.php?rest_route=%2Fwp%2Fv2%2Fmedia&parent=1809"}],"curies":[{"name":"wp","href":"https:\/\/api.w.org\/{rel}","templated":true}]}}