{"id":1793,"date":"2024-03-07T09:11:51","date_gmt":"2024-03-07T09:11:51","guid":{"rendered":"http:\/\/saicex.org\/?page_id=1793"},"modified":"2024-03-07T09:56:49","modified_gmt":"2024-03-07T09:56:49","slug":"enfermedades-alergicas","status":"publish","type":"page","link":"https:\/\/saicex.org\/?page_id=1793","title":{"rendered":"Enfermedades al\u00e9rgicas"},"content":{"rendered":"\t\t<div data-elementor-type=\"wp-page\" data-elementor-id=\"1793\" class=\"elementor elementor-1793\">\n\t\t\t\t<div class=\"elementor-element elementor-element-fbc3ae7 e-flex e-con-boxed e-con e-parent\" data-id=\"fbc3ae7\" data-element_type=\"container\" data-settings=\"{&quot;content_width&quot;:&quot;boxed&quot;}\" data-core-v316-plus=\"true\">\n\t\t\t\t\t<div class=\"e-con-inner\">\n\t\t<div class=\"elementor-element elementor-element-e023053 e-con-full e-flex e-con e-child\" data-id=\"e023053\" data-element_type=\"container\" data-settings=\"{&quot;content_width&quot;:&quot;full&quot;}\">\n\t\t\t\t<div class=\"elementor-element elementor-element-66f764d flex-horizontal-align-default flex-horizontal-align-tablet-default flex-horizontal-align-mobile-default flex-vertical-align-default flex-vertical-align-tablet-default flex-vertical-align-mobile-default elementor-widget elementor-widget-thegem-styled-textbox\" data-id=\"66f764d\" data-element_type=\"widget\" data-settings=\"{&quot;thegem_elementor_preset&quot;:&quot;basic&quot;}\" data-widget_type=\"thegem-styled-textbox.default\">\n\t\t\t\t<div class=\"elementor-widget-container\">\n\t\t\t\n<div class=\"gem-textbox styled-textbox-basic\">\n\n\t\n\t\t<div class=\"gem-textbox-top gem-textbox-top-none default-fill\">\n\t\t\t\t\t<\/div>\n\t\n\t<div class=\"gem-textbox-inner\">\n\n\t\t<div class=\"gem-textbox-content default-background icon-top gem-textbox-icon-image-wrapping-none\">\n\n\t\t\t\t\t\t\t<div class=\"gem-texbox-icon-image-wrapper\">\n\n\t\t\t\t\t\t\t\t\t\t\t<div class=\"icon-top \">\n\t\t\t\t\t\t\t<div class=\"gem-textbox-icon\">\n\t\t\t\t\t\t\t\t<div class=\"elementor-icon\">\n\t\t\t\t\t\t\t\t\t\t\t\t\t\t\t\t\t<\/div>\n\t\t\t\t\t\t\t<\/div>\n\t\t\t\t\t\t<\/div>\n\t\t\t\t\t\n\t\t\t\t\t\n\t\t\t\t<\/div>\n\t\t\t\n\t\t\t<div class=\"gem-texbox-text-wrapper\">\n\n\t\t\t\t\t\t\t\t\t\n\t\t\t\t\t\t<div class=\"gem-textbox-title title-h4 bold\">\n\t\t\t\t\t\t\t\u00bfQu\u00e9 es la alergia?\t\t\t\t\t\t<\/div>\n\n\t\t\t\t\t\n\t\t\t\t\t\n\t\t\t\t\t\t<div class=\"gem-textbox-description gem-text-output\">\n\t\t\t\t\t\t\t<p>Las reacciones al\u00e9rgicas son respuestas exageradas del sistema inmunitario del paciente que identifica como extra\u00f1as a determinadas sustancias como por ejemplo p\u00f3lenes, \u00e1caros o esporas de hongos.<\/p><p>Esta respuesta equivocada provoca alteraciones inflamatorias en la piel y mucosas que provocan los s\u00edntomas propios de las reacciones al\u00e9rgicas.<\/p><p>Existen factores predisponentes de base gen\u00e9tica y otros factores ambientales (al\u00e9rgenos) que act\u00faan como desencadenantes de la respuesta inmunol\u00f3gica.<\/p><p>Los principales al\u00e9rgenos pueden ser inhalados, alimentarios, f\u00e1rmacos, veneno de insectos, por contacto u ocupacionales.<\/p><p>Pr\u00e1cticamente cualquier sustancia puede sensibilizar una persona que est\u00e9 predispuesta gen\u00e9ticamente, habitualmente se produce una respuesta con anticuerpos IgE contra esos al\u00e9rgenos.<\/p><p>Estos anticuerpos se depositan sobre la superficie de los mastocitos que se encuentran en piel y mucosas y sobre bas\u00f3filos circulantes en sangre, de tal manera que cuando se produce la interacci\u00f3n del al\u00e9rgeno con la IgE fijada en esas c\u00e9lulas se liberan sustancias proinflamatorias que desencadenan la reacci\u00f3n al\u00e9rgica.<\/p><p>En el caso de los al\u00e9rgenos que act\u00faan por contacto, el mecanismo que se produce es diferente, de tipo tard\u00edo y mediado por unas c\u00e9lulas que se llaman linfocitos que son los encargados de liberar los mediadores proinflamatorios que provocan lesiones de tipo eccematoso tras contactos repetidos con el al\u00e9rgeno.<\/p>\t\t\t\t\t\t<\/div>\n\n\t\t\t\t\t\n\t\t\t\t\n\t\t\t\t\n\t\t\t<\/div>\n\n\t\t<\/div>\n\n\t<\/div>\n\n\t\n\t\t<div class=\"gem-textbox-bottom gem-textbox-bottom-none default-fill\">\n\t\t\t\t<\/div>\n\t\n\t\n<\/div>\n\t\t<\/div>\n\t\t\t\t<\/div>\n\t\t\t\t<\/div>\n\t\t<div class=\"elementor-element elementor-element-2f66459 e-con-full e-flex e-con e-child\" data-id=\"2f66459\" data-element_type=\"container\" data-settings=\"{&quot;content_width&quot;:&quot;full&quot;}\">\n\t\t\t\t<div class=\"elementor-element elementor-element-0198dcc flex-horizontal-align-default flex-horizontal-align-tablet-default flex-horizontal-align-mobile-default flex-vertical-align-default flex-vertical-align-tablet-default flex-vertical-align-mobile-default elementor-widget elementor-widget-thegem-styledimage\" data-id=\"0198dcc\" data-element_type=\"widget\" data-settings=\"{&quot;image&quot;:{&quot;url&quot;:&quot;http:\\\/\\\/saicex.org\\\/wp-content\\\/uploads\\\/2024\\\/03\\\/aeroalergenos.jpg&quot;,&quot;id&quot;:1796,&quot;size&quot;:&quot;&quot;,&quot;alt&quot;:&quot;&quot;,&quot;source&quot;:&quot;library&quot;},&quot;thegem_elementor_preset&quot;:&quot;default&quot;}\" data-widget_type=\"thegem-styledimage.default\">\n\t\t\t\t<div class=\"elementor-widget-container\">\n\t\t\t\n<div class=\"styled-image-wrapper\">\n\t\t\t<div class=\"gem-image gem-wrapbox gem-wrapbox-default gem-wrapbox-position-left  \">\n\t\t\t<div class=\"gem-wrapbox-inner \" >\n\t\t\t\t\t\t\t\t\t<img decoding=\"async\" class=\"gem-wrapbox-element img-responsive \"\n\t\t\t\t\t\t src=\"https:\/\/saicex.org\/wp-content\/uploads\/2024\/03\/aeroalergenos.jpg\"\n\t\t\t\t\t\t alt=\"aeroalergenos\">\n\t\t\t\t\t\t\t\t<\/div>\n\t\t<\/div>\n\t\t<\/div>\n\n\n\t\n\t\t\t\t<\/div>\n\t\t\t\t<\/div>\n\t\t\t\t<\/div>\n\t\t\t\t\t<\/div>\n\t\t\t\t<\/div>\n\t\t<div class=\"elementor-element elementor-element-0ca4a48 e-flex e-con-boxed e-con e-parent\" data-id=\"0ca4a48\" data-element_type=\"container\" data-settings=\"{&quot;content_width&quot;:&quot;boxed&quot;}\" data-core-v316-plus=\"true\">\n\t\t\t\t\t<div class=\"e-con-inner\">\n\t\t\t\t<div class=\"elementor-element elementor-element-65ee3b2 flex-horizontal-align-default flex-horizontal-align-tablet-default flex-horizontal-align-mobile-default flex-vertical-align-default flex-vertical-align-tablet-default flex-vertical-align-mobile-default elementor-widget elementor-widget-thegem-styled-textbox\" data-id=\"65ee3b2\" data-element_type=\"widget\" data-settings=\"{&quot;thegem_elementor_preset&quot;:&quot;basic&quot;}\" data-widget_type=\"thegem-styled-textbox.default\">\n\t\t\t\t<div class=\"elementor-widget-container\">\n\t\t\t\n<div class=\"gem-textbox styled-textbox-basic\">\n\n\t\n\t\t<div class=\"gem-textbox-top gem-textbox-top-none default-fill\">\n\t\t\t\t\t<\/div>\n\t\n\t<div class=\"gem-textbox-inner\">\n\n\t\t<div class=\"gem-textbox-content default-background icon-top gem-textbox-icon-image-wrapping-none\">\n\n\t\t\t\t\t\t\t<div class=\"gem-texbox-icon-image-wrapper\">\n\n\t\t\t\t\t\t\t\t\t\t\t<div class=\"icon-top \">\n\t\t\t\t\t\t\t<div class=\"gem-textbox-icon\">\n\t\t\t\t\t\t\t\t<div class=\"elementor-icon\">\n\t\t\t\t\t\t\t\t\t\t\t\t\t\t\t\t\t<\/div>\n\t\t\t\t\t\t\t<\/div>\n\t\t\t\t\t\t<\/div>\n\t\t\t\t\t\n\t\t\t\t\t\n\t\t\t\t<\/div>\n\t\t\t\n\t\t\t<div class=\"gem-texbox-text-wrapper\">\n\n\t\t\t\t\t\t\t\t\t\n\t\t\t\t\t\t<div class=\"gem-textbox-title title-h4 bold\">\n\t\t\t\t\t\t\t\u00bfPor qu\u00e9 aumentan las enfermedades al\u00e9rgicas?\t\t\t\t\t\t<\/div>\n\n\t\t\t\t\t\n\t\t\t\t\t\n\t\t\t\t\t\t<div class=\"gem-textbox-description gem-text-output\">\n\t\t\t\t\t\t\t<p style=\"text-align: left\">El n\u00famero de pacientes al\u00e9rgicos aumenta de a\u00f1o en a\u00f1o, no existiendo una \u00fanica causa para poder explicar esta situaci\u00f3n. Adem\u00e1s de los factores gen\u00e9ticos predisponentes. El modo de vida de los pa\u00edses industrializados sometidos a altas tasas de contaminaci\u00f3n son perjudiciales para el sistema respiratorio de sus habitantes y en las plantas y \u00e1rboles se inducen cambios en determinadas prote\u00ednas que hacen a sus p\u00f3lenes m\u00e1s agresivos y con mayor capacidad de sensibilizaci\u00f3n.<\/p><p style=\"text-align: left\">Los inviernos cada vez m\u00e1s suaves tambi\u00e9n favorecen la sensibilizaci\u00f3n a nuevos al\u00e9rgenos y la duraci\u00f3n de los s\u00edntomas anta\u00f1o marcadamente estacionales.<\/p><p style=\"text-align: left\">Los cambios en las costumbres alimentarias influyen en nuevas alergias alimentarias para alimentos que no eran de consumo habitual en Espa\u00f1a. Tambi\u00e9n son destacables las reactividades cruzadas que se dan en pacientes con alergia a p\u00f3lenes y s\u00edntomas con la ingesta de frutas.<\/p><p style=\"text-align: left\">El tabaquismo, sedentarismo y la obesidad tambi\u00e9n suponen factores que influyen en las enfermedades al\u00e9rgicas.<\/p><p style=\"text-align: left\">Complementariamente a estos factores, se muestra la teor\u00eda de la higiene donde vivimos en ambientes limpios con amplio uso de antibi\u00f3ticos donde se favorece que el sistema inmune con menor trabajo en la defensa frente a agentes pat\u00f3genos reconozca como extra\u00f1o sustancias inocuas como los p\u00f3lenes.<\/p>\t\t\t\t\t\t<\/div>\n\n\t\t\t\t\t\n\t\t\t\t\n\t\t\t\t\n\t\t\t<\/div>\n\n\t\t<\/div>\n\n\t<\/div>\n\n\t\n\t\t<div class=\"gem-textbox-bottom gem-textbox-bottom-none default-fill\">\n\t\t\t\t<\/div>\n\t\n\t\n<\/div>\n\t\t<\/div>\n\t\t\t\t<\/div>\n\t\t\t\t\t<\/div>\n\t\t\t\t<\/div>\n\t\t<div class=\"elementor-element elementor-element-3386da9 e-flex e-con-boxed e-con e-parent\" data-id=\"3386da9\" data-element_type=\"container\" data-settings=\"{&quot;content_width&quot;:&quot;boxed&quot;}\" data-core-v316-plus=\"true\">\n\t\t\t\t\t<div class=\"e-con-inner\">\n\t\t<div class=\"elementor-element elementor-element-d495477 e-con-full e-flex e-con e-child\" data-id=\"d495477\" data-element_type=\"container\" data-settings=\"{&quot;content_width&quot;:&quot;full&quot;}\">\n\t\t\t\t<div class=\"elementor-element elementor-element-f914116 flex-horizontal-align-default flex-horizontal-align-tablet-default flex-horizontal-align-mobile-default flex-vertical-align-default flex-vertical-align-tablet-default flex-vertical-align-mobile-default elementor-widget elementor-widget-thegem-styledimage\" data-id=\"f914116\" data-element_type=\"widget\" data-settings=\"{&quot;image&quot;:{&quot;url&quot;:&quot;http:\\\/\\\/saicex.org\\\/wp-content\\\/uploads\\\/2024\\\/03\\\/diagnostico-alergia.jpg&quot;,&quot;id&quot;:1797,&quot;size&quot;:&quot;&quot;,&quot;alt&quot;:&quot;&quot;,&quot;source&quot;:&quot;library&quot;},&quot;thegem_elementor_preset&quot;:&quot;default&quot;}\" data-widget_type=\"thegem-styledimage.default\">\n\t\t\t\t<div class=\"elementor-widget-container\">\n\t\t\t\n<div class=\"styled-image-wrapper\">\n\t\t\t<div class=\"gem-image gem-wrapbox gem-wrapbox-default gem-wrapbox-position-left  \">\n\t\t\t<div class=\"gem-wrapbox-inner \" >\n\t\t\t\t\t\t\t\t\t<img decoding=\"async\" class=\"gem-wrapbox-element img-responsive \"\n\t\t\t\t\t\t src=\"https:\/\/saicex.org\/wp-content\/uploads\/2024\/03\/diagnostico-alergia.jpg\"\n\t\t\t\t\t\t alt=\"diagnostico-alergia\">\n\t\t\t\t\t\t\t\t<\/div>\n\t\t<\/div>\n\t\t<\/div>\n\n\n\t\n\t\t\t\t<\/div>\n\t\t\t\t<\/div>\n\t\t\t\t<\/div>\n\t\t<div class=\"elementor-element elementor-element-fbb8814 e-con-full e-flex e-con e-child\" data-id=\"fbb8814\" data-element_type=\"container\" data-settings=\"{&quot;content_width&quot;:&quot;full&quot;}\">\n\t\t\t\t<div class=\"elementor-element elementor-element-f612464 flex-horizontal-align-default flex-horizontal-align-tablet-default flex-horizontal-align-mobile-default flex-vertical-align-default flex-vertical-align-tablet-default flex-vertical-align-mobile-default elementor-widget elementor-widget-thegem-styled-textbox\" data-id=\"f612464\" data-element_type=\"widget\" data-settings=\"{&quot;thegem_elementor_preset&quot;:&quot;basic&quot;}\" data-widget_type=\"thegem-styled-textbox.default\">\n\t\t\t\t<div class=\"elementor-widget-container\">\n\t\t\t\n<div class=\"gem-textbox styled-textbox-basic\">\n\n\t\n\t\t<div class=\"gem-textbox-top gem-textbox-top-none default-fill\">\n\t\t\t\t\t<\/div>\n\t\n\t<div class=\"gem-textbox-inner\">\n\n\t\t<div class=\"gem-textbox-content default-background icon-top gem-textbox-icon-image-wrapping-none\">\n\n\t\t\t\t\t\t\t<div class=\"gem-texbox-icon-image-wrapper\">\n\n\t\t\t\t\t\t\t\t\t\t\t<div class=\"icon-top \">\n\t\t\t\t\t\t\t<div class=\"gem-textbox-icon\">\n\t\t\t\t\t\t\t\t<div class=\"elementor-icon\">\n\t\t\t\t\t\t\t\t\t\t\t\t\t\t\t\t\t<\/div>\n\t\t\t\t\t\t\t<\/div>\n\t\t\t\t\t\t<\/div>\n\t\t\t\t\t\n\t\t\t\t\t\n\t\t\t\t<\/div>\n\t\t\t\n\t\t\t<div class=\"gem-texbox-text-wrapper\">\n\n\t\t\t\t\t\t\t\t\t\n\t\t\t\t\t\t<div class=\"gem-textbox-title title-h4 bold\">\n\t\t\t\t\t\t\tPRUEBAS DE PROVOCACI\u00d3N O EXPOSI\u00d3N CONTROLADA\t\t\t\t\t\t<\/div>\n\n\t\t\t\t\t\n\t\t\t\t\t\n\t\t\t\t\t\t<div class=\"gem-textbox-description gem-text-output\">\n\t\t\t\t\t\t\t<p style=\"text-align: left\">En Alergolog\u00eda para poder llegar al diagn\u00f3stico de certeza, caracterizar determinadas reacciones, confirmar tolerancia o encontrar alternativas terap\u00e9uticas es necesario la administraci\u00f3n de forma controlada y con protocolos aprobados del material alerg\u00e9nico (f\u00e1rmacos o alimentos) a los pacientes.<\/p><p style=\"text-align: left\">Las pruebas de provocaci\u00f3n o exposici\u00f3n proporcionan el diagn\u00f3stico definitivo ante la sospecha de la implicaci\u00f3n de un mecanismo iunmun\u00f3logico como mecanismo implicado en una reacci\u00f3n con alimentos o medicamentos, especialmente ante la posibilidad de una reacci\u00f3n IgE mediada.<\/p><p style=\"text-align: left\">Esta situaci\u00f3n debe ser evaluada por un especialista en Alergolog\u00eda, son los especialistas que disponen de los mayores conocimientos y experiencia necesaria para evaluar la conveniencia de la prueba y valorar sus posibles riesgos.<\/p><p style=\"text-align: left\">Se atienden a paciente de todas las edades, desde las primeras alergias alimentarias en ni\u00f1os muy peque\u00f1os a leche y huevo hasta alergia alimentarias en adultos, pasando por las diferentes formas de presentaci\u00f3n y complejidad diagnostica de los mecanismos inmunoal\u00e9rgicos en las reacciones a f\u00e1rmacos en la poblaci\u00f3n infantil y adulta.<\/p><p style=\"text-align: left\">Esas pruebas se realizan en Hospital de D\u00eda donde se cuenta de un personal de enfermer\u00eda con experiencia en el manejo de situaciones de riesgo en las reacciones o con un facultativo especialista en Alergolog\u00eda que realiza una supervisi\u00f3n directa y que cuenta con formaci\u00f3n espec\u00edfica en este tipo de pruebas de exposici\u00f3n.<\/p><p style=\"text-align: left\">Adem\u00e1s es necesario que el Hospital de D\u00eda cuente con unas instalaciones adecuadas en cuanto a dotaci\u00f3n en material para atender eventuales reacciones de compromiso vital como disponer del espacio suficiente para desarrollar los procedimientos.<\/p>\t\t\t\t\t\t<\/div>\n\n\t\t\t\t\t\n\t\t\t\t\n\t\t\t\t\n\t\t\t<\/div>\n\n\t\t<\/div>\n\n\t<\/div>\n\n\t\n\t\t<div class=\"gem-textbox-bottom gem-textbox-bottom-none default-fill\">\n\t\t\t\t<\/div>\n\t\n\t\n<\/div>\n\t\t<\/div>\n\t\t\t\t<\/div>\n\t\t\t\t<\/div>\n\t\t\t\t\t<\/div>\n\t\t\t\t<\/div>\n\t\t\t\t<\/div>\n\t\t","protected":false},"excerpt":{"rendered":"<p>\u00bfQu\u00e9 es la alergia? Las reacciones al\u00e9rgicas son respuestas exageradas del sistema inmunitario del paciente que identifica como extra\u00f1as a&#8230;<\/p>\n","protected":false},"author":1,"featured_media":0,"parent":0,"menu_order":0,"comment_status":"closed","ping_status":"closed","template":"page-fullwidth.php","meta":{"footnotes":""},"class_list":["post-1793","page","type-page","status-publish"],"yoast_head":"<!-- This site is optimized with the Yoast SEO plugin v22.0 - https:\/\/yoast.com\/wordpress\/plugins\/seo\/ -->\n<title>Enfermedades al\u00e9rgicas - Saicex<\/title>\n<meta name=\"robots\" content=\"index, follow, max-snippet:-1, max-image-preview:large, max-video-preview:-1\" \/>\n<link rel=\"canonical\" href=\"https:\/\/saicex.org\/?page_id=1793\" \/>\n<meta property=\"og:locale\" content=\"es_ES\" \/>\n<meta property=\"og:type\" content=\"article\" \/>\n<meta property=\"og:title\" content=\"Enfermedades al\u00e9rgicas - Saicex\" \/>\n<meta property=\"og:description\" content=\"\u00bfQu\u00e9 es la alergia? Las reacciones al\u00e9rgicas son respuestas exageradas del sistema inmunitario del paciente que identifica como extra\u00f1as a...\" \/>\n<meta property=\"og:url\" content=\"https:\/\/saicex.org\/?page_id=1793\" \/>\n<meta property=\"og:site_name\" content=\"Saicex\" \/>\n<meta property=\"article:modified_time\" content=\"2024-03-07T09:56:49+00:00\" \/>\n<meta name=\"twitter:card\" content=\"summary_large_image\" \/>\n<meta name=\"twitter:label1\" content=\"Tiempo de lectura\" \/>\n\t<meta name=\"twitter:data1\" content=\"4 minutos\" \/>\n<script type=\"application\/ld+json\" class=\"yoast-schema-graph\">{\"@context\":\"https:\/\/schema.org\",\"@graph\":[{\"@type\":\"WebPage\",\"@id\":\"https:\/\/saicex.org\/?page_id=1793\",\"url\":\"https:\/\/saicex.org\/?page_id=1793\",\"name\":\"Enfermedades al\u00e9rgicas - Saicex\",\"isPartOf\":{\"@id\":\"https:\/\/saicex.org\/#website\"},\"datePublished\":\"2024-03-07T09:11:51+00:00\",\"dateModified\":\"2024-03-07T09:56:49+00:00\",\"breadcrumb\":{\"@id\":\"https:\/\/saicex.org\/?page_id=1793#breadcrumb\"},\"inLanguage\":\"es\",\"potentialAction\":[{\"@type\":\"ReadAction\",\"target\":[\"https:\/\/saicex.org\/?page_id=1793\"]}]},{\"@type\":\"BreadcrumbList\",\"@id\":\"https:\/\/saicex.org\/?page_id=1793#breadcrumb\",\"itemListElement\":[{\"@type\":\"ListItem\",\"position\":1,\"name\":\"Portada\",\"item\":\"https:\/\/saicex.org\/\"},{\"@type\":\"ListItem\",\"position\":2,\"name\":\"Enfermedades al\u00e9rgicas\"}]},{\"@type\":\"WebSite\",\"@id\":\"https:\/\/saicex.org\/#website\",\"url\":\"https:\/\/saicex.org\/\",\"name\":\"Saicex\",\"description\":\"\",\"potentialAction\":[{\"@type\":\"SearchAction\",\"target\":{\"@type\":\"EntryPoint\",\"urlTemplate\":\"https:\/\/saicex.org\/?s={search_term_string}\"},\"query-input\":\"required name=search_term_string\"}],\"inLanguage\":\"es\"}]}<\/script>\n<!-- \/ Yoast SEO plugin. -->","yoast_head_json":{"title":"Enfermedades al\u00e9rgicas - Saicex","robots":{"index":"index","follow":"follow","max-snippet":"max-snippet:-1","max-image-preview":"max-image-preview:large","max-video-preview":"max-video-preview:-1"},"canonical":"https:\/\/saicex.org\/?page_id=1793","og_locale":"es_ES","og_type":"article","og_title":"Enfermedades al\u00e9rgicas - Saicex","og_description":"\u00bfQu\u00e9 es la alergia? Las reacciones al\u00e9rgicas son respuestas exageradas del sistema inmunitario del paciente que identifica como extra\u00f1as a...","og_url":"https:\/\/saicex.org\/?page_id=1793","og_site_name":"Saicex","article_modified_time":"2024-03-07T09:56:49+00:00","twitter_card":"summary_large_image","twitter_misc":{"Tiempo de lectura":"4 minutos"},"schema":{"@context":"https:\/\/schema.org","@graph":[{"@type":"WebPage","@id":"https:\/\/saicex.org\/?page_id=1793","url":"https:\/\/saicex.org\/?page_id=1793","name":"Enfermedades al\u00e9rgicas - Saicex","isPartOf":{"@id":"https:\/\/saicex.org\/#website"},"datePublished":"2024-03-07T09:11:51+00:00","dateModified":"2024-03-07T09:56:49+00:00","breadcrumb":{"@id":"https:\/\/saicex.org\/?page_id=1793#breadcrumb"},"inLanguage":"es","potentialAction":[{"@type":"ReadAction","target":["https:\/\/saicex.org\/?page_id=1793"]}]},{"@type":"BreadcrumbList","@id":"https:\/\/saicex.org\/?page_id=1793#breadcrumb","itemListElement":[{"@type":"ListItem","position":1,"name":"Portada","item":"https:\/\/saicex.org\/"},{"@type":"ListItem","position":2,"name":"Enfermedades al\u00e9rgicas"}]},{"@type":"WebSite","@id":"https:\/\/saicex.org\/#website","url":"https:\/\/saicex.org\/","name":"Saicex","description":"","potentialAction":[{"@type":"SearchAction","target":{"@type":"EntryPoint","urlTemplate":"https:\/\/saicex.org\/?s={search_term_string}"},"query-input":"required name=search_term_string"}],"inLanguage":"es"}]}},"_links":{"self":[{"href":"https:\/\/saicex.org\/index.php?rest_route=\/wp\/v2\/pages\/1793","targetHints":{"allow":["GET"]}}],"collection":[{"href":"https:\/\/saicex.org\/index.php?rest_route=\/wp\/v2\/pages"}],"about":[{"href":"https:\/\/saicex.org\/index.php?rest_route=\/wp\/v2\/types\/page"}],"author":[{"embeddable":true,"href":"https:\/\/saicex.org\/index.php?rest_route=\/wp\/v2\/users\/1"}],"replies":[{"embeddable":true,"href":"https:\/\/saicex.org\/index.php?rest_route=%2Fwp%2Fv2%2Fcomments&post=1793"}],"version-history":[{"count":4,"href":"https:\/\/saicex.org\/index.php?rest_route=\/wp\/v2\/pages\/1793\/revisions"}],"predecessor-version":[{"id":1800,"href":"https:\/\/saicex.org\/index.php?rest_route=\/wp\/v2\/pages\/1793\/revisions\/1800"}],"wp:attachment":[{"href":"https:\/\/saicex.org\/index.php?rest_route=%2Fwp%2Fv2%2Fmedia&parent=1793"}],"curies":[{"name":"wp","href":"https:\/\/api.w.org\/{rel}","templated":true}]}}