{"id":1745,"date":"2024-03-06T12:32:33","date_gmt":"2024-03-06T12:32:33","guid":{"rendered":"http:\/\/saicex.org\/?page_id=1745"},"modified":"2024-03-06T13:14:58","modified_gmt":"2024-03-06T13:14:58","slug":"consejo-para-pacientes","status":"publish","type":"page","link":"https:\/\/saicex.org\/?page_id=1745","title":{"rendered":"Consejo para pacientes"},"content":{"rendered":"\t\t<div data-elementor-type=\"wp-page\" data-elementor-id=\"1745\" class=\"elementor elementor-1745\">\n\t\t\t\t<div class=\"elementor-element elementor-element-d8f80cd e-flex e-con-boxed e-con e-parent\" data-id=\"d8f80cd\" data-element_type=\"container\" data-settings=\"{&quot;content_width&quot;:&quot;boxed&quot;}\" data-core-v316-plus=\"true\">\n\t\t\t\t\t<div class=\"e-con-inner\">\n\t\t\t\t<div class=\"elementor-element elementor-element-200848e flex-horizontal-align-default flex-horizontal-align-tablet-default flex-horizontal-align-mobile-default flex-vertical-align-default flex-vertical-align-tablet-default flex-vertical-align-mobile-default elementor-widget elementor-widget-thegem-quickfinders\" data-id=\"200848e\" data-element_type=\"widget\" data-settings=\"{&quot;thegem_elementor_preset&quot;:&quot;grid-basic-centered&quot;}\" data-widget_type=\"thegem-quickfinders.default\">\n\t\t\t\t<div class=\"elementor-widget-container\">\n\t\t\t\n<div class=\"quickfinder row inline-row quickfinder-style-grid-basic-centered quickfinder-equal-height\">\n\t\t\t<div class=\"lazy-loading  quickfinder-item inline-column col-md-4 col-sm-6 col-xs-12\">\n\n\t\t\t\n\t\t\t\t<div class=\"quickfinder-item-inner icon-top icon-wrapping-none centered-box button-bottom lazy-loading-item\" data-ll-effect=\"fading\" data-ll-item-delay=\"200\"> \n\n\t\t\t\t\t\t\t\t\t\t\t<div class=\"quickfinder-icon-container\">\n\n\t<div class=\"connector-container\">\n\t\t<span><\/span>\n\t<\/div>\n\n\t<div class=\"gem-qf-icon-image-wrapper lazy-loading-item\" data-ll-effect=\"clip\">\n\t\t\t\t\t<div class=\"gem-image\">\n\t\t\t\t<span>\n\t\t\t\t\t<img decoding=\"async\" width=\"178\" height=\"178\" src=\"https:\/\/saicex.org\/wp-content\/uploads\/2024\/03\/animales.png\" class=\"attachment-full size-full wp-image-1757\" alt=\"\" srcset=\"https:\/\/saicex.org\/wp-content\/uploads\/2024\/03\/animales.png 178w, https:\/\/saicex.org\/wp-content\/uploads\/2024\/03\/animales-150x150.png 150w\" sizes=\"(max-width: 178px) 100vw, 178px\" \/>\t\t\t\t<\/span>\n\t\t\t<\/div>\n\n\n\t\t\n\t\t\t<\/div>\n\n\t<div class=\"connector-container\">\n\t\t<span><\/span>\n\t<\/div>\n\n<\/div>\n\n\t\t\t\t\t\n\t\t\t\t\t<div class=\"quickfinder-item-info-wrapper\"> \n\t\t\t\t\t\t<div class=\"quickfinder-item-info lazy-loading-item\" data-ll-effect=\"fading\" data-ll-item-delay=\"200\">\n\t\n\t\t<h6 class=\"quickfinder-title title-h6 light\">\n\t\t\tConsejos para al\u00e9rgicos a epitelio de animales\t\t<\/h6>\n\t\n\t\n\t<\/div>\t\t\t\t\t<\/div>\n\n\t\t\t\t\t\t<a href=\"http:\/\/saicex.org\/?page_id=1587\" class=\"quickfinder-item-link\"><\/a>\n\n\t\t\t\t<\/div>\n\n\t\t\t\t\t<\/div>\n\t\t\t<div class=\"lazy-loading  quickfinder-item inline-column col-md-4 col-sm-6 col-xs-12\">\n\n\t\t\t\n\t\t\t\t<div class=\"quickfinder-item-inner icon-top icon-wrapping-none centered-box button-bottom lazy-loading-item\" data-ll-effect=\"fading\" data-ll-item-delay=\"200\"> \n\n\t\t\t\t\t\t\t\t\t\t\t<div class=\"quickfinder-icon-container\">\n\n\t<div class=\"connector-container\">\n\t\t<span><\/span>\n\t<\/div>\n\n\t<div class=\"gem-qf-icon-image-wrapper lazy-loading-item\" data-ll-effect=\"clip\">\n\t\t\t\t\t<div class=\"gem-image\">\n\t\t\t\t<span>\n\t\t\t\t\t<img decoding=\"async\" width=\"178\" height=\"178\" src=\"https:\/\/saicex.org\/wp-content\/uploads\/2024\/03\/Anisakis.png\" class=\"attachment-full size-full wp-image-1756\" alt=\"\" srcset=\"https:\/\/saicex.org\/wp-content\/uploads\/2024\/03\/Anisakis.png 178w, https:\/\/saicex.org\/wp-content\/uploads\/2024\/03\/Anisakis-150x150.png 150w\" sizes=\"(max-width: 178px) 100vw, 178px\" \/>\t\t\t\t<\/span>\n\t\t\t<\/div>\n\n\n\t\t\n\t\t\t<\/div>\n\n\t<div class=\"connector-container\">\n\t\t<span><\/span>\n\t<\/div>\n\n<\/div>\n\n\t\t\t\t\t\n\t\t\t\t\t<div class=\"quickfinder-item-info-wrapper\"> \n\t\t\t\t\t\t<div class=\"quickfinder-item-info lazy-loading-item\" data-ll-effect=\"fading\" data-ll-item-delay=\"200\">\n\t\n\t\t<h6 class=\"quickfinder-title title-h6 light\">\n\t\t\tConsejos para al\u00e9rgicos a anisakis simplex\t\t<\/h6>\n\t\n\t\n\t<\/div>\t\t\t\t\t<\/div>\n\n\t\t\t\t\t\t<a href=\"http:\/\/saicex.org\/?page_id=1630\" class=\"quickfinder-item-link\"><\/a>\n\n\t\t\t\t<\/div>\n\n\t\t\t\t\t<\/div>\n\t\t\t<div class=\"lazy-loading  quickfinder-item inline-column col-md-4 col-sm-6 col-xs-12\">\n\n\t\t\t\n\t\t\t\t<div class=\"quickfinder-item-inner icon-top icon-wrapping-none centered-box button-bottom lazy-loading-item\" data-ll-effect=\"fading\" data-ll-item-delay=\"200\"> \n\n\t\t\t\t\t\t\t\t\t\t\t<div class=\"quickfinder-icon-container\">\n\n\t<div class=\"connector-container\">\n\t\t<span><\/span>\n\t<\/div>\n\n\t<div class=\"gem-qf-icon-image-wrapper lazy-loading-item\" data-ll-effect=\"clip\">\n\t\t\t\t\t<div class=\"gem-image\">\n\t\t\t\t<span>\n\t\t\t\t\t<img decoding=\"async\" width=\"178\" height=\"178\" src=\"https:\/\/saicex.org\/wp-content\/uploads\/2024\/03\/Acaro.png\" class=\"attachment-full size-full wp-image-1755\" alt=\"\" srcset=\"https:\/\/saicex.org\/wp-content\/uploads\/2024\/03\/Acaro.png 178w, https:\/\/saicex.org\/wp-content\/uploads\/2024\/03\/Acaro-150x150.png 150w\" sizes=\"(max-width: 178px) 100vw, 178px\" \/>\t\t\t\t<\/span>\n\t\t\t<\/div>\n\n\n\t\t\n\t\t\t<\/div>\n\n\t<div class=\"connector-container\">\n\t\t<span><\/span>\n\t<\/div>\n\n<\/div>\n\n\t\t\t\t\t\n\t\t\t\t\t<div class=\"quickfinder-item-info-wrapper\"> \n\t\t\t\t\t\t<div class=\"quickfinder-item-info lazy-loading-item\" data-ll-effect=\"fading\" data-ll-item-delay=\"200\">\n\t\n\t\t<h6 class=\"quickfinder-title title-h6 light\">\n\t\t\tConsejos para al\u00e9rgicos a \u00e1caros\t\t<\/h6>\n\t\n\t\n\t<\/div>\t\t\t\t\t<\/div>\n\n\t\t\t\t\t\t<a href=\"http:\/\/saicex.org\/?page_id=1603\" class=\"quickfinder-item-link\"><\/a>\n\n\t\t\t\t<\/div>\n\n\t\t\t\t\t<\/div>\n\t\t\t<div class=\"lazy-loading  quickfinder-item inline-column col-md-4 col-sm-6 col-xs-12\">\n\n\t\t\t\n\t\t\t\t<div class=\"quickfinder-item-inner icon-top icon-wrapping-none centered-box button-bottom lazy-loading-item\" data-ll-effect=\"fading\" data-ll-item-delay=\"200\"> \n\n\t\t\t\t\t\t\t\t\t\t\t<div class=\"quickfinder-icon-container\">\n\n\t<div class=\"connector-container\">\n\t\t<span><\/span>\n\t<\/div>\n\n\t<div class=\"gem-qf-icon-image-wrapper lazy-loading-item\" data-ll-effect=\"clip\">\n\t\t\t\t\t<div class=\"gem-image\">\n\t\t\t\t<span>\n\t\t\t\t\t<img loading=\"lazy\" decoding=\"async\" width=\"178\" height=\"178\" src=\"https:\/\/saicex.org\/wp-content\/uploads\/2024\/03\/Himenoptero.png\" class=\"attachment-full size-full wp-image-1758\" alt=\"\" srcset=\"https:\/\/saicex.org\/wp-content\/uploads\/2024\/03\/Himenoptero.png 178w, https:\/\/saicex.org\/wp-content\/uploads\/2024\/03\/Himenoptero-150x150.png 150w\" sizes=\"(max-width: 178px) 100vw, 178px\" \/>\t\t\t\t<\/span>\n\t\t\t<\/div>\n\n\n\t\t\n\t\t\t<\/div>\n\n\t<div class=\"connector-container\">\n\t\t<span><\/span>\n\t<\/div>\n\n<\/div>\n\n\t\t\t\t\t\n\t\t\t\t\t<div class=\"quickfinder-item-info-wrapper\"> \n\t\t\t\t\t\t<div class=\"quickfinder-item-info lazy-loading-item\" data-ll-effect=\"fading\" data-ll-item-delay=\"200\">\n\t\n\t\t<h6 class=\"quickfinder-title title-h6 light\">\n\t\t\tConsejos para al\u00e9rgicos a veneno de himen\u00f3pteros\t\t<\/h6>\n\t\n\t\n\t<\/div>\t\t\t\t\t<\/div>\n\n\t\t\t\t\t\t<a href=\"http:\/\/saicex.org\/?page_id=1641\" class=\"quickfinder-item-link\"><\/a>\n\n\t\t\t\t<\/div>\n\n\t\t\t\t\t<\/div>\n\t\t\t<div class=\"lazy-loading  quickfinder-item inline-column col-md-4 col-sm-6 col-xs-12\">\n\n\t\t\t\n\t\t\t\t<div class=\"quickfinder-item-inner icon-top icon-wrapping-none centered-box button-bottom lazy-loading-item\" data-ll-effect=\"fading\" data-ll-item-delay=\"200\"> \n\n\t\t\t\t\t\t\t\t\t\t\t<div class=\"quickfinder-icon-container\">\n\n\t<div class=\"connector-container\">\n\t\t<span><\/span>\n\t<\/div>\n\n\t<div class=\"gem-qf-icon-image-wrapper lazy-loading-item\" data-ll-effect=\"clip\">\n\t\t\t\t\t<div class=\"gem-image\">\n\t\t\t\t<span>\n\t\t\t\t\t<img loading=\"lazy\" decoding=\"async\" width=\"178\" height=\"178\" src=\"https:\/\/saicex.org\/wp-content\/uploads\/2024\/03\/Polen.png\" class=\"attachment-full size-full wp-image-1754\" alt=\"\" srcset=\"https:\/\/saicex.org\/wp-content\/uploads\/2024\/03\/Polen.png 178w, https:\/\/saicex.org\/wp-content\/uploads\/2024\/03\/Polen-150x150.png 150w\" sizes=\"(max-width: 178px) 100vw, 178px\" \/>\t\t\t\t<\/span>\n\t\t\t<\/div>\n\n\n\t\t\n\t\t\t<\/div>\n\n\t<div class=\"connector-container\">\n\t\t<span><\/span>\n\t<\/div>\n\n<\/div>\n\n\t\t\t\t\t\n\t\t\t\t\t<div class=\"quickfinder-item-info-wrapper\"> \n\t\t\t\t\t\t<div class=\"quickfinder-item-info lazy-loading-item\" data-ll-effect=\"fading\" data-ll-item-delay=\"200\">\n\t\n\t\t<h6 class=\"quickfinder-title title-h6 light\">\n\t\t\tConsejos para al\u00e9rgicos a p\u00f3lenes\t\t<\/h6>\n\t\n\t\n\t<\/div>\t\t\t\t\t<\/div>\n\n\t\t\t\t\t\t<a href=\"http:\/\/saicex.org\/?page_id=1610\" class=\"quickfinder-item-link\"><\/a>\n\n\t\t\t\t<\/div>\n\n\t\t\t\t\t<\/div>\n\t\t\t<div class=\"lazy-loading  quickfinder-item inline-column col-md-4 col-sm-6 col-xs-12\">\n\n\t\t\t\n\t\t\t\t<div class=\"quickfinder-item-inner icon-top icon-wrapping-none centered-box button-bottom lazy-loading-item\" data-ll-effect=\"fading\" data-ll-item-delay=\"200\"> \n\n\t\t\t\t\t\t\t\t\t\t\t<div class=\"quickfinder-icon-container\">\n\n\t<div class=\"connector-container\">\n\t\t<span><\/span>\n\t<\/div>\n\n\t<div class=\"gem-qf-icon-image-wrapper lazy-loading-item\" data-ll-effect=\"clip\">\n\t\t\t\t\t<div class=\"gem-image\">\n\t\t\t\t<span>\n\t\t\t\t\t<img loading=\"lazy\" decoding=\"async\" width=\"178\" height=\"178\" src=\"https:\/\/saicex.org\/wp-content\/uploads\/2024\/03\/Alimentos.png\" class=\"attachment-full size-full wp-image-1753\" alt=\"\" srcset=\"https:\/\/saicex.org\/wp-content\/uploads\/2024\/03\/Alimentos.png 178w, https:\/\/saicex.org\/wp-content\/uploads\/2024\/03\/Alimentos-150x150.png 150w\" sizes=\"(max-width: 178px) 100vw, 178px\" \/>\t\t\t\t<\/span>\n\t\t\t<\/div>\n\n\n\t\t\n\t\t\t<\/div>\n\n\t<div class=\"connector-container\">\n\t\t<span><\/span>\n\t<\/div>\n\n<\/div>\n\n\t\t\t\t\t\n\t\t\t\t\t<div class=\"quickfinder-item-info-wrapper\"> \n\t\t\t\t\t\t<div class=\"quickfinder-item-info lazy-loading-item\" data-ll-effect=\"fading\" data-ll-item-delay=\"200\">\n\t\n\t\t<h6 class=\"quickfinder-title title-h6 light\">\n\t\t\tConsejos para al\u00e9rgicos a alimentos en ni\u00f1os y adultos\t\t<\/h6>\n\t\n\t\n\t<\/div>\t\t\t\t\t<\/div>\n\n\t\t\t\t\t\t<a href=\"http:\/\/saicex.org\/?page_id=1656\" class=\"quickfinder-item-link\"><\/a>\n\n\t\t\t\t<\/div>\n\n\t\t\t\t\t<\/div>\n\t\t\t<div class=\"lazy-loading  quickfinder-item inline-column col-md-4 col-sm-6 col-xs-12\">\n\n\t\t\t\n\t\t\t\t<div class=\"quickfinder-item-inner icon-top icon-wrapping-none centered-box button-bottom lazy-loading-item\" data-ll-effect=\"fading\" data-ll-item-delay=\"200\"> \n\n\t\t\t\t\t\t\t\t\t\t\t<div class=\"quickfinder-icon-container\">\n\n\t<div class=\"connector-container\">\n\t\t<span><\/span>\n\t<\/div>\n\n\t<div class=\"gem-qf-icon-image-wrapper lazy-loading-item\" data-ll-effect=\"clip\">\n\t\t\t\t\t<div class=\"gem-image\">\n\t\t\t\t<span>\n\t\t\t\t\t<img loading=\"lazy\" decoding=\"async\" width=\"178\" height=\"178\" src=\"https:\/\/saicex.org\/wp-content\/uploads\/2024\/03\/Hongo.png\" class=\"attachment-full size-full wp-image-1752\" alt=\"\" srcset=\"https:\/\/saicex.org\/wp-content\/uploads\/2024\/03\/Hongo.png 178w, https:\/\/saicex.org\/wp-content\/uploads\/2024\/03\/Hongo-150x150.png 150w\" sizes=\"(max-width: 178px) 100vw, 178px\" \/>\t\t\t\t<\/span>\n\t\t\t<\/div>\n\n\n\t\t\n\t\t\t<\/div>\n\n\t<div class=\"connector-container\">\n\t\t<span><\/span>\n\t<\/div>\n\n<\/div>\n\n\t\t\t\t\t\n\t\t\t\t\t<div class=\"quickfinder-item-info-wrapper\"> \n\t\t\t\t\t\t<div class=\"quickfinder-item-info lazy-loading-item\" data-ll-effect=\"fading\" data-ll-item-delay=\"200\">\n\t\n\t\t<h6 class=\"quickfinder-title title-h6 light\">\n\t\t\tConsejos para al\u00e9rgicos a hongos\t\t<\/h6>\n\t\n\t\n\t<\/div>\t\t\t\t\t<\/div>\n\n\t\t\t\t\t\t<a href=\"http:\/\/saicex.org\/?page_id=1618%20\" class=\"quickfinder-item-link\"><\/a>\n\n\t\t\t\t<\/div>\n\n\t\t\t\t\t<\/div>\n\t\t\t<div class=\"lazy-loading  quickfinder-item inline-column col-md-4 col-sm-6 col-xs-12\">\n\n\t\t\t\n\t\t\t\t<div class=\"quickfinder-item-inner icon-top icon-wrapping-none centered-box button-bottom lazy-loading-item\" data-ll-effect=\"fading\" data-ll-item-delay=\"200\"> \n\n\t\t\t\t\t\t\t\t\t\t\t<div class=\"quickfinder-icon-container\">\n\n\t<div class=\"connector-container\">\n\t\t<span><\/span>\n\t<\/div>\n\n\t<div class=\"gem-qf-icon-image-wrapper lazy-loading-item\" data-ll-effect=\"clip\">\n\t\t\t\t\t<div class=\"gem-image\">\n\t\t\t\t<span>\n\t\t\t\t\t<img loading=\"lazy\" decoding=\"async\" width=\"178\" height=\"178\" src=\"https:\/\/saicex.org\/wp-content\/uploads\/2024\/03\/Latex-fruta.png\" class=\"attachment-full size-full wp-image-1751\" alt=\"\" srcset=\"https:\/\/saicex.org\/wp-content\/uploads\/2024\/03\/Latex-fruta.png 178w, https:\/\/saicex.org\/wp-content\/uploads\/2024\/03\/Latex-fruta-150x150.png 150w\" sizes=\"(max-width: 178px) 100vw, 178px\" \/>\t\t\t\t<\/span>\n\t\t\t<\/div>\n\n\n\t\t\n\t\t\t<\/div>\n\n\t<div class=\"connector-container\">\n\t\t<span><\/span>\n\t<\/div>\n\n<\/div>\n\n\t\t\t\t\t\n\t\t\t\t\t<div class=\"quickfinder-item-info-wrapper\"> \n\t\t\t\t\t\t<div class=\"quickfinder-item-info lazy-loading-item\" data-ll-effect=\"fading\" data-ll-item-delay=\"200\">\n\t\n\t\t<h6 class=\"quickfinder-title title-h6 light\">\n\t\t\tConsejos para al\u00e9rgicos con s\u00edndrome l\u00e1tex-frutas\t\t<\/h6>\n\t\n\t\n\t<\/div>\t\t\t\t\t<\/div>\n\n\t\t\t\t\t\t<a href=\"http:\/\/saicex.org\/?page_id=1648\" class=\"quickfinder-item-link\"><\/a>\n\n\t\t\t\t<\/div>\n\n\t\t\t\t\t<\/div>\n\t<\/div>\n\t\t<\/div>\n\t\t\t\t<\/div>\n\t\t\t\t\t<\/div>\n\t\t\t\t<\/div>\n\t\t\t\t<\/div>\n\t\t","protected":false},"excerpt":{"rendered":"<p>Consejos para al\u00e9rgicos a epitelio de animales Consejos para al\u00e9rgicos a anisakis simplex Consejos para al\u00e9rgicos a \u00e1caros Consejos para&#8230;<\/p>\n","protected":false},"author":1,"featured_media":0,"parent":0,"menu_order":0,"comment_status":"closed","ping_status":"closed","template":"page-fullwidth.php","meta":{"footnotes":""},"class_list":["post-1745","page","type-page","status-publish"],"yoast_head":"<!-- This site is optimized with the Yoast SEO plugin v22.0 - https:\/\/yoast.com\/wordpress\/plugins\/seo\/ -->\n<title>Consejo para pacientes - Saicex<\/title>\n<meta name=\"robots\" content=\"index, follow, max-snippet:-1, max-image-preview:large, max-video-preview:-1\" \/>\n<link rel=\"canonical\" href=\"https:\/\/saicex.org\/?page_id=1745\" \/>\n<meta property=\"og:locale\" content=\"es_ES\" \/>\n<meta property=\"og:type\" content=\"article\" \/>\n<meta property=\"og:title\" content=\"Consejo para pacientes - Saicex\" \/>\n<meta property=\"og:description\" content=\"Consejos para al\u00e9rgicos a epitelio de animales Consejos para al\u00e9rgicos a anisakis simplex Consejos para al\u00e9rgicos a \u00e1caros Consejos para...\" \/>\n<meta property=\"og:url\" content=\"https:\/\/saicex.org\/?page_id=1745\" \/>\n<meta property=\"og:site_name\" content=\"Saicex\" \/>\n<meta property=\"article:modified_time\" content=\"2024-03-06T13:14:58+00:00\" \/>\n<meta property=\"og:image\" content=\"http:\/\/saicex.org\/wp-content\/uploads\/2024\/03\/animales.png\" \/>\n<meta name=\"twitter:card\" content=\"summary_large_image\" \/>\n<script type=\"application\/ld+json\" class=\"yoast-schema-graph\">{\"@context\":\"https:\/\/schema.org\",\"@graph\":[{\"@type\":\"WebPage\",\"@id\":\"https:\/\/saicex.org\/?page_id=1745\",\"url\":\"https:\/\/saicex.org\/?page_id=1745\",\"name\":\"Consejo para pacientes - Saicex\",\"isPartOf\":{\"@id\":\"https:\/\/saicex.org\/#website\"},\"datePublished\":\"2024-03-06T12:32:33+00:00\",\"dateModified\":\"2024-03-06T13:14:58+00:00\",\"breadcrumb\":{\"@id\":\"https:\/\/saicex.org\/?page_id=1745#breadcrumb\"},\"inLanguage\":\"es\",\"potentialAction\":[{\"@type\":\"ReadAction\",\"target\":[\"https:\/\/saicex.org\/?page_id=1745\"]}]},{\"@type\":\"BreadcrumbList\",\"@id\":\"https:\/\/saicex.org\/?page_id=1745#breadcrumb\",\"itemListElement\":[{\"@type\":\"ListItem\",\"position\":1,\"name\":\"Portada\",\"item\":\"https:\/\/saicex.org\/\"},{\"@type\":\"ListItem\",\"position\":2,\"name\":\"Consejo para pacientes\"}]},{\"@type\":\"WebSite\",\"@id\":\"https:\/\/saicex.org\/#website\",\"url\":\"https:\/\/saicex.org\/\",\"name\":\"Saicex\",\"description\":\"\",\"potentialAction\":[{\"@type\":\"SearchAction\",\"target\":{\"@type\":\"EntryPoint\",\"urlTemplate\":\"https:\/\/saicex.org\/?s={search_term_string}\"},\"query-input\":\"required name=search_term_string\"}],\"inLanguage\":\"es\"}]}<\/script>\n<!-- \/ Yoast SEO plugin. -->","yoast_head_json":{"title":"Consejo para pacientes - Saicex","robots":{"index":"index","follow":"follow","max-snippet":"max-snippet:-1","max-image-preview":"max-image-preview:large","max-video-preview":"max-video-preview:-1"},"canonical":"https:\/\/saicex.org\/?page_id=1745","og_locale":"es_ES","og_type":"article","og_title":"Consejo para pacientes - Saicex","og_description":"Consejos para al\u00e9rgicos a epitelio de animales Consejos para al\u00e9rgicos a anisakis simplex Consejos para al\u00e9rgicos a \u00e1caros Consejos para...","og_url":"https:\/\/saicex.org\/?page_id=1745","og_site_name":"Saicex","article_modified_time":"2024-03-06T13:14:58+00:00","og_image":[{"url":"http:\/\/saicex.org\/wp-content\/uploads\/2024\/03\/animales.png"}],"twitter_card":"summary_large_image","schema":{"@context":"https:\/\/schema.org","@graph":[{"@type":"WebPage","@id":"https:\/\/saicex.org\/?page_id=1745","url":"https:\/\/saicex.org\/?page_id=1745","name":"Consejo para pacientes - Saicex","isPartOf":{"@id":"https:\/\/saicex.org\/#website"},"datePublished":"2024-03-06T12:32:33+00:00","dateModified":"2024-03-06T13:14:58+00:00","breadcrumb":{"@id":"https:\/\/saicex.org\/?page_id=1745#breadcrumb"},"inLanguage":"es","potentialAction":[{"@type":"ReadAction","target":["https:\/\/saicex.org\/?page_id=1745"]}]},{"@type":"BreadcrumbList","@id":"https:\/\/saicex.org\/?page_id=1745#breadcrumb","itemListElement":[{"@type":"ListItem","position":1,"name":"Portada","item":"https:\/\/saicex.org\/"},{"@type":"ListItem","position":2,"name":"Consejo para pacientes"}]},{"@type":"WebSite","@id":"https:\/\/saicex.org\/#website","url":"https:\/\/saicex.org\/","name":"Saicex","description":"","potentialAction":[{"@type":"SearchAction","target":{"@type":"EntryPoint","urlTemplate":"https:\/\/saicex.org\/?s={search_term_string}"},"query-input":"required name=search_term_string"}],"inLanguage":"es"}]}},"_links":{"self":[{"href":"https:\/\/saicex.org\/index.php?rest_route=\/wp\/v2\/pages\/1745","targetHints":{"allow":["GET"]}}],"collection":[{"href":"https:\/\/saicex.org\/index.php?rest_route=\/wp\/v2\/pages"}],"about":[{"href":"https:\/\/saicex.org\/index.php?rest_route=\/wp\/v2\/types\/page"}],"author":[{"embeddable":true,"href":"https:\/\/saicex.org\/index.php?rest_route=\/wp\/v2\/users\/1"}],"replies":[{"embeddable":true,"href":"https:\/\/saicex.org\/index.php?rest_route=%2Fwp%2Fv2%2Fcomments&post=1745"}],"version-history":[{"count":13,"href":"https:\/\/saicex.org\/index.php?rest_route=\/wp\/v2\/pages\/1745\/revisions"}],"predecessor-version":[{"id":1786,"href":"https:\/\/saicex.org\/index.php?rest_route=\/wp\/v2\/pages\/1745\/revisions\/1786"}],"wp:attachment":[{"href":"https:\/\/saicex.org\/index.php?rest_route=%2Fwp%2Fv2%2Fmedia&parent=1745"}],"curies":[{"name":"wp","href":"https:\/\/api.w.org\/{rel}","templated":true}]}}