{"id":1648,"date":"2024-03-05T12:56:49","date_gmt":"2024-03-05T12:56:49","guid":{"rendered":"http:\/\/saicex.org\/?page_id=1648"},"modified":"2024-03-05T13:03:45","modified_gmt":"2024-03-05T13:03:45","slug":"consejo-para-alergicos-para-pacientes-con-sindrome-latex-frutas","status":"publish","type":"page","link":"https:\/\/saicex.org\/?page_id=1648","title":{"rendered":"Consejo para al\u00e9rgicos para pacientes con s\u00edndrome L\u00e1tex-frutas"},"content":{"rendered":"\t\t<div data-elementor-type=\"wp-page\" data-elementor-id=\"1648\" class=\"elementor elementor-1648\">\n\t\t\t\t<div class=\"elementor-element elementor-element-fbc3ae7 e-flex e-con-boxed e-con e-parent\" data-id=\"fbc3ae7\" data-element_type=\"container\" data-settings=\"{&quot;content_width&quot;:&quot;boxed&quot;}\" data-core-v316-plus=\"true\">\n\t\t\t\t\t<div class=\"e-con-inner\">\n\t\t<div class=\"elementor-element elementor-element-e023053 e-con-full e-flex e-con e-child\" data-id=\"e023053\" data-element_type=\"container\" data-settings=\"{&quot;content_width&quot;:&quot;full&quot;}\">\n\t\t\t\t<div class=\"elementor-element elementor-element-66f764d flex-horizontal-align-default flex-horizontal-align-tablet-default flex-horizontal-align-mobile-default flex-vertical-align-default flex-vertical-align-tablet-default flex-vertical-align-mobile-default elementor-widget elementor-widget-thegem-styled-textbox\" data-id=\"66f764d\" data-element_type=\"widget\" data-settings=\"{&quot;thegem_elementor_preset&quot;:&quot;basic&quot;}\" data-widget_type=\"thegem-styled-textbox.default\">\n\t\t\t\t<div class=\"elementor-widget-container\">\n\t\t\t\n<div class=\"gem-textbox styled-textbox-basic\">\n\n\t\n\t\t<div class=\"gem-textbox-top gem-textbox-top-none default-fill\">\n\t\t\t\t\t<\/div>\n\t\n\t<div class=\"gem-textbox-inner\">\n\n\t\t<div class=\"gem-textbox-content default-background icon-top gem-textbox-icon-image-wrapping-none\">\n\n\t\t\t\t\t\t\t<div class=\"gem-texbox-icon-image-wrapper\">\n\n\t\t\t\t\t\t\t\t\t\t\t<div class=\"icon-top \">\n\t\t\t\t\t\t\t<div class=\"gem-textbox-icon\">\n\t\t\t\t\t\t\t\t<div class=\"elementor-icon\">\n\t\t\t\t\t\t\t\t\t\t\t\t\t\t\t\t\t<\/div>\n\t\t\t\t\t\t\t<\/div>\n\t\t\t\t\t\t<\/div>\n\t\t\t\t\t\n\t\t\t\t\t\n\t\t\t\t<\/div>\n\t\t\t\n\t\t\t<div class=\"gem-texbox-text-wrapper\">\n\n\t\t\t\t\t\t\t\t\t\n\t\t\t\t\t\n\t\t\t\t\t\t<div class=\"gem-textbox-description gem-text-output\">\n\t\t\t\t\t\t\t<p style=\"text-align: left\">Aproximadamente la mitad de los pacientes al\u00e9rgicos a l\u00e1tex muestran alergia asociada a determinados alimentos como casta\u00f1a, kiwi, aguacate y pl\u00e1tano (aunque hay m\u00e1s implicados como papaya, nuez, higo, fruta de la pasi\u00f3n, mango, patata, tomate, etc). Estos alimentos tienen un al\u00e9rgeno en com\u00fan con el latex, que es una quitinasa, una prote\u00edna de defensa, que tiene reactividad cruzada con el al\u00e9rgeno mayor del l\u00e1tex que es la heve\u00edna.<\/p><p style=\"text-align: left\">En la mayor\u00eda de los casos, suele aparecer primero la alergia al l\u00e1tex y luego la alergia alimentaria, aunque hay casos en los que ocurre al contrario.<\/p><p style=\"text-align: left\">Este s\u00edndrome es un ejemplo de reactividad cruzada entre los al\u00e9rgenos de diferentes sustancias no relacionadas taxon\u00f3micamente.<\/p><p style=\"text-align: left\">\u00a0<\/p><p style=\"text-align: left\"><strong><em>\u00bfC\u00f3mo se manifiesta el s\u00edndrome latex-frutas?\u00a0<\/em><\/strong><\/p><p style=\"text-align: left\">La mitad de las reacciones a estos alimentos se manifiestan como anafilaxia sist\u00e9mica, reparti\u00e9ndose la otra mitad entre s\u00edndrome oral, urticaria y\/o angioedema.<\/p><p style=\"text-align: left\">\u00a0<\/p><p style=\"text-align: left\"><strong><em>\u00bfC\u00f3mo se diagnostica el s\u00edndrome latex-frutas?\u00a0<\/em><\/strong><\/p><p style=\"text-align: left\">El diagn\u00f3stico se basa en la historia cl\u00ednica, que se complementa con la prueba cut\u00e1nea en prick con el extracto comercial del alimento y el alimento en fresco (t\u00e9cnica de prick-prick) y la determinaci\u00f3n de IgE espec\u00edfica frente al alimento en sangre.<\/p><p>\u00a0<\/p><p style=\"text-align: left\"><strong><em>\u00bfC\u00f3mo se trata el s\u00edndrome latex-frutas?\u00a0<\/em><\/strong><\/p><p style=\"text-align: left\">A los pacientes al\u00e9rgicos a l\u00e1tex se les debe recomendar dieta exenta de aquellos alimentos que les hayan ocasionado reacciones y se confirme la sensibilizaci\u00f3n (prick en fresco positivo).<\/p><p style=\"text-align: left\">No ha de realizarse dieta de aquellos alimentos que no hayan ocasionado reacciones, a no ser que el prick en fresco sea positivo y adem\u00e1s se desconozca su tolerancia por no consumirse de forma regular.<\/p>\t\t\t\t\t\t<\/div>\n\n\t\t\t\t\t\n\t\t\t\t\n\t\t\t\t\n\t\t\t<\/div>\n\n\t\t<\/div>\n\n\t<\/div>\n\n\t\n\t\t<div class=\"gem-textbox-bottom gem-textbox-bottom-none default-fill\">\n\t\t\t\t<\/div>\n\t\n\t\n<\/div>\n\t\t<\/div>\n\t\t\t\t<\/div>\n\t\t\t\t<\/div>\n\t\t<div class=\"elementor-element elementor-element-2f66459 e-con-full e-flex e-con e-child\" data-id=\"2f66459\" data-element_type=\"container\" data-settings=\"{&quot;content_width&quot;:&quot;full&quot;}\">\n\t\t\t\t<div class=\"elementor-element elementor-element-0198dcc flex-horizontal-align-default flex-horizontal-align-tablet-default flex-horizontal-align-mobile-default flex-vertical-align-default flex-vertical-align-tablet-default flex-vertical-align-mobile-default elementor-widget elementor-widget-thegem-styledimage\" data-id=\"0198dcc\" data-element_type=\"widget\" data-settings=\"{&quot;image&quot;:{&quot;url&quot;:&quot;http:\\\/\\\/saicex.org\\\/wp-content\\\/uploads\\\/2024\\\/03\\\/latex-fruta.jpg&quot;,&quot;id&quot;:1651,&quot;size&quot;:&quot;&quot;,&quot;alt&quot;:&quot;&quot;,&quot;source&quot;:&quot;library&quot;},&quot;thegem_elementor_preset&quot;:&quot;default&quot;}\" data-widget_type=\"thegem-styledimage.default\">\n\t\t\t\t<div class=\"elementor-widget-container\">\n\t\t\t\n<div class=\"styled-image-wrapper\">\n\t\t\t<div class=\"gem-image gem-wrapbox gem-wrapbox-default gem-wrapbox-position-left  \">\n\t\t\t<div class=\"gem-wrapbox-inner \" >\n\t\t\t\t\t\t\t\t\t<img decoding=\"async\" class=\"gem-wrapbox-element img-responsive \"\n\t\t\t\t\t\t src=\"https:\/\/saicex.org\/wp-content\/uploads\/2024\/03\/latex-fruta.jpg\"\n\t\t\t\t\t\t alt=\"latex-fruta\">\n\t\t\t\t\t\t\t\t<\/div>\n\t\t<\/div>\n\t\t<\/div>\n\n\n\t\n\t\t\t\t<\/div>\n\t\t\t\t<\/div>\n\t\t\t\t<\/div>\n\t\t\t\t\t<\/div>\n\t\t\t\t<\/div>\n\t\t\t\t<\/div>\n\t\t","protected":false},"excerpt":{"rendered":"<p>Aproximadamente la mitad de los pacientes al\u00e9rgicos a l\u00e1tex muestran alergia asociada a determinados alimentos como casta\u00f1a, kiwi, aguacate y&#8230;<\/p>\n","protected":false},"author":1,"featured_media":0,"parent":0,"menu_order":0,"comment_status":"closed","ping_status":"closed","template":"page-fullwidth.php","meta":{"footnotes":""},"class_list":["post-1648","page","type-page","status-publish"],"yoast_head":"<!-- This site is optimized with the Yoast SEO plugin v22.0 - https:\/\/yoast.com\/wordpress\/plugins\/seo\/ -->\n<title>Consejo para al\u00e9rgicos para pacientes con s\u00edndrome L\u00e1tex-frutas - Saicex<\/title>\n<meta name=\"robots\" content=\"index, follow, max-snippet:-1, max-image-preview:large, max-video-preview:-1\" \/>\n<link rel=\"canonical\" href=\"https:\/\/saicex.org\/?page_id=1648\" \/>\n<meta property=\"og:locale\" content=\"es_ES\" \/>\n<meta property=\"og:type\" content=\"article\" \/>\n<meta property=\"og:title\" content=\"Consejo para al\u00e9rgicos para pacientes con s\u00edndrome L\u00e1tex-frutas - Saicex\" \/>\n<meta property=\"og:description\" content=\"Aproximadamente la mitad de los pacientes al\u00e9rgicos a l\u00e1tex muestran alergia asociada a determinados alimentos como casta\u00f1a, kiwi, aguacate y...\" \/>\n<meta property=\"og:url\" content=\"https:\/\/saicex.org\/?page_id=1648\" \/>\n<meta property=\"og:site_name\" content=\"Saicex\" \/>\n<meta property=\"article:modified_time\" content=\"2024-03-05T13:03:45+00:00\" \/>\n<meta property=\"og:image\" content=\"http:\/\/saicex.org\/wp-content\/uploads\/2024\/03\/latex-fruta.jpg\" \/>\n<meta name=\"twitter:card\" content=\"summary_large_image\" \/>\n<meta name=\"twitter:label1\" content=\"Tiempo de lectura\" \/>\n\t<meta name=\"twitter:data1\" content=\"1 minuto\" \/>\n<script type=\"application\/ld+json\" class=\"yoast-schema-graph\">{\"@context\":\"https:\/\/schema.org\",\"@graph\":[{\"@type\":\"WebPage\",\"@id\":\"https:\/\/saicex.org\/?page_id=1648\",\"url\":\"https:\/\/saicex.org\/?page_id=1648\",\"name\":\"Consejo para al\u00e9rgicos para pacientes con s\u00edndrome L\u00e1tex-frutas - Saicex\",\"isPartOf\":{\"@id\":\"https:\/\/saicex.org\/#website\"},\"datePublished\":\"2024-03-05T12:56:49+00:00\",\"dateModified\":\"2024-03-05T13:03:45+00:00\",\"breadcrumb\":{\"@id\":\"https:\/\/saicex.org\/?page_id=1648#breadcrumb\"},\"inLanguage\":\"es\",\"potentialAction\":[{\"@type\":\"ReadAction\",\"target\":[\"https:\/\/saicex.org\/?page_id=1648\"]}]},{\"@type\":\"BreadcrumbList\",\"@id\":\"https:\/\/saicex.org\/?page_id=1648#breadcrumb\",\"itemListElement\":[{\"@type\":\"ListItem\",\"position\":1,\"name\":\"Portada\",\"item\":\"https:\/\/saicex.org\/\"},{\"@type\":\"ListItem\",\"position\":2,\"name\":\"Consejo para al\u00e9rgicos para pacientes con s\u00edndrome L\u00e1tex-frutas\"}]},{\"@type\":\"WebSite\",\"@id\":\"https:\/\/saicex.org\/#website\",\"url\":\"https:\/\/saicex.org\/\",\"name\":\"Saicex\",\"description\":\"\",\"potentialAction\":[{\"@type\":\"SearchAction\",\"target\":{\"@type\":\"EntryPoint\",\"urlTemplate\":\"https:\/\/saicex.org\/?s={search_term_string}\"},\"query-input\":\"required name=search_term_string\"}],\"inLanguage\":\"es\"}]}<\/script>\n<!-- \/ Yoast SEO plugin. -->","yoast_head_json":{"title":"Consejo para al\u00e9rgicos para pacientes con s\u00edndrome L\u00e1tex-frutas - Saicex","robots":{"index":"index","follow":"follow","max-snippet":"max-snippet:-1","max-image-preview":"max-image-preview:large","max-video-preview":"max-video-preview:-1"},"canonical":"https:\/\/saicex.org\/?page_id=1648","og_locale":"es_ES","og_type":"article","og_title":"Consejo para al\u00e9rgicos para pacientes con s\u00edndrome L\u00e1tex-frutas - Saicex","og_description":"Aproximadamente la mitad de los pacientes al\u00e9rgicos a l\u00e1tex muestran alergia asociada a determinados alimentos como casta\u00f1a, kiwi, aguacate y...","og_url":"https:\/\/saicex.org\/?page_id=1648","og_site_name":"Saicex","article_modified_time":"2024-03-05T13:03:45+00:00","og_image":[{"url":"http:\/\/saicex.org\/wp-content\/uploads\/2024\/03\/latex-fruta.jpg"}],"twitter_card":"summary_large_image","twitter_misc":{"Tiempo de lectura":"1 minuto"},"schema":{"@context":"https:\/\/schema.org","@graph":[{"@type":"WebPage","@id":"https:\/\/saicex.org\/?page_id=1648","url":"https:\/\/saicex.org\/?page_id=1648","name":"Consejo para al\u00e9rgicos para pacientes con s\u00edndrome L\u00e1tex-frutas - Saicex","isPartOf":{"@id":"https:\/\/saicex.org\/#website"},"datePublished":"2024-03-05T12:56:49+00:00","dateModified":"2024-03-05T13:03:45+00:00","breadcrumb":{"@id":"https:\/\/saicex.org\/?page_id=1648#breadcrumb"},"inLanguage":"es","potentialAction":[{"@type":"ReadAction","target":["https:\/\/saicex.org\/?page_id=1648"]}]},{"@type":"BreadcrumbList","@id":"https:\/\/saicex.org\/?page_id=1648#breadcrumb","itemListElement":[{"@type":"ListItem","position":1,"name":"Portada","item":"https:\/\/saicex.org\/"},{"@type":"ListItem","position":2,"name":"Consejo para al\u00e9rgicos para pacientes con s\u00edndrome L\u00e1tex-frutas"}]},{"@type":"WebSite","@id":"https:\/\/saicex.org\/#website","url":"https:\/\/saicex.org\/","name":"Saicex","description":"","potentialAction":[{"@type":"SearchAction","target":{"@type":"EntryPoint","urlTemplate":"https:\/\/saicex.org\/?s={search_term_string}"},"query-input":"required name=search_term_string"}],"inLanguage":"es"}]}},"_links":{"self":[{"href":"https:\/\/saicex.org\/index.php?rest_route=\/wp\/v2\/pages\/1648","targetHints":{"allow":["GET"]}}],"collection":[{"href":"https:\/\/saicex.org\/index.php?rest_route=\/wp\/v2\/pages"}],"about":[{"href":"https:\/\/saicex.org\/index.php?rest_route=\/wp\/v2\/types\/page"}],"author":[{"embeddable":true,"href":"https:\/\/saicex.org\/index.php?rest_route=\/wp\/v2\/users\/1"}],"replies":[{"embeddable":true,"href":"https:\/\/saicex.org\/index.php?rest_route=%2Fwp%2Fv2%2Fcomments&post=1648"}],"version-history":[{"count":5,"href":"https:\/\/saicex.org\/index.php?rest_route=\/wp\/v2\/pages\/1648\/revisions"}],"predecessor-version":[{"id":1655,"href":"https:\/\/saicex.org\/index.php?rest_route=\/wp\/v2\/pages\/1648\/revisions\/1655"}],"wp:attachment":[{"href":"https:\/\/saicex.org\/index.php?rest_route=%2Fwp%2Fv2%2Fmedia&parent=1648"}],"curies":[{"name":"wp","href":"https:\/\/api.w.org\/{rel}","templated":true}]}}