{"id":1618,"date":"2024-03-05T12:11:32","date_gmt":"2024-03-05T12:11:32","guid":{"rendered":"http:\/\/saicex.org\/?page_id=1618"},"modified":"2024-03-05T12:22:26","modified_gmt":"2024-03-05T12:22:26","slug":"consejo-para-alergicos-a-hongos","status":"publish","type":"page","link":"https:\/\/saicex.org\/?page_id=1618","title":{"rendered":"Consejo para al\u00e9rgicos a hongos"},"content":{"rendered":"\t\t<div data-elementor-type=\"wp-page\" data-elementor-id=\"1618\" class=\"elementor elementor-1618\">\n\t\t\t\t<div class=\"elementor-element elementor-element-fbc3ae7 e-flex e-con-boxed e-con e-parent\" data-id=\"fbc3ae7\" data-element_type=\"container\" data-settings=\"{&quot;content_width&quot;:&quot;boxed&quot;}\" data-core-v316-plus=\"true\">\n\t\t\t\t\t<div class=\"e-con-inner\">\n\t\t<div class=\"elementor-element elementor-element-e023053 e-con-full e-flex e-con e-child\" data-id=\"e023053\" data-element_type=\"container\" data-settings=\"{&quot;content_width&quot;:&quot;full&quot;}\">\n\t\t\t\t<div class=\"elementor-element elementor-element-66f764d flex-horizontal-align-default flex-horizontal-align-tablet-default flex-horizontal-align-mobile-default flex-vertical-align-default flex-vertical-align-tablet-default flex-vertical-align-mobile-default elementor-widget elementor-widget-thegem-styled-textbox\" data-id=\"66f764d\" data-element_type=\"widget\" data-settings=\"{&quot;thegem_elementor_preset&quot;:&quot;basic&quot;}\" data-widget_type=\"thegem-styled-textbox.default\">\n\t\t\t\t<div class=\"elementor-widget-container\">\n\t\t\t\n<div class=\"gem-textbox styled-textbox-basic\">\n\n\t\n\t\t<div class=\"gem-textbox-top gem-textbox-top-none default-fill\">\n\t\t\t\t\t<\/div>\n\t\n\t<div class=\"gem-textbox-inner\">\n\n\t\t<div class=\"gem-textbox-content default-background icon-top gem-textbox-icon-image-wrapping-none\">\n\n\t\t\t\t\t\t\t<div class=\"gem-texbox-icon-image-wrapper\">\n\n\t\t\t\t\t\t\t\t\t\t\t<div class=\"icon-top \">\n\t\t\t\t\t\t\t<div class=\"gem-textbox-icon\">\n\t\t\t\t\t\t\t\t<div class=\"elementor-icon\">\n\t\t\t\t\t\t\t\t\t\t\t\t\t\t\t\t\t<\/div>\n\t\t\t\t\t\t\t<\/div>\n\t\t\t\t\t\t<\/div>\n\t\t\t\t\t\n\t\t\t\t\t\n\t\t\t\t<\/div>\n\t\t\t\n\t\t\t<div class=\"gem-texbox-text-wrapper\">\n\n\t\t\t\t\t\t\t\t\t\n\t\t\t\t\t\n\t\t\t\t\t\t<div class=\"gem-textbox-description gem-text-output\">\n\t\t\t\t\t\t\t<p style=\"text-align: left\">Las esporas de hongos son agentes responsables de manifestaciones al\u00e9rgicas.<\/p><p style=\"text-align: left\">Se encuentran en la naturaleza (en materias org\u00e1nicas en descomposici\u00f3n, en el aire) y tambi\u00e9n en las habitaciones.<\/p><p style=\"text-align: left\">Su concentraci\u00f3n es m\u00e1xima a finales del verano y principios del oto\u00f1o, cuando el tiempo es caluroso y h\u00famedo.<\/p><p style=\"text-align: left\"><strong>Para evitar los hongos en casa:<\/strong><\/p><ol><li style=\"text-align: left\">\u00a0Airear lo m\u00e1s posible los lugares donde se desarrollan los hongos.<\/li><li style=\"text-align: left\">\u00a0Ventilar los espacios cerrados (cuartos de ba\u00f1o, cocina, s\u00f3tanos, desvanes).<\/li><li style=\"text-align: left\">\u00a0Solucionar los problemas planteados por la humedad (infiltraciones, etc.)<\/li><li style=\"text-align: left\">\u00a0Limpiar y desinfectar los circuitos del aire acondicionado.<\/li><li style=\"text-align: left\">\u00a0No dejar olvidado por la casa alimentos enmohecidos (\u00a1una naranja enmohecida puede contener en la corteza hasta 15 MIL MILLONES de esporas de diseminaci\u00f3n!).<\/li><li style=\"text-align: left\">\u00a0Evitar las macetas en el interior de la casa.<\/li><li style=\"text-align: left\">\u00a0El papel pintado es un lugar privilegiado tras el cual se esconden los hongos.<\/li><\/ol><p style=\"text-align: left\"><strong>Fuera de casa:<\/strong><\/p><ol><li style=\"text-align: left\">\u00a0Evitar pasear por bosques o parques despu\u00e9s de la lluvia o con tiempo brumoso.<\/li><li style=\"text-align: left\">\u00a0Evitar coger hojas muertas varios d\u00edas atr\u00e1s.<\/li><li style=\"text-align: left\">\u00a0Las casas habitadas irregularmente (casas de campo) son generalmente ricas en hongos.<\/li><\/ol>\t\t\t\t\t\t<\/div>\n\n\t\t\t\t\t\n\t\t\t\t\n\t\t\t\t\n\t\t\t<\/div>\n\n\t\t<\/div>\n\n\t<\/div>\n\n\t\n\t\t<div class=\"gem-textbox-bottom gem-textbox-bottom-none default-fill\">\n\t\t\t\t<\/div>\n\t\n\t\n<\/div>\n\t\t<\/div>\n\t\t\t\t<\/div>\n\t\t\t\t<\/div>\n\t\t<div class=\"elementor-element elementor-element-2f66459 e-con-full e-flex e-con e-child\" data-id=\"2f66459\" data-element_type=\"container\" data-settings=\"{&quot;content_width&quot;:&quot;full&quot;}\">\n\t\t\t\t<div class=\"elementor-element elementor-element-0198dcc flex-horizontal-align-default flex-horizontal-align-tablet-default flex-horizontal-align-mobile-default flex-vertical-align-default flex-vertical-align-tablet-default flex-vertical-align-mobile-default elementor-widget elementor-widget-thegem-styledimage\" data-id=\"0198dcc\" data-element_type=\"widget\" data-settings=\"{&quot;image&quot;:{&quot;url&quot;:&quot;http:\\\/\\\/saicex.org\\\/wp-content\\\/uploads\\\/2024\\\/03\\\/hongos.jpg&quot;,&quot;id&quot;:1626,&quot;size&quot;:&quot;&quot;,&quot;alt&quot;:&quot;&quot;,&quot;source&quot;:&quot;library&quot;},&quot;thegem_elementor_preset&quot;:&quot;default&quot;}\" data-widget_type=\"thegem-styledimage.default\">\n\t\t\t\t<div class=\"elementor-widget-container\">\n\t\t\t\n<div class=\"styled-image-wrapper\">\n\t\t\t<div class=\"gem-image gem-wrapbox gem-wrapbox-default gem-wrapbox-position-left  \">\n\t\t\t<div class=\"gem-wrapbox-inner \" >\n\t\t\t\t\t\t\t\t\t<img decoding=\"async\" class=\"gem-wrapbox-element img-responsive \"\n\t\t\t\t\t\t src=\"https:\/\/saicex.org\/wp-content\/uploads\/2024\/03\/hongos.jpg\"\n\t\t\t\t\t\t alt=\"hongos\">\n\t\t\t\t\t\t\t\t<\/div>\n\t\t<\/div>\n\t\t<\/div>\n\n\n\t\n\t\t\t\t<\/div>\n\t\t\t\t<\/div>\n\t\t\t\t<\/div>\n\t\t\t\t\t<\/div>\n\t\t\t\t<\/div>\n\t\t\t\t<\/div>\n\t\t","protected":false},"excerpt":{"rendered":"<p>Las esporas de hongos son agentes responsables de manifestaciones al\u00e9rgicas. Se encuentran en la naturaleza (en materias org\u00e1nicas en descomposici\u00f3n,&#8230;<\/p>\n","protected":false},"author":1,"featured_media":0,"parent":0,"menu_order":0,"comment_status":"closed","ping_status":"closed","template":"page-fullwidth.php","meta":{"footnotes":""},"class_list":["post-1618","page","type-page","status-publish"],"yoast_head":"<!-- This site is optimized with the Yoast SEO plugin v22.0 - https:\/\/yoast.com\/wordpress\/plugins\/seo\/ -->\n<title>Consejo para al\u00e9rgicos a hongos - Saicex<\/title>\n<meta name=\"robots\" content=\"index, follow, max-snippet:-1, max-image-preview:large, max-video-preview:-1\" \/>\n<link rel=\"canonical\" href=\"https:\/\/saicex.org\/?page_id=1618\" \/>\n<meta property=\"og:locale\" content=\"es_ES\" \/>\n<meta property=\"og:type\" content=\"article\" \/>\n<meta property=\"og:title\" content=\"Consejo para al\u00e9rgicos a hongos - Saicex\" \/>\n<meta property=\"og:description\" content=\"Las esporas de hongos son agentes responsables de manifestaciones al\u00e9rgicas. Se encuentran en la naturaleza (en materias org\u00e1nicas en descomposici\u00f3n,...\" \/>\n<meta property=\"og:url\" content=\"https:\/\/saicex.org\/?page_id=1618\" \/>\n<meta property=\"og:site_name\" content=\"Saicex\" \/>\n<meta property=\"article:modified_time\" content=\"2024-03-05T12:22:26+00:00\" \/>\n<meta name=\"twitter:card\" content=\"summary_large_image\" \/>\n<meta name=\"twitter:label1\" content=\"Tiempo de lectura\" \/>\n\t<meta name=\"twitter:data1\" content=\"1 minuto\" \/>\n<script type=\"application\/ld+json\" class=\"yoast-schema-graph\">{\"@context\":\"https:\/\/schema.org\",\"@graph\":[{\"@type\":\"WebPage\",\"@id\":\"https:\/\/saicex.org\/?page_id=1618\",\"url\":\"https:\/\/saicex.org\/?page_id=1618\",\"name\":\"Consejo para al\u00e9rgicos a hongos - Saicex\",\"isPartOf\":{\"@id\":\"https:\/\/saicex.org\/#website\"},\"datePublished\":\"2024-03-05T12:11:32+00:00\",\"dateModified\":\"2024-03-05T12:22:26+00:00\",\"breadcrumb\":{\"@id\":\"https:\/\/saicex.org\/?page_id=1618#breadcrumb\"},\"inLanguage\":\"es\",\"potentialAction\":[{\"@type\":\"ReadAction\",\"target\":[\"https:\/\/saicex.org\/?page_id=1618\"]}]},{\"@type\":\"BreadcrumbList\",\"@id\":\"https:\/\/saicex.org\/?page_id=1618#breadcrumb\",\"itemListElement\":[{\"@type\":\"ListItem\",\"position\":1,\"name\":\"Portada\",\"item\":\"https:\/\/saicex.org\/\"},{\"@type\":\"ListItem\",\"position\":2,\"name\":\"Consejo para al\u00e9rgicos a hongos\"}]},{\"@type\":\"WebSite\",\"@id\":\"https:\/\/saicex.org\/#website\",\"url\":\"https:\/\/saicex.org\/\",\"name\":\"Saicex\",\"description\":\"\",\"potentialAction\":[{\"@type\":\"SearchAction\",\"target\":{\"@type\":\"EntryPoint\",\"urlTemplate\":\"https:\/\/saicex.org\/?s={search_term_string}\"},\"query-input\":\"required name=search_term_string\"}],\"inLanguage\":\"es\"}]}<\/script>\n<!-- \/ Yoast SEO plugin. -->","yoast_head_json":{"title":"Consejo para al\u00e9rgicos a hongos - Saicex","robots":{"index":"index","follow":"follow","max-snippet":"max-snippet:-1","max-image-preview":"max-image-preview:large","max-video-preview":"max-video-preview:-1"},"canonical":"https:\/\/saicex.org\/?page_id=1618","og_locale":"es_ES","og_type":"article","og_title":"Consejo para al\u00e9rgicos a hongos - Saicex","og_description":"Las esporas de hongos son agentes responsables de manifestaciones al\u00e9rgicas. Se encuentran en la naturaleza (en materias org\u00e1nicas en descomposici\u00f3n,...","og_url":"https:\/\/saicex.org\/?page_id=1618","og_site_name":"Saicex","article_modified_time":"2024-03-05T12:22:26+00:00","twitter_card":"summary_large_image","twitter_misc":{"Tiempo de lectura":"1 minuto"},"schema":{"@context":"https:\/\/schema.org","@graph":[{"@type":"WebPage","@id":"https:\/\/saicex.org\/?page_id=1618","url":"https:\/\/saicex.org\/?page_id=1618","name":"Consejo para al\u00e9rgicos a hongos - Saicex","isPartOf":{"@id":"https:\/\/saicex.org\/#website"},"datePublished":"2024-03-05T12:11:32+00:00","dateModified":"2024-03-05T12:22:26+00:00","breadcrumb":{"@id":"https:\/\/saicex.org\/?page_id=1618#breadcrumb"},"inLanguage":"es","potentialAction":[{"@type":"ReadAction","target":["https:\/\/saicex.org\/?page_id=1618"]}]},{"@type":"BreadcrumbList","@id":"https:\/\/saicex.org\/?page_id=1618#breadcrumb","itemListElement":[{"@type":"ListItem","position":1,"name":"Portada","item":"https:\/\/saicex.org\/"},{"@type":"ListItem","position":2,"name":"Consejo para al\u00e9rgicos a hongos"}]},{"@type":"WebSite","@id":"https:\/\/saicex.org\/#website","url":"https:\/\/saicex.org\/","name":"Saicex","description":"","potentialAction":[{"@type":"SearchAction","target":{"@type":"EntryPoint","urlTemplate":"https:\/\/saicex.org\/?s={search_term_string}"},"query-input":"required name=search_term_string"}],"inLanguage":"es"}]}},"_links":{"self":[{"href":"https:\/\/saicex.org\/index.php?rest_route=\/wp\/v2\/pages\/1618","targetHints":{"allow":["GET"]}}],"collection":[{"href":"https:\/\/saicex.org\/index.php?rest_route=\/wp\/v2\/pages"}],"about":[{"href":"https:\/\/saicex.org\/index.php?rest_route=\/wp\/v2\/types\/page"}],"author":[{"embeddable":true,"href":"https:\/\/saicex.org\/index.php?rest_route=\/wp\/v2\/users\/1"}],"replies":[{"embeddable":true,"href":"https:\/\/saicex.org\/index.php?rest_route=%2Fwp%2Fv2%2Fcomments&post=1618"}],"version-history":[{"count":10,"href":"https:\/\/saicex.org\/index.php?rest_route=\/wp\/v2\/pages\/1618\/revisions"}],"predecessor-version":[{"id":1629,"href":"https:\/\/saicex.org\/index.php?rest_route=\/wp\/v2\/pages\/1618\/revisions\/1629"}],"wp:attachment":[{"href":"https:\/\/saicex.org\/index.php?rest_route=%2Fwp%2Fv2%2Fmedia&parent=1618"}],"curies":[{"name":"wp","href":"https:\/\/api.w.org\/{rel}","templated":true}]}}