{"id":1610,"date":"2024-03-05T12:04:59","date_gmt":"2024-03-05T12:04:59","guid":{"rendered":"http:\/\/saicex.org\/?page_id=1610"},"modified":"2024-03-05T12:09:04","modified_gmt":"2024-03-05T12:09:04","slug":"consejo-para-alergicos-a-polenes","status":"publish","type":"page","link":"https:\/\/saicex.org\/?page_id=1610","title":{"rendered":"Consejo para al\u00e9rgicos a p\u00f3lenes"},"content":{"rendered":"\t\t<div data-elementor-type=\"wp-page\" data-elementor-id=\"1610\" class=\"elementor elementor-1610\">\n\t\t\t\t<div class=\"elementor-element elementor-element-fbc3ae7 e-flex e-con-boxed e-con e-parent\" data-id=\"fbc3ae7\" data-element_type=\"container\" data-settings=\"{&quot;content_width&quot;:&quot;boxed&quot;}\" data-core-v316-plus=\"true\">\n\t\t\t\t\t<div class=\"e-con-inner\">\n\t\t<div class=\"elementor-element elementor-element-e023053 e-con-full e-flex e-con e-child\" data-id=\"e023053\" data-element_type=\"container\" data-settings=\"{&quot;content_width&quot;:&quot;full&quot;}\">\n\t\t\t\t<div class=\"elementor-element elementor-element-66f764d flex-horizontal-align-default flex-horizontal-align-tablet-default flex-horizontal-align-mobile-default flex-vertical-align-default flex-vertical-align-tablet-default flex-vertical-align-mobile-default elementor-widget elementor-widget-thegem-styled-textbox\" data-id=\"66f764d\" data-element_type=\"widget\" data-settings=\"{&quot;thegem_elementor_preset&quot;:&quot;basic&quot;}\" data-widget_type=\"thegem-styled-textbox.default\">\n\t\t\t\t<div class=\"elementor-widget-container\">\n\t\t\t\n<div class=\"gem-textbox styled-textbox-basic\">\n\n\t\n\t\t<div class=\"gem-textbox-top gem-textbox-top-none default-fill\">\n\t\t\t\t\t<\/div>\n\t\n\t<div class=\"gem-textbox-inner\">\n\n\t\t<div class=\"gem-textbox-content default-background icon-top gem-textbox-icon-image-wrapping-none\">\n\n\t\t\t\t\t\t\t<div class=\"gem-texbox-icon-image-wrapper\">\n\n\t\t\t\t\t\t\t\t\t\t\t<div class=\"icon-top \">\n\t\t\t\t\t\t\t<div class=\"gem-textbox-icon\">\n\t\t\t\t\t\t\t\t<div class=\"elementor-icon\">\n\t\t\t\t\t\t\t\t\t\t\t\t\t\t\t\t\t<\/div>\n\t\t\t\t\t\t\t<\/div>\n\t\t\t\t\t\t<\/div>\n\t\t\t\t\t\n\t\t\t\t\t\n\t\t\t\t<\/div>\n\t\t\t\n\t\t\t<div class=\"gem-texbox-text-wrapper\">\n\n\t\t\t\t\t\t\t\t\t\n\t\t\t\t\t\n\t\t\t\t\t\t<div class=\"gem-textbox-description gem-text-output\">\n\t\t\t\t\t\t\t<ul><li style=\"text-align: left\">Debe de evitar en primavera las salidas al campo, especialmente en los d\u00edas secos y ventosos.<\/li><li style=\"text-align: left\">Debe de evitar en la misma \u00e9poca el viajar en autom\u00f3vil, y de hacerlo, procurar\u00e1 durante el viaje llevar las ventanillas del coche cerradas, para evitar la exposici\u00f3n al aire.<\/li><li style=\"text-align: left\">Debe de evitar dormir con las ventanas abiertas, abri\u00e9ndolas solo para la limpieza del cuarto. La densidad pol\u00ednica alcanza su m\u00e1ximo nivel al final del d\u00eda: \u00a1ci\u00e9rrense, por tanto, las ventanas en ese momento!.<\/li><li style=\"text-align: left\">Debe de tener presente a diario los datos que sobre polinizaci\u00f3n, publicamos en el peri\u00f3dico y por la radio, sabiendo que las tasas superiores a 50 granos de polen por metro c\u00fabico de aire, pueden ser reactivas, no debiendo por tanto dejar la medicaci\u00f3n que le indicamos.<\/li><li style=\"text-align: left\">No debe cortar el c\u00e9sped.<\/li><li style=\"text-align: left\">Tenga cuidado con la miel.<\/li><li style=\"text-align: left\">T\u00f3mese las vacaciones en zonas mar\u00edtimas; son menos \u201cricas\u201d en p\u00f3lenes.<\/li><li style=\"text-align: left\">Debe saber que las gram\u00edneas polinizan un mes m\u00e1s tarde en la monta\u00f1a con respecto a la llanura.<\/li><\/ul>\t\t\t\t\t\t<\/div>\n\n\t\t\t\t\t\n\t\t\t\t\n\t\t\t\t\n\t\t\t<\/div>\n\n\t\t<\/div>\n\n\t<\/div>\n\n\t\n\t\t<div class=\"gem-textbox-bottom gem-textbox-bottom-none default-fill\">\n\t\t\t\t<\/div>\n\t\n\t\n<\/div>\n\t\t<\/div>\n\t\t\t\t<\/div>\n\t\t\t\t<\/div>\n\t\t<div class=\"elementor-element elementor-element-2f66459 e-con-full e-flex e-con e-child\" data-id=\"2f66459\" data-element_type=\"container\" data-settings=\"{&quot;content_width&quot;:&quot;full&quot;}\">\n\t\t\t\t<div class=\"elementor-element elementor-element-0198dcc flex-horizontal-align-default flex-horizontal-align-tablet-default flex-horizontal-align-mobile-default flex-vertical-align-default flex-vertical-align-tablet-default flex-vertical-align-mobile-default elementor-widget elementor-widget-thegem-styledimage\" data-id=\"0198dcc\" data-element_type=\"widget\" data-settings=\"{&quot;image&quot;:{&quot;url&quot;:&quot;http:\\\/\\\/saicex.org\\\/wp-content\\\/uploads\\\/2024\\\/03\\\/polen.jpg&quot;,&quot;id&quot;:1613,&quot;size&quot;:&quot;&quot;,&quot;alt&quot;:&quot;&quot;,&quot;source&quot;:&quot;library&quot;},&quot;thegem_elementor_preset&quot;:&quot;default&quot;}\" data-widget_type=\"thegem-styledimage.default\">\n\t\t\t\t<div class=\"elementor-widget-container\">\n\t\t\t\n<div class=\"styled-image-wrapper\">\n\t\t\t<div class=\"gem-image gem-wrapbox gem-wrapbox-default gem-wrapbox-position-left  \">\n\t\t\t<div class=\"gem-wrapbox-inner \" >\n\t\t\t\t\t\t\t\t\t<img decoding=\"async\" class=\"gem-wrapbox-element img-responsive \"\n\t\t\t\t\t\t src=\"https:\/\/saicex.org\/wp-content\/uploads\/2024\/03\/polen.jpg\"\n\t\t\t\t\t\t alt=\"polen\">\n\t\t\t\t\t\t\t\t<\/div>\n\t\t<\/div>\n\t\t<\/div>\n\n\n\t\n\t\t\t\t<\/div>\n\t\t\t\t<\/div>\n\t\t\t\t<\/div>\n\t\t\t\t\t<\/div>\n\t\t\t\t<\/div>\n\t\t\t\t<\/div>\n\t\t","protected":false},"excerpt":{"rendered":"<p>Debe de evitar en primavera las salidas al campo, especialmente en los d\u00edas secos y ventosos. Debe de evitar en&#8230;<\/p>\n","protected":false},"author":1,"featured_media":0,"parent":0,"menu_order":0,"comment_status":"closed","ping_status":"closed","template":"page-fullwidth.php","meta":{"footnotes":""},"class_list":["post-1610","page","type-page","status-publish"],"yoast_head":"<!-- This site is optimized with the Yoast SEO plugin v22.0 - https:\/\/yoast.com\/wordpress\/plugins\/seo\/ -->\n<title>Consejo para al\u00e9rgicos a p\u00f3lenes - Saicex<\/title>\n<meta name=\"robots\" content=\"index, follow, max-snippet:-1, max-image-preview:large, max-video-preview:-1\" \/>\n<link rel=\"canonical\" href=\"https:\/\/saicex.org\/?page_id=1610\" \/>\n<meta property=\"og:locale\" content=\"es_ES\" \/>\n<meta property=\"og:type\" content=\"article\" \/>\n<meta property=\"og:title\" content=\"Consejo para al\u00e9rgicos a p\u00f3lenes - Saicex\" \/>\n<meta property=\"og:description\" content=\"Debe de evitar en primavera las salidas al campo, especialmente en los d\u00edas secos y ventosos. Debe de evitar en...\" \/>\n<meta property=\"og:url\" content=\"https:\/\/saicex.org\/?page_id=1610\" \/>\n<meta property=\"og:site_name\" content=\"Saicex\" \/>\n<meta property=\"article:modified_time\" content=\"2024-03-05T12:09:04+00:00\" \/>\n<meta property=\"og:image\" content=\"http:\/\/saicex.org\/wp-content\/uploads\/2024\/03\/polen.jpg\" \/>\n<meta name=\"twitter:card\" content=\"summary_large_image\" \/>\n<meta name=\"twitter:label1\" content=\"Tiempo de lectura\" \/>\n\t<meta name=\"twitter:data1\" content=\"1 minuto\" \/>\n<script type=\"application\/ld+json\" class=\"yoast-schema-graph\">{\"@context\":\"https:\/\/schema.org\",\"@graph\":[{\"@type\":\"WebPage\",\"@id\":\"https:\/\/saicex.org\/?page_id=1610\",\"url\":\"https:\/\/saicex.org\/?page_id=1610\",\"name\":\"Consejo para al\u00e9rgicos a p\u00f3lenes - Saicex\",\"isPartOf\":{\"@id\":\"https:\/\/saicex.org\/#website\"},\"datePublished\":\"2024-03-05T12:04:59+00:00\",\"dateModified\":\"2024-03-05T12:09:04+00:00\",\"breadcrumb\":{\"@id\":\"https:\/\/saicex.org\/?page_id=1610#breadcrumb\"},\"inLanguage\":\"es\",\"potentialAction\":[{\"@type\":\"ReadAction\",\"target\":[\"https:\/\/saicex.org\/?page_id=1610\"]}]},{\"@type\":\"BreadcrumbList\",\"@id\":\"https:\/\/saicex.org\/?page_id=1610#breadcrumb\",\"itemListElement\":[{\"@type\":\"ListItem\",\"position\":1,\"name\":\"Portada\",\"item\":\"https:\/\/saicex.org\/\"},{\"@type\":\"ListItem\",\"position\":2,\"name\":\"Consejo para al\u00e9rgicos a p\u00f3lenes\"}]},{\"@type\":\"WebSite\",\"@id\":\"https:\/\/saicex.org\/#website\",\"url\":\"https:\/\/saicex.org\/\",\"name\":\"Saicex\",\"description\":\"\",\"potentialAction\":[{\"@type\":\"SearchAction\",\"target\":{\"@type\":\"EntryPoint\",\"urlTemplate\":\"https:\/\/saicex.org\/?s={search_term_string}\"},\"query-input\":\"required name=search_term_string\"}],\"inLanguage\":\"es\"}]}<\/script>\n<!-- \/ Yoast SEO plugin. -->","yoast_head_json":{"title":"Consejo para al\u00e9rgicos a p\u00f3lenes - Saicex","robots":{"index":"index","follow":"follow","max-snippet":"max-snippet:-1","max-image-preview":"max-image-preview:large","max-video-preview":"max-video-preview:-1"},"canonical":"https:\/\/saicex.org\/?page_id=1610","og_locale":"es_ES","og_type":"article","og_title":"Consejo para al\u00e9rgicos a p\u00f3lenes - Saicex","og_description":"Debe de evitar en primavera las salidas al campo, especialmente en los d\u00edas secos y ventosos. Debe de evitar en...","og_url":"https:\/\/saicex.org\/?page_id=1610","og_site_name":"Saicex","article_modified_time":"2024-03-05T12:09:04+00:00","og_image":[{"url":"http:\/\/saicex.org\/wp-content\/uploads\/2024\/03\/polen.jpg"}],"twitter_card":"summary_large_image","twitter_misc":{"Tiempo de lectura":"1 minuto"},"schema":{"@context":"https:\/\/schema.org","@graph":[{"@type":"WebPage","@id":"https:\/\/saicex.org\/?page_id=1610","url":"https:\/\/saicex.org\/?page_id=1610","name":"Consejo para al\u00e9rgicos a p\u00f3lenes - Saicex","isPartOf":{"@id":"https:\/\/saicex.org\/#website"},"datePublished":"2024-03-05T12:04:59+00:00","dateModified":"2024-03-05T12:09:04+00:00","breadcrumb":{"@id":"https:\/\/saicex.org\/?page_id=1610#breadcrumb"},"inLanguage":"es","potentialAction":[{"@type":"ReadAction","target":["https:\/\/saicex.org\/?page_id=1610"]}]},{"@type":"BreadcrumbList","@id":"https:\/\/saicex.org\/?page_id=1610#breadcrumb","itemListElement":[{"@type":"ListItem","position":1,"name":"Portada","item":"https:\/\/saicex.org\/"},{"@type":"ListItem","position":2,"name":"Consejo para al\u00e9rgicos a p\u00f3lenes"}]},{"@type":"WebSite","@id":"https:\/\/saicex.org\/#website","url":"https:\/\/saicex.org\/","name":"Saicex","description":"","potentialAction":[{"@type":"SearchAction","target":{"@type":"EntryPoint","urlTemplate":"https:\/\/saicex.org\/?s={search_term_string}"},"query-input":"required name=search_term_string"}],"inLanguage":"es"}]}},"_links":{"self":[{"href":"https:\/\/saicex.org\/index.php?rest_route=\/wp\/v2\/pages\/1610","targetHints":{"allow":["GET"]}}],"collection":[{"href":"https:\/\/saicex.org\/index.php?rest_route=\/wp\/v2\/pages"}],"about":[{"href":"https:\/\/saicex.org\/index.php?rest_route=\/wp\/v2\/types\/page"}],"author":[{"embeddable":true,"href":"https:\/\/saicex.org\/index.php?rest_route=\/wp\/v2\/users\/1"}],"replies":[{"embeddable":true,"href":"https:\/\/saicex.org\/index.php?rest_route=%2Fwp%2Fv2%2Fcomments&post=1610"}],"version-history":[{"count":5,"href":"https:\/\/saicex.org\/index.php?rest_route=\/wp\/v2\/pages\/1610\/revisions"}],"predecessor-version":[{"id":1617,"href":"https:\/\/saicex.org\/index.php?rest_route=\/wp\/v2\/pages\/1610\/revisions\/1617"}],"wp:attachment":[{"href":"https:\/\/saicex.org\/index.php?rest_route=%2Fwp%2Fv2%2Fmedia&parent=1610"}],"curies":[{"name":"wp","href":"https:\/\/api.w.org\/{rel}","templated":true}]}}