{"id":1603,"date":"2024-03-05T11:55:24","date_gmt":"2024-03-05T11:55:24","guid":{"rendered":"http:\/\/saicex.org\/?page_id=1603"},"modified":"2024-03-05T12:38:54","modified_gmt":"2024-03-05T12:38:54","slug":"consejo-para-alergicos-a-acaros","status":"publish","type":"page","link":"https:\/\/saicex.org\/?page_id=1603","title":{"rendered":"Consejo para al\u00e9rgicos a \u00e1caros"},"content":{"rendered":"\t\t<div data-elementor-type=\"wp-page\" data-elementor-id=\"1603\" class=\"elementor elementor-1603\">\n\t\t\t\t<div class=\"elementor-element elementor-element-fbc3ae7 e-flex e-con-boxed e-con e-parent\" data-id=\"fbc3ae7\" data-element_type=\"container\" data-settings=\"{&quot;content_width&quot;:&quot;boxed&quot;}\" data-core-v316-plus=\"true\">\n\t\t\t\t\t<div class=\"e-con-inner\">\n\t\t<div class=\"elementor-element elementor-element-e023053 e-con-full e-flex e-con e-child\" data-id=\"e023053\" data-element_type=\"container\" data-settings=\"{&quot;content_width&quot;:&quot;full&quot;}\">\n\t\t\t\t<div class=\"elementor-element elementor-element-66f764d flex-horizontal-align-default flex-horizontal-align-tablet-default flex-horizontal-align-mobile-default flex-vertical-align-default flex-vertical-align-tablet-default flex-vertical-align-mobile-default elementor-widget elementor-widget-thegem-styled-textbox\" data-id=\"66f764d\" data-element_type=\"widget\" data-settings=\"{&quot;thegem_elementor_preset&quot;:&quot;basic&quot;}\" data-widget_type=\"thegem-styled-textbox.default\">\n\t\t\t\t<div class=\"elementor-widget-container\">\n\t\t\t\n<div class=\"gem-textbox styled-textbox-basic\">\n\n\t\n\t\t<div class=\"gem-textbox-top gem-textbox-top-none default-fill\">\n\t\t\t\t\t<\/div>\n\t\n\t<div class=\"gem-textbox-inner\">\n\n\t\t<div class=\"gem-textbox-content default-background icon-top gem-textbox-icon-image-wrapping-none\">\n\n\t\t\t\t\t\t\t<div class=\"gem-texbox-icon-image-wrapper\">\n\n\t\t\t\t\t\t\t\t\t\t\t<div class=\"icon-top \">\n\t\t\t\t\t\t\t<div class=\"gem-textbox-icon\">\n\t\t\t\t\t\t\t\t<div class=\"elementor-icon\">\n\t\t\t\t\t\t\t\t\t\t\t\t\t\t\t\t\t<\/div>\n\t\t\t\t\t\t\t<\/div>\n\t\t\t\t\t\t<\/div>\n\t\t\t\t\t\n\t\t\t\t\t\n\t\t\t\t<\/div>\n\t\t\t\n\t\t\t<div class=\"gem-texbox-text-wrapper\">\n\n\t\t\t\t\t\t\t\t\t\n\t\t\t\t\t\n\t\t\t\t\t\t<div class=\"gem-textbox-description gem-text-output\">\n\t\t\t\t\t\t\t<p style=\"text-align: left\">Los \u00e1caros son ara\u00f1as min\u00fasculas, invisibles a simple vista. Se alimentan de las escamas humanas.<\/p><p style=\"text-align: left\">Viven esencialmente en las camas (almohadas, colchones, edredones, etc.). Por cada gramo de polvo recogido sobre los colchones, se ha contado \u00a1de 2000 a 15000 \u00e1caros!.<\/p><ul><li style=\"text-align: left\">Las camas se deben airear bien, una vez levantados. Airear las s\u00e1banas, almohadas y mantas dos veces por semana, y pasar las aspiradora sobre el colch\u00f3n una vez a la semana.<\/li><li style=\"text-align: left\">Deben de procurar realizar la limpieza de la casa cuando el enfermo no est\u00e9 presente. La limpieza debe de realizarse con aspiradora o utilizando pa\u00f1os humedecidos (el paciente no debe entrar en la habitaci\u00f3n durante la limpieza hasta pasadas 3 \u00f3 4 horas).<\/li><li style=\"text-align: left\">En el cuarto del enfermo no debe de haber m\u00e1s que lo estrictamente indispensable, de tal forma que lo que exista pueda ser limpiado con facilidad. Evite, especialmente, alfombras, pieles de animales, moquetas, y mu\u00f1ecos de peluche. Evitar las cortinas (excepto las de algod\u00f3n lavable o pl\u00e1stico).<\/li><li style=\"text-align: left\">Cubrir los colchones y almohadas con fundas con cremallera, impermeables a los \u00e1caros. La almohada debe ser de goma-espuma y lavada una vez al mes. Lavar las mantas cada 2 semanas. Lavar las s\u00e1banas semanalmente. Lo ideal es hacer el lavado a una temperatura del agua mayor de 55 \u00baC.<\/li><li style=\"text-align: left\">Deben de cambiar con frecuencia la ropa de cama, usando material sint\u00e9tico (de Leacryl, poli\u00e9ster o similares), las cuales deben de ser lavadas peri\u00f3dicamente. Evitar material que contenga lana, miraguano, algod\u00f3n, crin, plumas). No es aconsejable que la cama del enfermo sea plegable.<\/li><li style=\"text-align: left\">Suprimir posters y libros que no se usen diariamente.<\/li><li style=\"text-align: left\">Guardar la ropa en bolsas dentro de los armarios y mantener las puertas de \u00e9stos cerradas.<\/li><li style=\"text-align: left\">Procurar que los juguetes sean de madera o de material antial\u00e9rgico (sin pelusas). Las mu\u00f1ecas deben ser lavables.<\/li><li style=\"text-align: left\">Evitar que los ni\u00f1os se sienten en el suelo en muebles tapizados o en alfombras.<\/li><li style=\"text-align: left\">Para disminuir el n\u00famero de \u00e1caros, puede usar un acaricida, siguiendo las recomendaciones del fabricante.<\/li><\/ul>\t\t\t\t\t\t<\/div>\n\n\t\t\t\t\t\n\t\t\t\t\n\t\t\t\t\n\t\t\t<\/div>\n\n\t\t<\/div>\n\n\t<\/div>\n\n\t\n\t\t<div class=\"gem-textbox-bottom gem-textbox-bottom-none default-fill\">\n\t\t\t\t<\/div>\n\t\n\t\n<\/div>\n\t\t<\/div>\n\t\t\t\t<\/div>\n\t\t\t\t<\/div>\n\t\t<div class=\"elementor-element elementor-element-2f66459 e-con-full e-flex e-con e-child\" data-id=\"2f66459\" data-element_type=\"container\" data-settings=\"{&quot;content_width&quot;:&quot;full&quot;}\">\n\t\t\t\t<div class=\"elementor-element elementor-element-0198dcc flex-horizontal-align-default flex-horizontal-align-tablet-default flex-horizontal-align-mobile-default flex-vertical-align-default flex-vertical-align-tablet-default flex-vertical-align-mobile-default elementor-widget elementor-widget-thegem-styledimage\" data-id=\"0198dcc\" data-element_type=\"widget\" data-settings=\"{&quot;image&quot;:{&quot;url&quot;:&quot;http:\\\/\\\/saicex.org\\\/wp-content\\\/uploads\\\/2024\\\/03\\\/acaros.jpg&quot;,&quot;id&quot;:1606,&quot;size&quot;:&quot;&quot;,&quot;alt&quot;:&quot;&quot;,&quot;source&quot;:&quot;library&quot;},&quot;thegem_elementor_preset&quot;:&quot;default&quot;}\" data-widget_type=\"thegem-styledimage.default\">\n\t\t\t\t<div class=\"elementor-widget-container\">\n\t\t\t\n<div class=\"styled-image-wrapper\">\n\t\t\t<div class=\"gem-image gem-wrapbox gem-wrapbox-default gem-wrapbox-position-left  \">\n\t\t\t<div class=\"gem-wrapbox-inner \" >\n\t\t\t\t\t\t\t\t\t<img decoding=\"async\" class=\"gem-wrapbox-element img-responsive \"\n\t\t\t\t\t\t src=\"https:\/\/saicex.org\/wp-content\/uploads\/2024\/03\/acaros.jpg\"\n\t\t\t\t\t\t alt=\"acaros\">\n\t\t\t\t\t\t\t\t<\/div>\n\t\t<\/div>\n\t\t<\/div>\n\n\n\t\n\t\t\t\t<\/div>\n\t\t\t\t<\/div>\n\t\t\t\t<\/div>\n\t\t\t\t\t<\/div>\n\t\t\t\t<\/div>\n\t\t\t\t<\/div>\n\t\t","protected":false},"excerpt":{"rendered":"<p>Los \u00e1caros son ara\u00f1as min\u00fasculas, invisibles a simple vista. Se alimentan de las escamas humanas. Viven esencialmente en las camas&#8230;<\/p>\n","protected":false},"author":1,"featured_media":0,"parent":0,"menu_order":0,"comment_status":"closed","ping_status":"closed","template":"page-fullwidth.php","meta":{"footnotes":""},"class_list":["post-1603","page","type-page","status-publish"],"yoast_head":"<!-- This site is optimized with the Yoast SEO plugin v22.0 - https:\/\/yoast.com\/wordpress\/plugins\/seo\/ -->\n<title>Consejo para al\u00e9rgicos a \u00e1caros - Saicex<\/title>\n<meta name=\"robots\" content=\"index, follow, max-snippet:-1, max-image-preview:large, max-video-preview:-1\" \/>\n<link rel=\"canonical\" href=\"https:\/\/saicex.org\/?page_id=1603\" \/>\n<meta property=\"og:locale\" content=\"es_ES\" \/>\n<meta property=\"og:type\" content=\"article\" \/>\n<meta property=\"og:title\" content=\"Consejo para al\u00e9rgicos a \u00e1caros - Saicex\" \/>\n<meta property=\"og:description\" content=\"Los \u00e1caros son ara\u00f1as min\u00fasculas, invisibles a simple vista. Se alimentan de las escamas humanas. Viven esencialmente en las camas...\" \/>\n<meta property=\"og:url\" content=\"https:\/\/saicex.org\/?page_id=1603\" \/>\n<meta property=\"og:site_name\" content=\"Saicex\" \/>\n<meta property=\"article:modified_time\" content=\"2024-03-05T12:38:54+00:00\" \/>\n<meta name=\"twitter:card\" content=\"summary_large_image\" \/>\n<meta name=\"twitter:label1\" content=\"Tiempo de lectura\" \/>\n\t<meta name=\"twitter:data1\" content=\"2 minutos\" \/>\n<script type=\"application\/ld+json\" class=\"yoast-schema-graph\">{\"@context\":\"https:\/\/schema.org\",\"@graph\":[{\"@type\":\"WebPage\",\"@id\":\"https:\/\/saicex.org\/?page_id=1603\",\"url\":\"https:\/\/saicex.org\/?page_id=1603\",\"name\":\"Consejo para al\u00e9rgicos a \u00e1caros - Saicex\",\"isPartOf\":{\"@id\":\"https:\/\/saicex.org\/#website\"},\"datePublished\":\"2024-03-05T11:55:24+00:00\",\"dateModified\":\"2024-03-05T12:38:54+00:00\",\"breadcrumb\":{\"@id\":\"https:\/\/saicex.org\/?page_id=1603#breadcrumb\"},\"inLanguage\":\"es\",\"potentialAction\":[{\"@type\":\"ReadAction\",\"target\":[\"https:\/\/saicex.org\/?page_id=1603\"]}]},{\"@type\":\"BreadcrumbList\",\"@id\":\"https:\/\/saicex.org\/?page_id=1603#breadcrumb\",\"itemListElement\":[{\"@type\":\"ListItem\",\"position\":1,\"name\":\"Portada\",\"item\":\"https:\/\/saicex.org\/\"},{\"@type\":\"ListItem\",\"position\":2,\"name\":\"Consejo para al\u00e9rgicos a \u00e1caros\"}]},{\"@type\":\"WebSite\",\"@id\":\"https:\/\/saicex.org\/#website\",\"url\":\"https:\/\/saicex.org\/\",\"name\":\"Saicex\",\"description\":\"\",\"potentialAction\":[{\"@type\":\"SearchAction\",\"target\":{\"@type\":\"EntryPoint\",\"urlTemplate\":\"https:\/\/saicex.org\/?s={search_term_string}\"},\"query-input\":\"required name=search_term_string\"}],\"inLanguage\":\"es\"}]}<\/script>\n<!-- \/ Yoast SEO plugin. -->","yoast_head_json":{"title":"Consejo para al\u00e9rgicos a \u00e1caros - Saicex","robots":{"index":"index","follow":"follow","max-snippet":"max-snippet:-1","max-image-preview":"max-image-preview:large","max-video-preview":"max-video-preview:-1"},"canonical":"https:\/\/saicex.org\/?page_id=1603","og_locale":"es_ES","og_type":"article","og_title":"Consejo para al\u00e9rgicos a \u00e1caros - Saicex","og_description":"Los \u00e1caros son ara\u00f1as min\u00fasculas, invisibles a simple vista. Se alimentan de las escamas humanas. Viven esencialmente en las camas...","og_url":"https:\/\/saicex.org\/?page_id=1603","og_site_name":"Saicex","article_modified_time":"2024-03-05T12:38:54+00:00","twitter_card":"summary_large_image","twitter_misc":{"Tiempo de lectura":"2 minutos"},"schema":{"@context":"https:\/\/schema.org","@graph":[{"@type":"WebPage","@id":"https:\/\/saicex.org\/?page_id=1603","url":"https:\/\/saicex.org\/?page_id=1603","name":"Consejo para al\u00e9rgicos a \u00e1caros - Saicex","isPartOf":{"@id":"https:\/\/saicex.org\/#website"},"datePublished":"2024-03-05T11:55:24+00:00","dateModified":"2024-03-05T12:38:54+00:00","breadcrumb":{"@id":"https:\/\/saicex.org\/?page_id=1603#breadcrumb"},"inLanguage":"es","potentialAction":[{"@type":"ReadAction","target":["https:\/\/saicex.org\/?page_id=1603"]}]},{"@type":"BreadcrumbList","@id":"https:\/\/saicex.org\/?page_id=1603#breadcrumb","itemListElement":[{"@type":"ListItem","position":1,"name":"Portada","item":"https:\/\/saicex.org\/"},{"@type":"ListItem","position":2,"name":"Consejo para al\u00e9rgicos a \u00e1caros"}]},{"@type":"WebSite","@id":"https:\/\/saicex.org\/#website","url":"https:\/\/saicex.org\/","name":"Saicex","description":"","potentialAction":[{"@type":"SearchAction","target":{"@type":"EntryPoint","urlTemplate":"https:\/\/saicex.org\/?s={search_term_string}"},"query-input":"required name=search_term_string"}],"inLanguage":"es"}]}},"_links":{"self":[{"href":"https:\/\/saicex.org\/index.php?rest_route=\/wp\/v2\/pages\/1603","targetHints":{"allow":["GET"]}}],"collection":[{"href":"https:\/\/saicex.org\/index.php?rest_route=\/wp\/v2\/pages"}],"about":[{"href":"https:\/\/saicex.org\/index.php?rest_route=\/wp\/v2\/types\/page"}],"author":[{"embeddable":true,"href":"https:\/\/saicex.org\/index.php?rest_route=\/wp\/v2\/users\/1"}],"replies":[{"embeddable":true,"href":"https:\/\/saicex.org\/index.php?rest_route=%2Fwp%2Fv2%2Fcomments&post=1603"}],"version-history":[{"count":7,"href":"https:\/\/saicex.org\/index.php?rest_route=\/wp\/v2\/pages\/1603\/revisions"}],"predecessor-version":[{"id":1640,"href":"https:\/\/saicex.org\/index.php?rest_route=\/wp\/v2\/pages\/1603\/revisions\/1640"}],"wp:attachment":[{"href":"https:\/\/saicex.org\/index.php?rest_route=%2Fwp%2Fv2%2Fmedia&parent=1603"}],"curies":[{"name":"wp","href":"https:\/\/api.w.org\/{rel}","templated":true}]}}