{"id":1587,"date":"2024-03-05T11:31:21","date_gmt":"2024-03-05T11:31:21","guid":{"rendered":"http:\/\/saicex.org\/?page_id=1587"},"modified":"2024-03-05T11:53:19","modified_gmt":"2024-03-05T11:53:19","slug":"consejo-para-alergicos-a-epitelio-de-animales","status":"publish","type":"page","link":"https:\/\/saicex.org\/?page_id=1587","title":{"rendered":"Consejo para al\u00e9rgicos a epitelio de animales"},"content":{"rendered":"\t\t<div data-elementor-type=\"wp-page\" data-elementor-id=\"1587\" class=\"elementor elementor-1587\">\n\t\t\t\t<div class=\"elementor-element elementor-element-fbc3ae7 e-flex e-con-boxed e-con e-parent\" data-id=\"fbc3ae7\" data-element_type=\"container\" data-settings=\"{&quot;content_width&quot;:&quot;boxed&quot;}\" data-core-v316-plus=\"true\">\n\t\t\t\t\t<div class=\"e-con-inner\">\n\t\t<div class=\"elementor-element elementor-element-e023053 e-con-full e-flex e-con e-child\" data-id=\"e023053\" data-element_type=\"container\" data-settings=\"{&quot;content_width&quot;:&quot;full&quot;}\">\n\t\t\t\t<div class=\"elementor-element elementor-element-66f764d flex-horizontal-align-default flex-horizontal-align-tablet-default flex-horizontal-align-mobile-default flex-vertical-align-default flex-vertical-align-tablet-default flex-vertical-align-mobile-default elementor-widget elementor-widget-thegem-styled-textbox\" data-id=\"66f764d\" data-element_type=\"widget\" data-settings=\"{&quot;thegem_elementor_preset&quot;:&quot;basic&quot;}\" data-widget_type=\"thegem-styled-textbox.default\">\n\t\t\t\t<div class=\"elementor-widget-container\">\n\t\t\t\n<div class=\"gem-textbox styled-textbox-basic\">\n\n\t\n\t\t<div class=\"gem-textbox-top gem-textbox-top-none default-fill\">\n\t\t\t\t\t<\/div>\n\t\n\t<div class=\"gem-textbox-inner\">\n\n\t\t<div class=\"gem-textbox-content default-background icon-top gem-textbox-icon-image-wrapping-none\">\n\n\t\t\t\t\t\t\t<div class=\"gem-texbox-icon-image-wrapper\">\n\n\t\t\t\t\t\t\t\t\t\t\t<div class=\"icon-top \">\n\t\t\t\t\t\t\t<div class=\"gem-textbox-icon\">\n\t\t\t\t\t\t\t\t<div class=\"elementor-icon\">\n\t\t\t\t\t\t\t\t\t\t\t\t\t\t\t\t\t<\/div>\n\t\t\t\t\t\t\t<\/div>\n\t\t\t\t\t\t<\/div>\n\t\t\t\t\t\n\t\t\t\t\t\n\t\t\t\t<\/div>\n\t\t\t\n\t\t\t<div class=\"gem-texbox-text-wrapper\">\n\n\t\t\t\t\t\t\t\t\t\n\t\t\t\t\t\n\t\t\t\t\t\t<div class=\"gem-textbox-description gem-text-output\">\n\t\t\t\t\t\t\t<div class=\"sections_group\"><div class=\"entry-content\"><div class=\"section the_content has_content\"><div class=\"section_wrapper\"><div class=\"the_content_wrapper\"><ul><li style=\"text-align: left\">Retirarlos del domicilio siempre que sea posible.<\/li><li style=\"text-align: left\">El enfermo no debe mantener contacto directo ni indirecto con el tipo de animal al que est\u00e1 sensibilizado.<\/li><li style=\"text-align: left\">Debido a la frecuente aparici\u00f3n de sensibilizaciones cruzadas, se recomienda evitar el contacto con cualquier tipo de mam\u00edfero.<\/li><li style=\"text-align: left\">No es suficiente con que el paciente no tenga animales para que desaparezcan los s\u00edntomas asociados, tampoco se recomienda acudir a los domicilios de parientes o amigos que convivan con ellos.<\/li><li style=\"text-align: left\">Advertir en el colegio o trabajo la alergia a epitelios\/caspa de animales para evitar, en la medida de lo posible, compa\u00f1eros de pupitre o trabajo pr\u00f3ximos que tengan animales en su domicilio.<\/li><li style=\"text-align: left\">Una vez que se ha retirado el animal del domicilio. Limpiar profundamente cojines, alfombras, sofas, sillas tapizadas ya que son reservorios de alergenos durante muchos meses, despu\u00e9s de la ausencia del animal.<\/li><li style=\"text-align: left\">De ser absolutamente imposible retirarlo debe permanecer en el exterior de la casa y restringirle el paso a zonas de alfombras y moquetas. No debe entrar en la habitaci\u00f3n del paciente. Ba\u00f1o semanal y aplicaci\u00f3n de productos que disminuyan la presencia del al\u00e9rgeno.<\/li><li style=\"text-align: left\">La lucha contra la contaminaci\u00f3n atmosf\u00e9rica, y en particular sobre el tabaquismo pasivo es muy importante, dado que aumenta el riesgo de sensibilizaci\u00f3n al\u00e9rgica en los ni\u00f1os, y aumenta la frecuencia en intensidad de las exacerbaciones.<\/li><\/ul><\/div><\/div><\/div><\/div><\/div>\t\t\t\t\t\t<\/div>\n\n\t\t\t\t\t\n\t\t\t\t\n\t\t\t\t\n\t\t\t<\/div>\n\n\t\t<\/div>\n\n\t<\/div>\n\n\t\n\t\t<div class=\"gem-textbox-bottom gem-textbox-bottom-none default-fill\">\n\t\t\t\t<\/div>\n\t\n\t\n<\/div>\n\t\t<\/div>\n\t\t\t\t<\/div>\n\t\t\t\t<\/div>\n\t\t<div class=\"elementor-element elementor-element-2f66459 e-con-full e-flex e-con e-child\" data-id=\"2f66459\" data-element_type=\"container\" data-settings=\"{&quot;content_width&quot;:&quot;full&quot;}\">\n\t\t\t\t<div class=\"elementor-element elementor-element-0198dcc flex-horizontal-align-default flex-horizontal-align-tablet-default flex-horizontal-align-mobile-default flex-vertical-align-default flex-vertical-align-tablet-default flex-vertical-align-mobile-default elementor-widget elementor-widget-thegem-styledimage\" data-id=\"0198dcc\" data-element_type=\"widget\" data-settings=\"{&quot;image&quot;:{&quot;url&quot;:&quot;http:\\\/\\\/saicex.org\\\/wp-content\\\/uploads\\\/2024\\\/03\\\/epitelio-de-animales.jpg&quot;,&quot;id&quot;:1590,&quot;size&quot;:&quot;&quot;,&quot;alt&quot;:&quot;&quot;,&quot;source&quot;:&quot;library&quot;},&quot;thegem_elementor_preset&quot;:&quot;default&quot;}\" data-widget_type=\"thegem-styledimage.default\">\n\t\t\t\t<div class=\"elementor-widget-container\">\n\t\t\t\n<div class=\"styled-image-wrapper\">\n\t\t\t<div class=\"gem-image gem-wrapbox gem-wrapbox-default gem-wrapbox-position-left  \">\n\t\t\t<div class=\"gem-wrapbox-inner \" >\n\t\t\t\t\t\t\t\t\t<img decoding=\"async\" class=\"gem-wrapbox-element img-responsive \"\n\t\t\t\t\t\t src=\"https:\/\/saicex.org\/wp-content\/uploads\/2024\/03\/epitelio-de-animales.jpg\"\n\t\t\t\t\t\t alt=\"epitelio de animales\">\n\t\t\t\t\t\t\t\t<\/div>\n\t\t<\/div>\n\t\t<\/div>\n\n\n\t\n\t\t\t\t<\/div>\n\t\t\t\t<\/div>\n\t\t\t\t<\/div>\n\t\t\t\t\t<\/div>\n\t\t\t\t<\/div>\n\t\t\t\t<\/div>\n\t\t","protected":false},"excerpt":{"rendered":"<p>Retirarlos del domicilio siempre que sea posible. El enfermo no debe mantener contacto directo ni indirecto con el tipo de&#8230;<\/p>\n","protected":false},"author":1,"featured_media":0,"parent":0,"menu_order":0,"comment_status":"closed","ping_status":"closed","template":"page-fullwidth.php","meta":{"footnotes":""},"class_list":["post-1587","page","type-page","status-publish"],"yoast_head":"<!-- This site is optimized with the Yoast SEO plugin v22.0 - https:\/\/yoast.com\/wordpress\/plugins\/seo\/ -->\n<title>Consejo para al\u00e9rgicos a epitelio de animales - Saicex<\/title>\n<meta name=\"robots\" content=\"index, follow, max-snippet:-1, max-image-preview:large, max-video-preview:-1\" \/>\n<link rel=\"canonical\" href=\"https:\/\/saicex.org\/?page_id=1587\" \/>\n<meta property=\"og:locale\" content=\"es_ES\" \/>\n<meta property=\"og:type\" content=\"article\" \/>\n<meta property=\"og:title\" content=\"Consejo para al\u00e9rgicos a epitelio de animales - Saicex\" \/>\n<meta property=\"og:description\" content=\"Retirarlos del domicilio siempre que sea posible. El enfermo no debe mantener contacto directo ni indirecto con el tipo de...\" \/>\n<meta property=\"og:url\" content=\"https:\/\/saicex.org\/?page_id=1587\" \/>\n<meta property=\"og:site_name\" content=\"Saicex\" \/>\n<meta property=\"article:modified_time\" content=\"2024-03-05T11:53:19+00:00\" \/>\n<meta name=\"twitter:card\" content=\"summary_large_image\" \/>\n<meta name=\"twitter:label1\" content=\"Tiempo de lectura\" \/>\n\t<meta name=\"twitter:data1\" content=\"1 minuto\" \/>\n<script type=\"application\/ld+json\" class=\"yoast-schema-graph\">{\"@context\":\"https:\/\/schema.org\",\"@graph\":[{\"@type\":\"WebPage\",\"@id\":\"https:\/\/saicex.org\/?page_id=1587\",\"url\":\"https:\/\/saicex.org\/?page_id=1587\",\"name\":\"Consejo para al\u00e9rgicos a epitelio de animales - Saicex\",\"isPartOf\":{\"@id\":\"https:\/\/saicex.org\/#website\"},\"datePublished\":\"2024-03-05T11:31:21+00:00\",\"dateModified\":\"2024-03-05T11:53:19+00:00\",\"breadcrumb\":{\"@id\":\"https:\/\/saicex.org\/?page_id=1587#breadcrumb\"},\"inLanguage\":\"es\",\"potentialAction\":[{\"@type\":\"ReadAction\",\"target\":[\"https:\/\/saicex.org\/?page_id=1587\"]}]},{\"@type\":\"BreadcrumbList\",\"@id\":\"https:\/\/saicex.org\/?page_id=1587#breadcrumb\",\"itemListElement\":[{\"@type\":\"ListItem\",\"position\":1,\"name\":\"Portada\",\"item\":\"https:\/\/saicex.org\/\"},{\"@type\":\"ListItem\",\"position\":2,\"name\":\"Consejo para al\u00e9rgicos a epitelio de animales\"}]},{\"@type\":\"WebSite\",\"@id\":\"https:\/\/saicex.org\/#website\",\"url\":\"https:\/\/saicex.org\/\",\"name\":\"Saicex\",\"description\":\"\",\"potentialAction\":[{\"@type\":\"SearchAction\",\"target\":{\"@type\":\"EntryPoint\",\"urlTemplate\":\"https:\/\/saicex.org\/?s={search_term_string}\"},\"query-input\":\"required name=search_term_string\"}],\"inLanguage\":\"es\"}]}<\/script>\n<!-- \/ Yoast SEO plugin. -->","yoast_head_json":{"title":"Consejo para al\u00e9rgicos a epitelio de animales - Saicex","robots":{"index":"index","follow":"follow","max-snippet":"max-snippet:-1","max-image-preview":"max-image-preview:large","max-video-preview":"max-video-preview:-1"},"canonical":"https:\/\/saicex.org\/?page_id=1587","og_locale":"es_ES","og_type":"article","og_title":"Consejo para al\u00e9rgicos a epitelio de animales - Saicex","og_description":"Retirarlos del domicilio siempre que sea posible. El enfermo no debe mantener contacto directo ni indirecto con el tipo de...","og_url":"https:\/\/saicex.org\/?page_id=1587","og_site_name":"Saicex","article_modified_time":"2024-03-05T11:53:19+00:00","twitter_card":"summary_large_image","twitter_misc":{"Tiempo de lectura":"1 minuto"},"schema":{"@context":"https:\/\/schema.org","@graph":[{"@type":"WebPage","@id":"https:\/\/saicex.org\/?page_id=1587","url":"https:\/\/saicex.org\/?page_id=1587","name":"Consejo para al\u00e9rgicos a epitelio de animales - Saicex","isPartOf":{"@id":"https:\/\/saicex.org\/#website"},"datePublished":"2024-03-05T11:31:21+00:00","dateModified":"2024-03-05T11:53:19+00:00","breadcrumb":{"@id":"https:\/\/saicex.org\/?page_id=1587#breadcrumb"},"inLanguage":"es","potentialAction":[{"@type":"ReadAction","target":["https:\/\/saicex.org\/?page_id=1587"]}]},{"@type":"BreadcrumbList","@id":"https:\/\/saicex.org\/?page_id=1587#breadcrumb","itemListElement":[{"@type":"ListItem","position":1,"name":"Portada","item":"https:\/\/saicex.org\/"},{"@type":"ListItem","position":2,"name":"Consejo para al\u00e9rgicos a epitelio de animales"}]},{"@type":"WebSite","@id":"https:\/\/saicex.org\/#website","url":"https:\/\/saicex.org\/","name":"Saicex","description":"","potentialAction":[{"@type":"SearchAction","target":{"@type":"EntryPoint","urlTemplate":"https:\/\/saicex.org\/?s={search_term_string}"},"query-input":"required name=search_term_string"}],"inLanguage":"es"}]}},"_links":{"self":[{"href":"https:\/\/saicex.org\/index.php?rest_route=\/wp\/v2\/pages\/1587","targetHints":{"allow":["GET"]}}],"collection":[{"href":"https:\/\/saicex.org\/index.php?rest_route=\/wp\/v2\/pages"}],"about":[{"href":"https:\/\/saicex.org\/index.php?rest_route=\/wp\/v2\/types\/page"}],"author":[{"embeddable":true,"href":"https:\/\/saicex.org\/index.php?rest_route=\/wp\/v2\/users\/1"}],"replies":[{"embeddable":true,"href":"https:\/\/saicex.org\/index.php?rest_route=%2Fwp%2Fv2%2Fcomments&post=1587"}],"version-history":[{"count":13,"href":"https:\/\/saicex.org\/index.php?rest_route=\/wp\/v2\/pages\/1587\/revisions"}],"predecessor-version":[{"id":1602,"href":"https:\/\/saicex.org\/index.php?rest_route=\/wp\/v2\/pages\/1587\/revisions\/1602"}],"wp:attachment":[{"href":"https:\/\/saicex.org\/index.php?rest_route=%2Fwp%2Fv2%2Fmedia&parent=1587"}],"curies":[{"name":"wp","href":"https:\/\/api.w.org\/{rel}","templated":true}]}}